{"id":3016,"date":"2023-03-15T12:28:33","date_gmt":"2023-03-15T11:28:33","guid":{"rendered":"https:\/\/nicolefragrance.se\/?post_type=product&#038;p=3016"},"modified":"2025-07-07T07:46:35","modified_gmt":"2025-07-07T05:46:35","slug":"givenchy-linterdit-rouge-nicole-edp","status":"publish","type":"product","link":"https:\/\/nicolefragrance.se\/hr\/proizvod\/givenchy-linterdit-rouge-nicole-edp\/","title":{"rendered":"Nicole 2036 EDP inspiriran s L Interdit Rouge Givenchy"},"content":{"rendered":"<p><strong>Givenchy L&#8217;Interdit Rouge<\/strong> je mirisni dragulj u svijetu parfema, predstavljen 2021. godine. Njegova izuzetna aroma donosi svje\u017einu cvjetnih nota uz tople zemljane akorde, stvaraju\u0107i jedinstvenu i privla\u010dnu simfoniju mirisa.<\/p>\n<p>Ovaj dragocijeni \u017eenski parfem je zajedni\u010dko djelo nekoliko najboljih svjetskih parfimera \u010dije vje\u0161tine su rezultirale savr\u0161enim skladom mirisnih nota. Gornje note parfema uklju\u010duju \u0111umbir i krvavu naran\u010du, dok se u srcu ovog mirisa isti\u010du tuberoza, jasmin i listovi pimenta. Baza parfema obuhva\u0107a sandalovinu, pa\u010duli i vetiver, stvaraju\u0107i senzualni i zemljani zavr\u0161etak.<\/p>\n<p><strong>L&#8217;Interdit Rouge by Givenchy <\/strong> odi\u0161e suptilnom elegancijom i profinjeno\u0161\u0107u, isti\u010du\u0107i va\u0161u unutra\u0161nju ljepotu na neodoljiv i privla\u010dan na\u010din. Uz o\u010daravaju\u0107i za\u010dinski crveni akord sastavljen od naran\u010de, \u0111umbira i listova pimenta, ovaj parfem ostavlja neodoljiv i intrigantan trag. Glatka sandalovina dodaje notu topline i dubine, stvaraju\u0107i osje\u0107aj udobnosti i elegancije tijekom hladnih jesenskih mjeseci.<\/p>\n<p><strong>Givenchy L&#8217;Interdit Rouge<\/strong> je parfem koji pru\u017ea osje\u0107aj luksuza i rasko\u0161i, isti\u010du\u0107i va\u0161u jedinstvenost i samopouzdanje. U\u017eivajte u senzualnosti i privla\u010dnosti koju pru\u017ea ova prefinjena aroma, nagla\u0161avaju\u0107i va\u0161u unutra\u0161nju ljepotu na suptilan i elegantan na\u010din.<\/p>\n","protected":false},"excerpt":{"rendered":"<p>Givenchy L&#8217;Interdit Rouge odi\u0161e suptilnom elegancijom i profinjeno\u0161\u0107u, isti\u010du\u0107i va\u0161u unutra\u0161nju ljepotu na neodoljiv i privla\u010dan na\u010din. Ovo\u00a0je parfem koji pru\u017ea osje\u0107aj luksuza i rasko\u0161i, isti\u010du\u0107i va\u0161u jedinstvenost i samopouzdanje. U\u017eivajte u senzualnosti i privla\u010dnosti koju pru\u017ea ova profinjena aroma, nagla\u0161avaju\u0107i va\u0161u unutra\u0161nju ljepotu na suptilan i elegantan na\u010din.<\/p>\n","protected":false},"featured_media":26618,"comment_status":"open","ping_status":"closed","template":"","meta":{"_acf_changed":false},"product_brand":[],"product_cat":[200,186],"product_tag":[],"class_list":{"0":"post-3016","1":"product","2":"type-product","3":"status-publish","4":"has-post-thumbnail","6":"product_cat-givenchy-marka","7":"product_cat-za-zene","9":"first","10":"instock","11":"taxable","12":"shipping-taxable","13":"purchasable","14":"product-type-variable","15":"has-default-attributes"},"acf":[],"_links":{"self":[{"href":"https:\/\/nicolefragrance.se\/hr\/wp-json\/wp\/v2\/product\/3016","targetHints":{"allow":["GET"]}}],"collection":[{"href":"https:\/\/nicolefragrance.se\/hr\/wp-json\/wp\/v2\/product"}],"about":[{"href":"https:\/\/nicolefragrance.se\/hr\/wp-json\/wp\/v2\/types\/product"}],"replies":[{"embeddable":true,"href":"https:\/\/nicolefragrance.se\/hr\/wp-json\/wp\/v2\/comments?post=3016"}],"version-history":[{"count":0,"href":"https:\/\/nicolefragrance.se\/hr\/wp-json\/wp\/v2\/product\/3016\/revisions"}],"wp:featuredmedia":[{"embeddable":true,"href":"https:\/\/nicolefragrance.se\/hr\/wp-json\/wp\/v2\/media\/26618"}],"wp:attachment":[{"href":"https:\/\/nicolefragrance.se\/hr\/wp-json\/wp\/v2\/media?parent=3016"}],"wp:term":[{"taxonomy":"product_brand","embeddable":true,"href":"https:\/\/nicolefragrance.se\/hr\/wp-json\/wp\/v2\/product_brand?post=3016"},{"taxonomy":"product_cat","embeddable":true,"href":"https:\/\/nicolefragrance.se\/hr\/wp-json\/wp\/v2\/product_cat?post=3016"},{"taxonomy":"product_tag","embeddable":true,"href":"https:\/\/nicolefragrance.se\/hr\/wp-json\/wp\/v2\/product_tag?post=3016"}],"curies":[{"name":"wp","href":"https:\/\/api.w.org\/{rel}","templated":true}]}}