{"id":3004,"date":"2023-03-15T07:42:12","date_gmt":"2023-03-15T06:42:12","guid":{"rendered":"https:\/\/nicolefragrance.se\/?post_type=product&#038;p=3004"},"modified":"2025-07-07T07:48:45","modified_gmt":"2025-07-07T05:48:45","slug":"givenchy-l-interdit-nicole-edp","status":"publish","type":"product","link":"https:\/\/nicolefragrance.se\/hr\/proizvod\/givenchy-l-interdit-nicole-edp\/","title":{"rendered":"Nicole 2035 EDP inspiriran s L Interdit Givenchy"},"content":{"rendered":"<p><strong>L&#8217;Interdit by Givenchy<\/strong> je \u017eenski parfem koji zra\u010di dare\u017eljivom svjetlo\u0161\u0107u, neustra\u0161ivo\u0161\u0107u i elegantno\u0161\u0107u. Lansiran 2018. godine, L&#8217;Interdit je parfemski dragulj koji istra\u017euje kontrast izme\u0111u buketa bijelih cvjetova i intenzivnih drvenastih i zemljanih nota pa\u010dulija i vetivera.<\/p>\n<p>Miris se otvara akordima kru\u0161ke i bergamota. U srcu parfema le\u017ei o\u010daravaju\u0107i buket bijelih cvjetova &#8211; jasmin, tuberoza i cvijet naran\u010de zajedno stvaraju cvjetnu simfoniju koja je elegantna i moderna. Ove note doprinose dubini i senzualnosti mirisu. Predivne cvjetne note savr\u0161eno kontrastiraju sa sna\u017enim drvenastim notama pa\u010dulija i vetivera u bazi parfema. Ove note pru\u017eaju osnovu mirisu, dodaju\u0107i mu trajnost i dubinu.<\/p>\n<p><strong>Givenchy L&#8217;Interdit<\/strong> je miris koji ne poznaje granice. On je hrabar i neustra\u0161iv, a istovremeno elegantan. Ovo je parfem koji vas osna\u017euje na putovanju samootkrivanja i hrabro prelazi granice konvencionalnosti.<\/p>\n<p><strong>L&#8217;Interdit<\/strong> je miris osloba\u0111anja i elegancije. Njegova kontrastna kombinacija cvjetnih nota i drvenastih akorda \u010dini ga nezaboravnim i zaraznim. Ako tra\u017eite parfem koji \u0107e vas inspirirati da budete hrabri i istra\u017eite svoje dublje strane, L&#8217;Interdit je pravi izbor. Ovo je miris hrabrih i elegantnih \u017eena koje se ne boje da prije\u0111u granice.<\/p>\n","protected":false},"excerpt":{"rendered":"<p>Givenchy L&#8217;Interdit je hrabar i neustra\u0161iv, a istovremeno elegantan miris. Ovo je parfem koji vas osna\u017euje na putovanju samootkrivanja i hrabro prelazi granice konvencionalnosti. Ako tra\u017eite parfem koji \u0107e vas inspirirati da budete hrabri i istra\u017eite svoje dublje strane, L&#8217;Interdit je pravi izbor. Ovo je miris hrabrih i elegantnih \u017eena koje se ne boje prije\u0107i granice.<\/p>\n","protected":false},"featured_media":26629,"comment_status":"open","ping_status":"closed","template":"","meta":{"_acf_changed":false},"product_brand":[],"product_cat":[200,186],"product_tag":[],"class_list":{"0":"post-3004","1":"product","2":"type-product","3":"status-publish","4":"has-post-thumbnail","6":"product_cat-givenchy-marka","7":"product_cat-za-zene","9":"first","10":"instock","11":"taxable","12":"shipping-taxable","13":"purchasable","14":"product-type-variable","15":"has-default-attributes"},"acf":[],"_links":{"self":[{"href":"https:\/\/nicolefragrance.se\/hr\/wp-json\/wp\/v2\/product\/3004","targetHints":{"allow":["GET"]}}],"collection":[{"href":"https:\/\/nicolefragrance.se\/hr\/wp-json\/wp\/v2\/product"}],"about":[{"href":"https:\/\/nicolefragrance.se\/hr\/wp-json\/wp\/v2\/types\/product"}],"replies":[{"embeddable":true,"href":"https:\/\/nicolefragrance.se\/hr\/wp-json\/wp\/v2\/comments?post=3004"}],"version-history":[{"count":0,"href":"https:\/\/nicolefragrance.se\/hr\/wp-json\/wp\/v2\/product\/3004\/revisions"}],"wp:featuredmedia":[{"embeddable":true,"href":"https:\/\/nicolefragrance.se\/hr\/wp-json\/wp\/v2\/media\/26629"}],"wp:attachment":[{"href":"https:\/\/nicolefragrance.se\/hr\/wp-json\/wp\/v2\/media?parent=3004"}],"wp:term":[{"taxonomy":"product_brand","embeddable":true,"href":"https:\/\/nicolefragrance.se\/hr\/wp-json\/wp\/v2\/product_brand?post=3004"},{"taxonomy":"product_cat","embeddable":true,"href":"https:\/\/nicolefragrance.se\/hr\/wp-json\/wp\/v2\/product_cat?post=3004"},{"taxonomy":"product_tag","embeddable":true,"href":"https:\/\/nicolefragrance.se\/hr\/wp-json\/wp\/v2\/product_tag?post=3004"}],"curies":[{"name":"wp","href":"https:\/\/api.w.org\/{rel}","templated":true}]}}