{"id":2992,"date":"2023-01-26T10:23:15","date_gmt":"2023-01-26T09:23:15","guid":{"rendered":"https:\/\/nicolefragrance.se\/?post_type=product&#038;p=2992"},"modified":"2025-07-07T07:50:22","modified_gmt":"2025-07-07T05:50:22","slug":"erba-pura-sospiro-nicole-edp","status":"publish","type":"product","link":"https:\/\/nicolefragrance.se\/hr\/proizvod\/erba-pura-sospiro-nicole-edp\/","title":{"rendered":"Nicole 3029 EDP inspiriran s Erba Pura Sospiro"},"content":{"rendered":"<p><strong>Erba Pura Sospiro<\/strong> je univerzalna mirisna poslastica koja \u0107e vas osvojiti svojom dubinom i luksuzom. Ovaj unisex parfem, lansiran 2013. godine, predstavlja istinsku rasko\u0161 orijentalno-amber mirisne porodice i namijenjen je pripadnicima oba spola.<\/p>\n<p>Njegova mo\u0107na i kompleksna kompozicija o\u010darati \u0107e vas na prvi miris. Na samom po\u010detku, do\u010dekuju vas svijetle i svje\u017ee note naran\u010de, bergamota i limuna. Ove note odmah privla\u010de pa\u017enju svojom svje\u017einom i citrusnim sjajem. U srednjim notama, osjetiti \u0107ete bogatstvo vo\u0107nih aroma, koje ovom parfemu dodaju slatku i so\u010dnu dimenziju. Ipak, ono \u0161to <strong>Erba Pura<\/strong> \u010dini posebnim su njegove bazne note. Bijeli mo\u0161us, amber i vanilija sa Madagaskara stvaraju dubok i zavodljiv trag koji ostaje na ko\u017ei tijekom cijelog dana ili no\u0107i.<\/p>\n<p>Ovaj miris je ne samo kvalitetan, ve\u0107 i izuzetno postojan, \u0161to ga \u010dini savr\u0161enim izborom za posebne prilike, ali i za svakodnevno no\u0161enje.<\/p>\n<p><strong>Erba Pura Sospiro<\/strong> je poput \u010darobnog napitka koji o\u017eivljava va\u0161u aura na apstraktan i luksuzan na\u010din. Miris koji ostavlja trag, \u010dini vas primjetnim i ostavlja utisak.<\/p>\n<p>Ovaj miris je apsolutno neodoljiv i pru\u017ea dugotrajan osje\u0107aj luksuza i elegancije. U\u017eivajte u \u010darima ovog profinjenog parfema i budite spremni da budete zapam\u0107eni gdje god da se pojavite.<\/p>\n","protected":false},"excerpt":{"rendered":"<p>Erba Pura Sospiro je poput \u010darobnog napitka koji o\u017eivljava va\u0161u auru na apstraktan i luksuzan na\u010din. Miris koji ostavlja trag, \u010dini vas primjetnim i ostavlja utisak.\u00a0Ovaj parfem je apsolutno neodoljiv i pru\u017ea dugotrajan osje\u0107aj luksuza i elegancije. U\u017eivajte u \u010darima ovog profinjenog mirisa i budite spremni da budete zapam\u0107eni gdje god da se pojavite.<\/p>\n","protected":false},"featured_media":26640,"comment_status":"open","ping_status":"closed","template":"","meta":{"_acf_changed":false},"product_brand":[],"product_cat":[246,188,187,186],"product_tag":[],"class_list":{"0":"post-2992","1":"product","2":"type-product","3":"status-publish","4":"has-post-thumbnail","6":"product_cat-sospiro-marka","7":"product_cat-unisex","8":"product_cat-za-muskarce","9":"product_cat-za-zene","11":"first","12":"instock","13":"sale","14":"taxable","15":"shipping-taxable","16":"purchasable","17":"product-type-variable","18":"has-default-attributes"},"acf":[],"_links":{"self":[{"href":"https:\/\/nicolefragrance.se\/hr\/wp-json\/wp\/v2\/product\/2992","targetHints":{"allow":["GET"]}}],"collection":[{"href":"https:\/\/nicolefragrance.se\/hr\/wp-json\/wp\/v2\/product"}],"about":[{"href":"https:\/\/nicolefragrance.se\/hr\/wp-json\/wp\/v2\/types\/product"}],"replies":[{"embeddable":true,"href":"https:\/\/nicolefragrance.se\/hr\/wp-json\/wp\/v2\/comments?post=2992"}],"version-history":[{"count":0,"href":"https:\/\/nicolefragrance.se\/hr\/wp-json\/wp\/v2\/product\/2992\/revisions"}],"wp:featuredmedia":[{"embeddable":true,"href":"https:\/\/nicolefragrance.se\/hr\/wp-json\/wp\/v2\/media\/26640"}],"wp:attachment":[{"href":"https:\/\/nicolefragrance.se\/hr\/wp-json\/wp\/v2\/media?parent=2992"}],"wp:term":[{"taxonomy":"product_brand","embeddable":true,"href":"https:\/\/nicolefragrance.se\/hr\/wp-json\/wp\/v2\/product_brand?post=2992"},{"taxonomy":"product_cat","embeddable":true,"href":"https:\/\/nicolefragrance.se\/hr\/wp-json\/wp\/v2\/product_cat?post=2992"},{"taxonomy":"product_tag","embeddable":true,"href":"https:\/\/nicolefragrance.se\/hr\/wp-json\/wp\/v2\/product_tag?post=2992"}],"curies":[{"name":"wp","href":"https:\/\/api.w.org\/{rel}","templated":true}]}}