{"id":2980,"date":"2023-01-09T10:18:44","date_gmt":"2023-01-09T09:18:44","guid":{"rendered":"https:\/\/nicolefragrance.se\/?post_type=product&#038;p=2980"},"modified":"2026-02-06T13:47:39","modified_gmt":"2026-02-06T12:47:39","slug":"prada-paradoxe-nicole-edp","status":"publish","type":"product","link":"https:\/\/nicolefragrance.se\/hr\/proizvod\/prada-paradoxe-nicole-edp\/","title":{"rendered":"Nicole 2034 EDP inspiriran s Paradoxe Prada"},"content":{"rendered":"<p><strong>Prada Paradoxe<\/strong> udobno se smiruje u cvjetno-amber obiteljskoj grupi \u017eenskih mirisa, istra\u017euju\u0107i senzualnu \u017eensku energiju sa samo nekoliko prskanja.<\/p>\n<p>Gornje note sadr\u017ee dragocijeni bergamot, citrusnu kombinaciju mandarine i kru\u0161ke, dok srce mirisa isti\u010de neroli i cvjetne note. Baza ovog parfema sastoji se od vanilije i ambera. Ovaj cvjetni \u017eenski parfem vas poziva da istra\u017eujete i izra\u017eavate paradoksalnu vi\u0161edimenzionalnost \u017eene.<\/p>\n<p>Od svog lansiranja do danas, <strong>Prada Paradoxe<\/strong> je brzo postao izuzetno po\u017eeljan i ikoni\u010dan miris. Ovaj parfem se ne ograni\u010dava samo na mirisno iskustvo, ve\u0107 poziva nosioca da zaroni u dubine \u017eenske su\u0161tine. Njegove note cvjetnih i amber akorda \u010dine ga idealnim izborom za sve prilike &#8211; od svakodnevnog no\u0161enja do posebnih trenutaka.<\/p>\n<p><strong>Prada Paradoxe<\/strong> nije samo parfem, ve\u0107 pravo umjetni\u010dko djelo koje prenosi esenciju modernosti, senzualnosti i \u017eenstvenosti. Ovo je miris za samouvjerenu, sna\u017enu \u017eenu koja \u017eeli da se istakne i ostavi neizbrisiv trag gdje god da kro\u010di. Uz Prada Paradoxe, izra\u017eavanje svoje jedinstvene pri\u010de nikada nije bilo tako luksuzno i inspirativno.<\/p>\n","protected":false},"excerpt":{"rendered":"<p>Prada Paradoxe nije samo parfem, ve\u0107 pravo umjetni\u010dko djelo koje prenosi esenciju modernosti, senzualnosti i \u017eenstvenosti. Ovo je miris za samouvjerenu, sna\u017enu \u017eenu koja se \u017eeli istaknuti i ostaviti neizbrisiv trag gdje god da kro\u010di. Uz Prada Paradoxe, izra\u017eavanje svoje jedinstvene pri\u010de nikada nije bilo tako luksuzno i inspirativno.<\/p>\n","protected":false},"featured_media":26651,"comment_status":"open","ping_status":"closed","template":"","meta":{"_acf_changed":false},"product_brand":[],"product_cat":[245,186],"product_tag":[],"class_list":{"0":"post-2980","1":"product","2":"type-product","3":"status-publish","4":"has-post-thumbnail","6":"product_cat-prada-marka","7":"product_cat-za-zene","9":"first","10":"instock","11":"taxable","12":"shipping-taxable","13":"purchasable","14":"product-type-variable","15":"has-default-attributes"},"acf":[],"_links":{"self":[{"href":"https:\/\/nicolefragrance.se\/hr\/wp-json\/wp\/v2\/product\/2980","targetHints":{"allow":["GET"]}}],"collection":[{"href":"https:\/\/nicolefragrance.se\/hr\/wp-json\/wp\/v2\/product"}],"about":[{"href":"https:\/\/nicolefragrance.se\/hr\/wp-json\/wp\/v2\/types\/product"}],"replies":[{"embeddable":true,"href":"https:\/\/nicolefragrance.se\/hr\/wp-json\/wp\/v2\/comments?post=2980"}],"version-history":[{"count":0,"href":"https:\/\/nicolefragrance.se\/hr\/wp-json\/wp\/v2\/product\/2980\/revisions"}],"wp:featuredmedia":[{"embeddable":true,"href":"https:\/\/nicolefragrance.se\/hr\/wp-json\/wp\/v2\/media\/26651"}],"wp:attachment":[{"href":"https:\/\/nicolefragrance.se\/hr\/wp-json\/wp\/v2\/media?parent=2980"}],"wp:term":[{"taxonomy":"product_brand","embeddable":true,"href":"https:\/\/nicolefragrance.se\/hr\/wp-json\/wp\/v2\/product_brand?post=2980"},{"taxonomy":"product_cat","embeddable":true,"href":"https:\/\/nicolefragrance.se\/hr\/wp-json\/wp\/v2\/product_cat?post=2980"},{"taxonomy":"product_tag","embeddable":true,"href":"https:\/\/nicolefragrance.se\/hr\/wp-json\/wp\/v2\/product_tag?post=2980"}],"curies":[{"name":"wp","href":"https:\/\/api.w.org\/{rel}","templated":true}]}}