{"id":2968,"date":"2023-01-09T10:05:45","date_gmt":"2023-01-09T09:05:45","guid":{"rendered":"https:\/\/nicolefragrance.se\/?post_type=product&#038;p=2968"},"modified":"2025-09-01T20:54:53","modified_gmt":"2025-09-01T18:54:53","slug":"zadigvoltaire-this-is-her-nicole-edp","status":"publish","type":"product","link":"https:\/\/nicolefragrance.se\/hr\/proizvod\/zadigvoltaire-this-is-her-nicole-edp\/","title":{"rendered":"Nicole 2033 EDP inspiriran s This Is Her Zadig &#038; Voltaire"},"content":{"rendered":"<p><strong>Zadig &amp; Voltaire This Is Her<\/strong> je \u017eenski parfem koji kombinira drvene, cvjetne i gurmanske note. Ovaj parfem predstavlja pravu sinergiju mirisnih sastojaka, uklju\u010duju\u0107i note roze papra, Sambac jasmina, kremastog kestena, vanilije i sandalovine.<\/p>\n<p>Sastav ovog mirisa je zaista poseban. U srednjim notama osje\u0107a se tonka papar, mlijeko od badema, \u010daj od jasmina i kremasti kesten. Ovi slojevi se postepeno stapaju sa notama bijelog mo\u0161usa, guaiac drveta, roze papra i sandalovine.<\/p>\n<p><strong>Zadig &amp; Voltaire This Is Her<\/strong> je kao stvoren za \u017eenu koja zra\u010di samopouzdanjem, nepredvidljivo\u0161\u0107u i neodoljivo\u0161\u0107u. Ona je senzualna, slobodna i vedrog duha. Mirisno iskustvo ovog parfema zapo\u010dinje cvjetnim buketom jasmina Sambac i roze papra, sa slatkim akordom kestena u kombinaciji sa vanilijom i ne zaboravljaju\u0107i potpis Maison-a &#8211; mo\u0107nu sandalovinu.<\/p>\n<p><strong>Zadig &amp; Voltaire This Is Her<\/strong> je miris koji \u0107e vas inspirirati da budete svoji, da se izrazite na svoj na\u010din i da ostavite neizbrisiv utisak gdje god da kro\u010dite. Bez obzira da li ste poslovna \u017eena ili rok zvijezda, ovaj parfem je pravi izbor za sve slobodne du\u0161e koje znaju \u0161to \u017eele i kako da to postignu.<\/p>\n","protected":false},"excerpt":{"rendered":"<p>Zadig &amp; Voltaire This Is Her je kao stvoren za \u017eenu koja zra\u010di samopouzdanjem, nepredvidljivo\u0161\u0107u i neodoljivo\u0161\u0107u. Ona je senzualna, slobodna i vedrog duha. Mirisno iskustvo ovog parfema zapo\u010dinje cvjetnim buketom jasmina Sambac i roze papra, sa slatkim akordom kestena u kombinaciji sa vanilijom i ne zaboravljaju\u0107i potpis Maison-a &#8211; mo\u0107nu sandalovinu.<\/p>\n","protected":false},"featured_media":26662,"comment_status":"open","ping_status":"closed","template":"","meta":{"_acf_changed":false},"product_brand":[],"product_cat":[186,244],"product_tag":[],"class_list":{"0":"post-2968","1":"product","2":"type-product","3":"status-publish","4":"has-post-thumbnail","6":"product_cat-za-zene","7":"product_cat-zadig-voltaire-marka","9":"first","10":"instock","11":"taxable","12":"shipping-taxable","13":"purchasable","14":"product-type-variable","15":"has-default-attributes"},"acf":[],"_links":{"self":[{"href":"https:\/\/nicolefragrance.se\/hr\/wp-json\/wp\/v2\/product\/2968","targetHints":{"allow":["GET"]}}],"collection":[{"href":"https:\/\/nicolefragrance.se\/hr\/wp-json\/wp\/v2\/product"}],"about":[{"href":"https:\/\/nicolefragrance.se\/hr\/wp-json\/wp\/v2\/types\/product"}],"replies":[{"embeddable":true,"href":"https:\/\/nicolefragrance.se\/hr\/wp-json\/wp\/v2\/comments?post=2968"}],"version-history":[{"count":0,"href":"https:\/\/nicolefragrance.se\/hr\/wp-json\/wp\/v2\/product\/2968\/revisions"}],"wp:featuredmedia":[{"embeddable":true,"href":"https:\/\/nicolefragrance.se\/hr\/wp-json\/wp\/v2\/media\/26662"}],"wp:attachment":[{"href":"https:\/\/nicolefragrance.se\/hr\/wp-json\/wp\/v2\/media?parent=2968"}],"wp:term":[{"taxonomy":"product_brand","embeddable":true,"href":"https:\/\/nicolefragrance.se\/hr\/wp-json\/wp\/v2\/product_brand?post=2968"},{"taxonomy":"product_cat","embeddable":true,"href":"https:\/\/nicolefragrance.se\/hr\/wp-json\/wp\/v2\/product_cat?post=2968"},{"taxonomy":"product_tag","embeddable":true,"href":"https:\/\/nicolefragrance.se\/hr\/wp-json\/wp\/v2\/product_tag?post=2968"}],"curies":[{"name":"wp","href":"https:\/\/api.w.org\/{rel}","templated":true}]}}