{"id":2954,"date":"2022-11-20T22:36:03","date_gmt":"2022-11-20T21:36:03","guid":{"rendered":"https:\/\/nicolefragrance.se\/?post_type=product&#038;p=2954"},"modified":"2026-01-03T10:58:25","modified_gmt":"2026-01-03T09:58:25","slug":"thierry-mugler-alien-goddess-nicole-edp","status":"publish","type":"product","link":"https:\/\/nicolefragrance.se\/hr\/proizvod\/thierry-mugler-alien-goddess-nicole-edp\/","title":{"rendered":"Nicole 2030 EDP inspiriran s Alien Goddess Thierry Mugler"},"content":{"rendered":"<p><strong>Alien Goddess by Thierry Mugler <\/strong>je \u017eenski parfem koji donosi miris bo\u017eanske \u017eenstvenosti. Lansiran 2021. godine, ovaj miris je usmijeren ka takozvanoj generaciji Z &#8211; mla\u0111oj populaciji koja tek treba da upozna brend Mugler.<\/p>\n<p>Alien Goddess je neodoljiva kombinacija cvjetnih i drvenih nota. To je topla cvjetna aroma za \u017eene koja spaja bo\u017eansku osnovu vanilije sa jasminom iz Indije, oboga\u0107enu svje\u017eim talijanskim bergamotom, koja stvara sjajan buket nota koji odgovara pravoj boginji. Neposredno nakon nano\u0161enja, cvjetne note dominiraju, ali kako se miris smiruje na ko\u017ei, pojavljuje se zemljani, drveni karakter.<\/p>\n<p>Sve ove note zajedno stvaraju bogatstvo i slo\u017eenost mirisa koji odi\u0161e elegancijom i senzualno\u0161\u0107u.<\/p>\n<p>Osim svoje rasko\u0161ne arome, Alien Goddess tako\u0111er pru\u017ea odli\u010dnu postojanost. Nakon nano\u0161enja, mo\u017eete biti sigurni da \u0107e vas ovaj miris pratiti tijekom dana, \u010dine\u0107i vas osje\u0107ate bo\u017eanstveno i samouvjereno.<\/p>\n<p><strong>Alien Goddess by Thierry Mugler<\/strong> je parfem koji osvaja svojom mije\u0161avinom svje\u017eine i dubine. Neka vas ovaj miris vodi kroz svijet \u017eenstvenosti i elegancije, dodaju\u0107i vam notu bo\u017eanske privla\u010dnosti.<\/p>\n","protected":false},"excerpt":{"rendered":"<p>Alien Goddess by Thierry Mugler je \u017eenski parfem koji donosi miris bo\u017eanske \u017eenstvenosti. Ovaj miris je usmijeren ka takozvanoj generaciji Z &#8211; mla\u0111oj populaciji koja tek treba upoznati brend Mugler. Njegove note stvaraju bogatstvo i slo\u017eenost mirisa koji odi\u0161e elegancijom i senzualno\u0161\u0107u. Osim rasko\u0161ne arome, Alien Goddess tako\u0111er pru\u017ea odli\u010dnu postojanost.<\/p>\n","protected":false},"featured_media":26673,"comment_status":"open","ping_status":"closed","template":"","meta":{"_acf_changed":false},"product_brand":[],"product_cat":[204,186],"product_tag":[],"class_list":{"0":"post-2954","1":"product","2":"type-product","3":"status-publish","4":"has-post-thumbnail","6":"product_cat-thierry-mugler-marka","7":"product_cat-za-zene","9":"first","10":"instock","11":"taxable","12":"shipping-taxable","13":"purchasable","14":"product-type-variable","15":"has-default-attributes"},"acf":[],"_links":{"self":[{"href":"https:\/\/nicolefragrance.se\/hr\/wp-json\/wp\/v2\/product\/2954","targetHints":{"allow":["GET"]}}],"collection":[{"href":"https:\/\/nicolefragrance.se\/hr\/wp-json\/wp\/v2\/product"}],"about":[{"href":"https:\/\/nicolefragrance.se\/hr\/wp-json\/wp\/v2\/types\/product"}],"replies":[{"embeddable":true,"href":"https:\/\/nicolefragrance.se\/hr\/wp-json\/wp\/v2\/comments?post=2954"}],"version-history":[{"count":0,"href":"https:\/\/nicolefragrance.se\/hr\/wp-json\/wp\/v2\/product\/2954\/revisions"}],"wp:featuredmedia":[{"embeddable":true,"href":"https:\/\/nicolefragrance.se\/hr\/wp-json\/wp\/v2\/media\/26673"}],"wp:attachment":[{"href":"https:\/\/nicolefragrance.se\/hr\/wp-json\/wp\/v2\/media?parent=2954"}],"wp:term":[{"taxonomy":"product_brand","embeddable":true,"href":"https:\/\/nicolefragrance.se\/hr\/wp-json\/wp\/v2\/product_brand?post=2954"},{"taxonomy":"product_cat","embeddable":true,"href":"https:\/\/nicolefragrance.se\/hr\/wp-json\/wp\/v2\/product_cat?post=2954"},{"taxonomy":"product_tag","embeddable":true,"href":"https:\/\/nicolefragrance.se\/hr\/wp-json\/wp\/v2\/product_tag?post=2954"}],"curies":[{"name":"wp","href":"https:\/\/api.w.org\/{rel}","templated":true}]}}