{"id":29471,"date":"2025-07-17T21:57:30","date_gmt":"2025-07-17T19:57:30","guid":{"rendered":"https:\/\/nicolefragrance.se\/?post_type=product&#038;p=29471"},"modified":"2025-07-18T22:13:33","modified_gmt":"2025-07-18T20:13:33","slug":"la-vie-est-belle-lelixir-lancome","status":"publish","type":"product","link":"https:\/\/nicolefragrance.se\/hr\/proizvod\/la-vie-est-belle-lelixir-lancome\/","title":{"rendered":"Nicole 2073 EDP inspiriran s La Vie est Belle L&#8217;Elixir Lanc\u00f4me"},"content":{"rendered":"<p class=\"product-p\"><strong>Nicole 2073 EDP<\/strong> inspiriran s La Vie est Belle L&#8217;Elixir Lanc\u00f4me je rasko\u0161an cvjetno-vo\u0107ni gurmanski <a href=\"https:\/\/nicolefragrance.se\/kategori\/for-kvinnor\/\">\u017eenski parfem<\/a>, lansiran 2024. godine. Stvoren da probudi osje\u0107aj dubokog samopouzdanja, ovaj parfem idealan je za \u017eenu koja \u017eivi punim plu\u0107ima, cijeni ljepotu i \u017eeli ostaviti nezaboravan dojam.<\/p>\n<p class=\"product-p\">Miris se otvara blistavim notama maline i osvje\u017eavaju\u0107eg kalabrijskog bergamota. Srce parfema otkriva sofisticirani buket absolua lista ljubi\u010dice i absolua ru\u017ee, stvaraju\u0107i cvjetnu harmoniju koja odi\u0161e \u017eenstveno\u0161\u0107u i graciozno\u0161\u0107u. Te note donose dubinu i senzualnost, pretvaraju\u0107i miris u pravu olfaktornu poeziju. Na kraju, baza parfema donosi toplinu i postojanost s bogatim notama kakao maslaca, senzualnim akordom ko\u017ee i plemenitim cedrom. Ova jedinstvena kombinacija pru\u017ea gurmanski zaokret s drvenastim i ko\u017enim akcentima, ostavljaju\u0107i profinjen i dugotrajan trag.<\/p>\n<p class=\"product-p\"><strong>Nicole 2073 EDP<\/strong> kreiran je za modernu \u017eenu koja je svjesna svoje snage i ljepote. Za onu koja \u017eeli zra\u010diti samopouzdanjem i \u0161armom, bilo da je rije\u010d o poslovnom sastanku, ve\u010dernjem izlasku ili posebnoj prigodi. Njegova slo\u017eena kompozicija \u010dini ga savr\u0161enim izborom za jesenske i zimske mjesece, kada njegove tople note dolaze do punog izra\u017eaja.<\/p>\n","protected":false},"excerpt":{"rendered":"<p><strong>Nicole 2073 EDP <\/strong>kreiran je za modernu \u017eenu koja je svjesna svoje snage i ljepote. Za onu koja \u017eeli zra\u010diti samopouzdanjem i \u0161armom, bilo da je rije\u010d o poslovnom sastanku, ve\u010dernjem izlasku ili posebnoj prigodi. Njegova slo\u017eena kompozicija \u010dini ga savr\u0161enim izborom za jesenske i zimske mjesece, kada njegove tople note dolaze do punog izra\u017eaja.<\/p>\n","protected":false},"featured_media":29483,"comment_status":"open","ping_status":"closed","template":"","meta":{"_acf_changed":false},"product_brand":[],"product_cat":[210,186],"product_tag":[],"class_list":{"0":"post-29471","1":"product","2":"type-product","3":"status-publish","4":"has-post-thumbnail","6":"product_cat-lancome-marka","7":"product_cat-za-zene","9":"first","10":"instock","11":"taxable","12":"shipping-taxable","13":"purchasable","14":"product-type-variable","15":"has-default-attributes"},"acf":[],"_links":{"self":[{"href":"https:\/\/nicolefragrance.se\/hr\/wp-json\/wp\/v2\/product\/29471","targetHints":{"allow":["GET"]}}],"collection":[{"href":"https:\/\/nicolefragrance.se\/hr\/wp-json\/wp\/v2\/product"}],"about":[{"href":"https:\/\/nicolefragrance.se\/hr\/wp-json\/wp\/v2\/types\/product"}],"replies":[{"embeddable":true,"href":"https:\/\/nicolefragrance.se\/hr\/wp-json\/wp\/v2\/comments?post=29471"}],"version-history":[{"count":0,"href":"https:\/\/nicolefragrance.se\/hr\/wp-json\/wp\/v2\/product\/29471\/revisions"}],"wp:featuredmedia":[{"embeddable":true,"href":"https:\/\/nicolefragrance.se\/hr\/wp-json\/wp\/v2\/media\/29483"}],"wp:attachment":[{"href":"https:\/\/nicolefragrance.se\/hr\/wp-json\/wp\/v2\/media?parent=29471"}],"wp:term":[{"taxonomy":"product_brand","embeddable":true,"href":"https:\/\/nicolefragrance.se\/hr\/wp-json\/wp\/v2\/product_brand?post=29471"},{"taxonomy":"product_cat","embeddable":true,"href":"https:\/\/nicolefragrance.se\/hr\/wp-json\/wp\/v2\/product_cat?post=29471"},{"taxonomy":"product_tag","embeddable":true,"href":"https:\/\/nicolefragrance.se\/hr\/wp-json\/wp\/v2\/product_tag?post=29471"}],"curies":[{"name":"wp","href":"https:\/\/api.w.org\/{rel}","templated":true}]}}