{"id":29440,"date":"2025-07-17T21:44:49","date_gmt":"2025-07-17T19:44:49","guid":{"rendered":"https:\/\/nicolefragrance.se\/?post_type=product&#038;p=29440"},"modified":"2025-07-18T22:13:45","modified_gmt":"2025-07-18T20:13:45","slug":"eclaire-lattafa-perfumes","status":"publish","type":"product","link":"https:\/\/nicolefragrance.se\/hr\/proizvod\/eclaire-lattafa-perfumes\/","title":{"rendered":"Nicole 2072 EDP inspiriran s Eclaire Lattafa Perfumes"},"content":{"rendered":"<p class=\"product-p\"><strong>Nicole 2072 EDP<\/strong> inspiriran s Eclaire Lattafa Perfumes je opojan cvjetno-gurmanski <a href=\"https:\/\/nicolefragrance.se\/kategori\/for-kvinnor\/\">\u017eenski parfem<\/a>, lansiran 2024. godine, koji neodoljivo podsje\u0107a na najfiniju poslasticu. Ovaj miris idealan je za \u017eenu koja \u017eeli zra\u010diti toplinom i privla\u010dno\u0161\u0107u.<\/p>\n<p class=\"product-p\">Mirisna pri\u010da otvara se gornjim notama karamele, mlijeka i \u0161e\u0107era, stvaraju\u0107i upe\u010datljiv i kremast uvod koji podsje\u0107a na omiljene deserte. Ova slatka eksplozija odmah osvaja osjetila, pru\u017eaju\u0107i osje\u0107aj ugode i gurmanskog u\u017eitka. Srce parfema obavijeno je delikatnim buketom bijelog cvije\u0107a i meda. Ova kombinacija stvara senzualnu i nje\u017enu sredi\u0161njicu, koja odi\u0161e \u017eenstveno\u0161\u0107u. Na kraju, baza parfema donosi dubinu i postojanost s rasko\u0161nim notama vanilije, pralina i mo\u0161usa.<\/p>\n<p class=\"product-p\"><strong>Nicole 2072 EDP<\/strong> savr\u0161en je izbor za \u017eenu koja cijeni tople, slatke i luksuzne mirise. Idealan je za hladnije dane i ve\u010dernje prilike, kada njegove bogate gurmanske note mogu u potpunosti do\u0107i do izra\u017eaja, obavijaju\u0107i vas velom udobnosti i profinjenosti.<\/p>\n<p class=\"product-p\">Bilo da se spremate za romanti\u010dnu ve\u010deru, izlazak s prijateljima ili jednostavno \u017eelite osje\u0107ati se posebno u svom domu, <strong>Nicole 2072 EDP<\/strong>\u00a0bit \u0107e va\u0161 savr\u0161en pratilac. Njegova sna\u017ena aura i postojanost \u010dine ga idealnim za ostavljanje dojmljivog utiska.<\/p>\n","protected":false},"excerpt":{"rendered":"<p><strong>Nicole 2072 EDP<\/strong>\u00a0 je opojan cvjetno-gurmanski \u017eenski parfem koji neodoljivo podsje\u0107a na najfiniju poslasticu. Savr\u0161en je izbor za \u017eenu koja cijeni tople, slatke i luksuzne mirise. Idealan je za hladnije dane i ve\u010dernje prilike, kada njegove bogate gurmanske note mogu u potpunosti do\u0107i do izra\u017eaja, obavijaju\u0107i vas velom udobnosti i profinjenosti.<\/p>\n","protected":false},"featured_media":29452,"comment_status":"open","ping_status":"closed","template":"","meta":{"_acf_changed":false},"product_brand":[],"product_cat":[257,186],"product_tag":[],"class_list":{"0":"post-29440","1":"product","2":"type-product","3":"status-publish","4":"has-post-thumbnail","6":"product_cat-lattafa-perfumes-marka","7":"product_cat-za-zene","9":"first","10":"instock","11":"taxable","12":"shipping-taxable","13":"purchasable","14":"product-type-variable","15":"has-default-attributes"},"acf":[],"_links":{"self":[{"href":"https:\/\/nicolefragrance.se\/hr\/wp-json\/wp\/v2\/product\/29440","targetHints":{"allow":["GET"]}}],"collection":[{"href":"https:\/\/nicolefragrance.se\/hr\/wp-json\/wp\/v2\/product"}],"about":[{"href":"https:\/\/nicolefragrance.se\/hr\/wp-json\/wp\/v2\/types\/product"}],"replies":[{"embeddable":true,"href":"https:\/\/nicolefragrance.se\/hr\/wp-json\/wp\/v2\/comments?post=29440"}],"version-history":[{"count":0,"href":"https:\/\/nicolefragrance.se\/hr\/wp-json\/wp\/v2\/product\/29440\/revisions"}],"wp:featuredmedia":[{"embeddable":true,"href":"https:\/\/nicolefragrance.se\/hr\/wp-json\/wp\/v2\/media\/29452"}],"wp:attachment":[{"href":"https:\/\/nicolefragrance.se\/hr\/wp-json\/wp\/v2\/media?parent=29440"}],"wp:term":[{"taxonomy":"product_brand","embeddable":true,"href":"https:\/\/nicolefragrance.se\/hr\/wp-json\/wp\/v2\/product_brand?post=29440"},{"taxonomy":"product_cat","embeddable":true,"href":"https:\/\/nicolefragrance.se\/hr\/wp-json\/wp\/v2\/product_cat?post=29440"},{"taxonomy":"product_tag","embeddable":true,"href":"https:\/\/nicolefragrance.se\/hr\/wp-json\/wp\/v2\/product_tag?post=29440"}],"curies":[{"name":"wp","href":"https:\/\/api.w.org\/{rel}","templated":true}]}}