{"id":2942,"date":"2022-10-25T10:48:55","date_gmt":"2022-10-25T08:48:55","guid":{"rendered":"https:\/\/nicolefragrance.se\/?post_type=product&#038;p=2942"},"modified":"2025-11-18T08:59:25","modified_gmt":"2025-11-18T07:59:25","slug":"les-exclusifs-de-chanel-coromandel-nicole-edp","status":"publish","type":"product","link":"https:\/\/nicolefragrance.se\/hr\/proizvod\/les-exclusifs-de-chanel-coromandel-nicole-edp\/","title":{"rendered":"Nicole 2032 EDP inspiriran s Coromandel Chanel"},"content":{"rendered":"<p><strong>Chanel Coromandel<\/strong> je bajkovito o\u010daravaju\u0107i \u017eenski parfem &#8211; intenzivan miris sa notama pa\u010dulija, tamjana i benzoina. Bazne note su nevjerojatno uskla\u0111ene i stvaraju zavr\u0161ni akord koji je kremast, gotovo \u010doautodan, sa blago za\u010dinjenim drvetom i slatkastom smolastom slatko\u0107om.<\/p>\n<p><strong>Chanel Coromandel<\/strong> je pravo olfaktorno remek-djelo, sa\u010dinjeno od strane dvojca Jacques Polge i Christopher Sheldrake i prvi je me\u0111u <em>Les Exclusifs<\/em> parfemima ovog brenda. Ovaj parfem spada u orijentalni stil i na najbolji na\u010din oslikava pozitivno zna\u010denje ovog termina.<\/p>\n<p>Ovaj miris vas vodi na putovanje u daleke i misteriozne predjele svojom kombinacijom sastojaka. Osje\u0107ajte nje\u017enost i senzualnost svakim mirisnim slojem, dok se lagano otvaraju note gorke naran\u010de, nerolija i citrusa.<\/p>\n<p><strong>Chanel Coromandel<\/strong> je parfem koji vas obavija svojom rasko\u0161nom aromom, pru\u017eaju\u0107i vam osje\u0107aj luksuza i egzotike. nje\u017ean, a opet intenzivan, ovaj miris \u0107e vas osvojiti svojom dugotrajno\u0161\u0107u i dubinom. Uz ovaj miris vi nosite ne samo parfem, ve\u0107 i komad umjetnosti koji vas podsje\u0107a na egzoti\u010dne destinacije i rasko\u0161na iskustva.<\/p>\n","protected":false},"excerpt":{"rendered":"<p>Chanel Coromandel je bajkovito o\u010daravaju\u0107i \u017eenski parfem. To je miris koji vas obavija svojom rasko\u0161nom aromom, pru\u017eaju\u0107i vam osje\u0107aj luksuza i egzotike. Nje\u017ean, a opet intenzivan, ovaj parfem \u0107e vas osvojiti svojom dugotrajno\u0161\u0107u i dubinom. Uz Chanel Coromandel vi ne nosite samo parfem, ve\u0107 i komad umjetnosti koji podsje\u0107a na egzoti\u010dne destinacije i rasko\u0161na iskustva.<\/p>\n","protected":false},"featured_media":26685,"comment_status":"open","ping_status":"closed","template":"","meta":{"_acf_changed":false},"product_brand":[],"product_cat":[195,186],"product_tag":[],"class_list":{"0":"post-2942","1":"product","2":"type-product","3":"status-publish","4":"has-post-thumbnail","6":"product_cat-chanel-marka","7":"product_cat-za-zene","9":"first","10":"instock","11":"taxable","12":"shipping-taxable","13":"purchasable","14":"product-type-variable","15":"has-default-attributes"},"acf":[],"_links":{"self":[{"href":"https:\/\/nicolefragrance.se\/hr\/wp-json\/wp\/v2\/product\/2942","targetHints":{"allow":["GET"]}}],"collection":[{"href":"https:\/\/nicolefragrance.se\/hr\/wp-json\/wp\/v2\/product"}],"about":[{"href":"https:\/\/nicolefragrance.se\/hr\/wp-json\/wp\/v2\/types\/product"}],"replies":[{"embeddable":true,"href":"https:\/\/nicolefragrance.se\/hr\/wp-json\/wp\/v2\/comments?post=2942"}],"version-history":[{"count":0,"href":"https:\/\/nicolefragrance.se\/hr\/wp-json\/wp\/v2\/product\/2942\/revisions"}],"wp:featuredmedia":[{"embeddable":true,"href":"https:\/\/nicolefragrance.se\/hr\/wp-json\/wp\/v2\/media\/26685"}],"wp:attachment":[{"href":"https:\/\/nicolefragrance.se\/hr\/wp-json\/wp\/v2\/media?parent=2942"}],"wp:term":[{"taxonomy":"product_brand","embeddable":true,"href":"https:\/\/nicolefragrance.se\/hr\/wp-json\/wp\/v2\/product_brand?post=2942"},{"taxonomy":"product_cat","embeddable":true,"href":"https:\/\/nicolefragrance.se\/hr\/wp-json\/wp\/v2\/product_cat?post=2942"},{"taxonomy":"product_tag","embeddable":true,"href":"https:\/\/nicolefragrance.se\/hr\/wp-json\/wp\/v2\/product_tag?post=2942"}],"curies":[{"name":"wp","href":"https:\/\/api.w.org\/{rel}","templated":true}]}}