{"id":29407,"date":"2025-07-17T21:33:46","date_gmt":"2025-07-17T19:33:46","guid":{"rendered":"https:\/\/nicolefragrance.se\/?post_type=product&#038;p=29407"},"modified":"2025-07-18T22:14:00","modified_gmt":"2025-07-18T20:14:00","slug":"dune-dior","status":"publish","type":"product","link":"https:\/\/nicolefragrance.se\/hr\/proizvod\/dune-dior\/","title":{"rendered":"Nicole 2071 EDP inspiriran s Dune Dior"},"content":{"rendered":"<p class=\"product-p\"><strong>Nicole 2071 EDP<\/strong> inspiriran s Dune Dior je bezvremenski orijentalno-drvenasti <a href=\"https:\/\/nicolefragrance.se\/kategori\/for-kvinnor\/\">\u017eenski parfem<\/a>, lansiran 1991. godine. Kreiran je kao odgovor na mo\u0107ne mirise osamdesetih, donose\u0107i osje\u0107aj spokoja i profinjenosti.<\/p>\n<p class=\"product-p\">Mirisna kompozicija otvara se svijetlim i prozra\u010dnim notama aldehida, brazilske ru\u017ee, mandarine, bergamota i bo\u017eura. U srcu parfema, rasko\u0161an buket ljiljana, ylang-ylanga, \u0161eboja, jasmina i ru\u017ee donosi bogatu cvjetnu slojevitost. Ove se note isprepli\u0107u, stvaraju\u0107i topao i senzualan cvjetni akord koji odi\u0161e klasi\u010dnom \u017eenstveno\u0161\u0107u. Baza parfema <strong>Nicole 2071 EDP<\/strong>\u00a0duboka je, topla i umiruju\u0107a, s notama sandalovine, jantara, benzoina, hrastove mahovine, vanilije, pa\u010dulija i mo\u0161usa.<\/p>\n<p class=\"product-p\"><strong>Nicole 2071 EDP<\/strong> parfem je za \u017eenu koja cijeni unutarnju snagu i te\u017ei miru, autenti\u010dnosti i prirodnoj ljepoti. Njegova neobi\u010dna, suha, topla i jedinstvena kompozicija \u010dini ga idealnim za dnevne i ve\u010dernje prigode tijekom cijele godine. Posebno dolazi do izra\u017eaja u proljetnim i jesenskim mjesecima, kada se njegove note prirode i sunca najbolje isti\u010du. Njegova nenametljiva elegancija i dugotrajna aura \u010dine ga savr\u0161enim za \u017eenu koja \u017eeli ostaviti dojam profinjenosti i smirenosti.<\/p>\n","protected":false},"excerpt":{"rendered":"<p><strong>Nicole 2071 EDP<\/strong> parfem je za \u017eenu koja cijeni unutarnju snagu i te\u017ei miru, autenti\u010dnosti i prirodnoj ljepoti. Njegova neobi\u010dna, suha, topla i jedinstvena kompozicija \u010dini ga idealnim za dnevne i ve\u010dernje prigode tijekom cijele godine. Posebno dolazi do izra\u017eaja u proljetnim i jesenskim mjesecima, kada se njegove note prirode i sunca najvi\u0161e isti\u010du.<\/p>\n","protected":false},"featured_media":29419,"comment_status":"open","ping_status":"closed","template":"","meta":{"_acf_changed":false},"product_brand":[],"product_cat":[192,186],"product_tag":[],"class_list":{"0":"post-29407","1":"product","2":"type-product","3":"status-publish","4":"has-post-thumbnail","6":"product_cat-dior-marka","7":"product_cat-za-zene","9":"first","10":"instock","11":"taxable","12":"shipping-taxable","13":"purchasable","14":"product-type-variable","15":"has-default-attributes"},"acf":[],"_links":{"self":[{"href":"https:\/\/nicolefragrance.se\/hr\/wp-json\/wp\/v2\/product\/29407","targetHints":{"allow":["GET"]}}],"collection":[{"href":"https:\/\/nicolefragrance.se\/hr\/wp-json\/wp\/v2\/product"}],"about":[{"href":"https:\/\/nicolefragrance.se\/hr\/wp-json\/wp\/v2\/types\/product"}],"replies":[{"embeddable":true,"href":"https:\/\/nicolefragrance.se\/hr\/wp-json\/wp\/v2\/comments?post=29407"}],"version-history":[{"count":0,"href":"https:\/\/nicolefragrance.se\/hr\/wp-json\/wp\/v2\/product\/29407\/revisions"}],"wp:featuredmedia":[{"embeddable":true,"href":"https:\/\/nicolefragrance.se\/hr\/wp-json\/wp\/v2\/media\/29419"}],"wp:attachment":[{"href":"https:\/\/nicolefragrance.se\/hr\/wp-json\/wp\/v2\/media?parent=29407"}],"wp:term":[{"taxonomy":"product_brand","embeddable":true,"href":"https:\/\/nicolefragrance.se\/hr\/wp-json\/wp\/v2\/product_brand?post=29407"},{"taxonomy":"product_cat","embeddable":true,"href":"https:\/\/nicolefragrance.se\/hr\/wp-json\/wp\/v2\/product_cat?post=29407"},{"taxonomy":"product_tag","embeddable":true,"href":"https:\/\/nicolefragrance.se\/hr\/wp-json\/wp\/v2\/product_tag?post=29407"}],"curies":[{"name":"wp","href":"https:\/\/api.w.org\/{rel}","templated":true}]}}