{"id":29372,"date":"2025-07-17T20:55:13","date_gmt":"2025-07-17T18:55:13","guid":{"rendered":"https:\/\/nicolefragrance.se\/?post_type=product&#038;p=29372"},"modified":"2025-07-18T22:14:12","modified_gmt":"2025-07-18T20:14:12","slug":"angel-elixir-mugler","status":"publish","type":"product","link":"https:\/\/nicolefragrance.se\/hr\/proizvod\/angel-elixir-mugler\/","title":{"rendered":"Nicole 2070 EDP inspiriran s Angel Elixir Mugler"},"content":{"rendered":"<p class=\"product-p\"><strong>Nicole 2070 EDP<\/strong> inspiriran s Angel Elixir Mugler uzbudljiv je cvjetno-vo\u0107ni gurmanski <a href=\"https:\/\/nicolefragrance.se\/kategori\/for-kvinnor\/\">\u017eenski parfem<\/a>, lansiran 2023. godine. Nastao je kao reinterpretacija legendarnog mirisa Angel. Kreiran kako bi utjelovio sofisticiranu \u017eenstvenost, ovaj eliksir donosi novu dimenziju nje\u017enosti i topline, \u010dine\u0107i ga savr\u0161enim izborom za \u017eene koje tra\u017ee magneti\u010dno privla\u010dan miris.<\/p>\n<p class=\"product-p\">Mirisna kompozicija parfema <strong>Nicole 2070 EDP<\/strong>\u00a0otvara se jedinstvenom i blago za\u010dinjenom notom ru\u017ei\u010dastog papra. Ovaj nekonvencionalan po\u010detak najavljuje slo\u017eenost i dinami\u010dan uvod koji odmah privla\u010di pa\u017enju. U srcu mirisa, rasko\u0161an buket jasmina, ylang-ylanga, cvijeta naran\u010de i sandalovine stvara senzualnu, &#8220;mlije\u010dnu&#8221; cvjetnu harmoniju. Baza parfema duboka je i izuzetno postojana, s bogatim notama burbon vanilije i inovativnim akordom Amber Xtreme<strong>\u2122<\/strong>.<\/p>\n<p class=\"product-p\"><strong>Nicole 2070 EDP<\/strong> osmi\u0161ljen je za samopouzdane i odva\u017ene \u017eene koje \u017eele izraziti svoju vi\u0161eslojnu prirodu \u2013 istovremeno snagu i nje\u017enost. Idealan je za posebne prigode, ali i za dane kada se \u017eelite osje\u0107ati posebno i ostaviti prepoznatljiv trag. Njegova snaga i dugotrajnost \u010dine ga savr\u0161enim odabirom za hladnije mjesece, kada se njegove zavodljive note najbolje razvijaju na ko\u017ei.<\/p>\n","protected":false},"excerpt":{"rendered":"<p><strong>Nicole 2070 EDP<\/strong> osmi\u0161ljen je za samopouzdane i odva\u017ene \u017eene koje \u017eele izraziti svoju vi\u0161estruku prirodu \u2013 istodobno snagu i nje\u017enost. Idealan je za posebne prilike, ali i za dane kada \u017eelite zra\u010diti posebno\u0161\u0107u i ostaviti prepoznatljiv trag. Njegova intenzivnost i postojanost \u010dine ga savr\u0161enim za hladnije mjesece, kada se njegove zavodljive note najbolje razvijaju na ko\u017ei.<\/p>\n","protected":false},"featured_media":29384,"comment_status":"open","ping_status":"closed","template":"","meta":{"_acf_changed":false},"product_brand":[],"product_cat":[204,186],"product_tag":[],"class_list":{"0":"post-29372","1":"product","2":"type-product","3":"status-publish","4":"has-post-thumbnail","6":"product_cat-thierry-mugler-marka","7":"product_cat-za-zene","9":"first","10":"instock","11":"taxable","12":"shipping-taxable","13":"purchasable","14":"product-type-variable","15":"has-default-attributes"},"acf":[],"_links":{"self":[{"href":"https:\/\/nicolefragrance.se\/hr\/wp-json\/wp\/v2\/product\/29372","targetHints":{"allow":["GET"]}}],"collection":[{"href":"https:\/\/nicolefragrance.se\/hr\/wp-json\/wp\/v2\/product"}],"about":[{"href":"https:\/\/nicolefragrance.se\/hr\/wp-json\/wp\/v2\/types\/product"}],"replies":[{"embeddable":true,"href":"https:\/\/nicolefragrance.se\/hr\/wp-json\/wp\/v2\/comments?post=29372"}],"version-history":[{"count":0,"href":"https:\/\/nicolefragrance.se\/hr\/wp-json\/wp\/v2\/product\/29372\/revisions"}],"wp:featuredmedia":[{"embeddable":true,"href":"https:\/\/nicolefragrance.se\/hr\/wp-json\/wp\/v2\/media\/29384"}],"wp:attachment":[{"href":"https:\/\/nicolefragrance.se\/hr\/wp-json\/wp\/v2\/media?parent=29372"}],"wp:term":[{"taxonomy":"product_brand","embeddable":true,"href":"https:\/\/nicolefragrance.se\/hr\/wp-json\/wp\/v2\/product_brand?post=29372"},{"taxonomy":"product_cat","embeddable":true,"href":"https:\/\/nicolefragrance.se\/hr\/wp-json\/wp\/v2\/product_cat?post=29372"},{"taxonomy":"product_tag","embeddable":true,"href":"https:\/\/nicolefragrance.se\/hr\/wp-json\/wp\/v2\/product_tag?post=29372"}],"curies":[{"name":"wp","href":"https:\/\/api.w.org\/{rel}","templated":true}]}}