{"id":29340,"date":"2025-07-17T20:37:58","date_gmt":"2025-07-17T18:37:58","guid":{"rendered":"https:\/\/nicolefragrance.se\/?post_type=product&#038;p=29340"},"modified":"2025-07-18T22:14:28","modified_gmt":"2025-07-18T20:14:28","slug":"love-dont-be-shy-by-kilian","status":"publish","type":"product","link":"https:\/\/nicolefragrance.se\/hr\/proizvod\/love-dont-be-shy-by-kilian\/","title":{"rendered":"Nicole 2069 EDP inspiriran s Love Don&#8217;t Be Shy by Kilian"},"content":{"rendered":"<p class=\"product-p\"><strong>Nicole 2069 EDP<\/strong> inspiriran s Love Don&#8217;t Be Shy by Kilian je profinjen i zavodljiv <a href=\"https:\/\/nicolefragrance.se\/kategori\/for-kvinnor\/\">\u017eenski parfem<\/a>, lansiran 2007. godine. Kreiran kao neodoljiva olfaktorna poslastica, ovaj miris poznat je po svojoj karakteristi\u010dno slatkoj noti i bijelom cvjetnom buketu.<\/p>\n<p class=\"product-p\">Mirisna kompozicija otvara se svijetlim i svje\u017eim notama nerolija, bergamota, ru\u017ei\u010dastog papra i korijandra. U srcu parfema rasko\u0161ni buket cvijeta naran\u010de, orlove kand\u017ee, jasmina, irisa, ru\u017ee i mar\u0161meloa stvara hipnotiziraju\u0107u cvjetno-gurmansku simfoniju. Baza parfema je duboka, topla i izrazito postojana, s notama \u0161e\u0107era, vanilije, karamele, mo\u0161usa, civeta i labdanuma. \u0160e\u0107er i karamela dodatno nagla\u0161avaju gurmanski karakter, vanilija pru\u017ea bogatu, kremastu slatko\u0107u, mo\u0161us daje senzualnu, bar\u0161unastu teksturu, dok civet unosi animalisti\u010dku, zavodljivu dubinu, a labdanum donosi smolastu toplinu, ostavljaju\u0107i dugotrajan i nezaboravan trag.<\/p>\n<p class=\"product-p\"><strong>Nicole 2069 EDP<\/strong> je miris koji slavi nevinost prve ljubavi i senzualnost zrele \u017eene. Namijenjen je \u017eeni koja se ne boji pokazati svoju ranjivost i nje\u017enost, ali istovremeno je svjesna svoje snage i privla\u010dnosti. Idealan je za romanti\u010dne prilike, ve\u010dernje izlaske i posebne doga\u0111aje kada \u017eelite ostaviti trajan dojam. Njegova iznimna postojanost i projekcija \u010dine ga savr\u0161enim za hladnije mjesece.<\/p>\n","protected":false},"excerpt":{"rendered":"<p><strong>Nicole 2069 EDP<\/strong> je miris koji slavi nevinost prve ljubavi i senzualnost zrele \u017eene. Stvoren je za \u017eenu koja se ne boji pokazati svoju ranjivu i nje\u017enu stranu, ali koja je istovremeno svjesna svoje snage i privla\u010dnosti. Idealan je za romanti\u010dne prilike, ve\u010dernje izlaske i posebne doga\u0111aje kada \u017eelite ostaviti trajan dojam.<\/p>\n","protected":false},"featured_media":29352,"comment_status":"open","ping_status":"closed","template":"","meta":{"_acf_changed":false},"product_brand":[],"product_cat":[190,186],"product_tag":[],"class_list":{"0":"post-29340","1":"product","2":"type-product","3":"status-publish","4":"has-post-thumbnail","6":"product_cat-kilian-marka","7":"product_cat-za-zene","9":"first","10":"instock","11":"taxable","12":"shipping-taxable","13":"purchasable","14":"product-type-variable","15":"has-default-attributes"},"acf":[],"_links":{"self":[{"href":"https:\/\/nicolefragrance.se\/hr\/wp-json\/wp\/v2\/product\/29340","targetHints":{"allow":["GET"]}}],"collection":[{"href":"https:\/\/nicolefragrance.se\/hr\/wp-json\/wp\/v2\/product"}],"about":[{"href":"https:\/\/nicolefragrance.se\/hr\/wp-json\/wp\/v2\/types\/product"}],"replies":[{"embeddable":true,"href":"https:\/\/nicolefragrance.se\/hr\/wp-json\/wp\/v2\/comments?post=29340"}],"version-history":[{"count":0,"href":"https:\/\/nicolefragrance.se\/hr\/wp-json\/wp\/v2\/product\/29340\/revisions"}],"wp:featuredmedia":[{"embeddable":true,"href":"https:\/\/nicolefragrance.se\/hr\/wp-json\/wp\/v2\/media\/29352"}],"wp:attachment":[{"href":"https:\/\/nicolefragrance.se\/hr\/wp-json\/wp\/v2\/media?parent=29340"}],"wp:term":[{"taxonomy":"product_brand","embeddable":true,"href":"https:\/\/nicolefragrance.se\/hr\/wp-json\/wp\/v2\/product_brand?post=29340"},{"taxonomy":"product_cat","embeddable":true,"href":"https:\/\/nicolefragrance.se\/hr\/wp-json\/wp\/v2\/product_cat?post=29340"},{"taxonomy":"product_tag","embeddable":true,"href":"https:\/\/nicolefragrance.se\/hr\/wp-json\/wp\/v2\/product_tag?post=29340"}],"curies":[{"name":"wp","href":"https:\/\/api.w.org\/{rel}","templated":true}]}}