{"id":29308,"date":"2025-07-17T20:02:04","date_gmt":"2025-07-17T18:02:04","guid":{"rendered":"https:\/\/nicolefragrance.se\/?post_type=product&#038;p=29308"},"modified":"2026-01-28T20:55:13","modified_gmt":"2026-01-28T19:55:13","slug":"pacific-chill-by-louis-vuitton","status":"publish","type":"product","link":"https:\/\/nicolefragrance.se\/hr\/proizvod\/pacific-chill-by-louis-vuitton\/","title":{"rendered":"Nicole 3098 EDP inspiriran s Pacific Chill by Louis Vuitton"},"content":{"rendered":"<p class=\"product-p\"><strong>Nicole 3098 EDP<\/strong> inspiriran s Pacific Chill by Louis Vuitton aromati\u010dno je vo\u0107ni <a href=\"https:\/\/nicolefragrance.se\/kategori\/unisex-sv\/\">unisex miris<\/a>, lansiran 2023. godine. Kreiran kako bi probudio osjetila i um, ovaj parfem savr\u0161en je za one koji te\u017ee osje\u0107aju detoksikacije, blagostanja i moderne elegancije.<\/p>\n<p class=\"product-p\">Kompozicija se otvara okrepljuju\u0107im notama naran\u010de, limuna, citrona, crne ribizle, mente i korijandera. Ova eksplozija citrusa i svje\u017eih biljnih tonova pru\u017ea trenuta\u010dni val energije, poput osvje\u017eavaju\u0107eg napitka. U srcu mirisa suptilni akcenti marelice, bosiljka, sjemenki mrkve i majske ru\u017ee unose slojevitost i meko\u0107u. Baza parfema donosi kremaste i bar\u0161unaste tonove datulja, smokava i ambrete, pru\u017eaju\u0107i mirisu postojanost i senzualnost koja ostaje na ko\u017ei.<\/p>\n<p class=\"product-p\"><strong>Nicole 3098 EDP<\/strong> osmi\u0161ljen je za pojedince koji \u017eive aktivnim stilom \u017eivota, cijene prirodu i te\u017ee unutarnjem miru. Idealan je za proljetne i ljetne mjesece, kada njegove svijetle i optimisti\u010dne note najvi\u0161e dolaze do izra\u017eaja.<\/p>\n<p class=\"product-p\">Bilo da se opu\u0161tate uz bazen, \u0161etate pla\u017eom ili u\u017eivate u laganom doru\u010dku, <strong>Nicole 3098 EDP<\/strong>\u00a0pratit \u0107e vas s osje\u0107ajem \u010disto\u0107e i svje\u017eine. Njegova kompleksna aura \u010dini ga savr\u0161enim za dnevne aktivnosti i neformalne prilike, unose\u0107i da\u0161ak luksuza u svakodnevicu.<\/p>\n","protected":false},"excerpt":{"rendered":"<p><strong>Nicole 3098 EDP<\/strong> osmi\u0161ljen je za pojedince koji \u017eive aktivnim stilom \u017eivota, cijene prirodu i te\u017ee unutarnjem miru. Kreiran kako bi probudio osjetila i um, ovaj parfem savr\u0161en je za one koji te\u017ee osje\u0107aju detoksikacije i blagostanja, ali i moderne elegancije. Idealan je za proljetne i ljetne mjesece, kada njegove svijetle i optimisti\u010dne note najvi\u0161e dolaze do izra\u017eaja.<\/p>\n","protected":false},"featured_media":29320,"comment_status":"open","ping_status":"closed","template":"","meta":{"_acf_changed":false},"product_brand":[],"product_cat":[361,188,187,186],"product_tag":[],"class_list":{"0":"post-29308","1":"product","2":"type-product","3":"status-publish","4":"has-post-thumbnail","6":"product_cat-louis-vuitton-marka","7":"product_cat-unisex","8":"product_cat-za-muskarce","9":"product_cat-za-zene","11":"first","12":"instock","13":"taxable","14":"shipping-taxable","15":"purchasable","16":"product-type-variable","17":"has-default-attributes"},"acf":[],"_links":{"self":[{"href":"https:\/\/nicolefragrance.se\/hr\/wp-json\/wp\/v2\/product\/29308","targetHints":{"allow":["GET"]}}],"collection":[{"href":"https:\/\/nicolefragrance.se\/hr\/wp-json\/wp\/v2\/product"}],"about":[{"href":"https:\/\/nicolefragrance.se\/hr\/wp-json\/wp\/v2\/types\/product"}],"replies":[{"embeddable":true,"href":"https:\/\/nicolefragrance.se\/hr\/wp-json\/wp\/v2\/comments?post=29308"}],"version-history":[{"count":0,"href":"https:\/\/nicolefragrance.se\/hr\/wp-json\/wp\/v2\/product\/29308\/revisions"}],"wp:featuredmedia":[{"embeddable":true,"href":"https:\/\/nicolefragrance.se\/hr\/wp-json\/wp\/v2\/media\/29320"}],"wp:attachment":[{"href":"https:\/\/nicolefragrance.se\/hr\/wp-json\/wp\/v2\/media?parent=29308"}],"wp:term":[{"taxonomy":"product_brand","embeddable":true,"href":"https:\/\/nicolefragrance.se\/hr\/wp-json\/wp\/v2\/product_brand?post=29308"},{"taxonomy":"product_cat","embeddable":true,"href":"https:\/\/nicolefragrance.se\/hr\/wp-json\/wp\/v2\/product_cat?post=29308"},{"taxonomy":"product_tag","embeddable":true,"href":"https:\/\/nicolefragrance.se\/hr\/wp-json\/wp\/v2\/product_tag?post=29308"}],"curies":[{"name":"wp","href":"https:\/\/api.w.org\/{rel}","templated":true}]}}