{"id":29276,"date":"2025-07-17T19:48:59","date_gmt":"2025-07-17T17:48:59","guid":{"rendered":"https:\/\/nicolefragrance.se\/?post_type=product&#038;p=29276"},"modified":"2025-07-18T22:14:55","modified_gmt":"2025-07-18T20:14:55","slug":"tom-ford-tuscan-leather","status":"publish","type":"product","link":"https:\/\/nicolefragrance.se\/hr\/proizvod\/tom-ford-tuscan-leather\/","title":{"rendered":"Nicole 3097 EDP inspiriran s Tom Ford Tuscan Leather"},"content":{"rendered":"<p class=\"product-p\"><strong>Nicole 3097 EDP<\/strong> inspiriran s Tom Ford Tuscan Leather danas je ve\u0107 kultni <a href=\"https:\/\/nicolefragrance.se\/kategori\/unisex-sv\/\">unisex miris<\/a>, lansiran 2007. godine. Inspiriran primarnom privla\u010dno\u0161\u0107u ko\u017ee i njezinim rasko\u0161nim kvalitetama, ovaj parfem pravo je remek-djelo koje uspje\u0161no balansira izme\u0111u sirovosti i profinjenosti.<\/p>\n<p class=\"product-p\">Kompozicija se otvara intrigantnom mje\u0161avinom maline, \u0161afrana i timijana. U srcu mirisa, olibanum i jasmin dodaju dubinu i senzualnost. Olibanum donosi smolastu, misti\u010dnu dimenziju, dok jasmin, iako suptilan, unosi da\u0161ak cvjetne elegancije. Baza parfema ono je \u0161to <strong>Nicole 3097 EDP<\/strong>\u00a0\u010dini legendarnim \u2013 dominantne note jelenske ko\u017ee u kombinaciji s drvenastim notama i ambergisom. Dok jelenska ko\u017ea pru\u017ea bar\u0161unastu teksturu, drvenaste note i amber donose toplu dubinu i izuzetnu postojanost, ostavljaju\u0107i hipnotiziraju\u0107i trag.<\/p>\n<p class=\"product-p\"><strong>Nicole 3097 EDP<\/strong> namijenjen je samouvjerenim pojedincima koji ne pristaju na kompromise. Idealan je za one koji cijene izra\u017eene ko\u017ene mirise s jedinstvenim, luksuznim karakterom. Njegova snaga i sofisticiranost \u010dine ga savr\u0161enim za ve\u010dernje prilike i hladnije mjesece, kada njegova bogata aroma dolazi do punog izra\u017eaja.<\/p>\n<p class=\"product-p\">Ako ste spremni do\u017eivjeti esenciju nepatvorenog luksuza i obaviti se mirisom koji zra\u010di snagom i profinjeno\u0161\u0107u, <strong>Nicole 3097 EDP<\/strong>\u00a0izbor je koji \u0107e vas odu\u0161eviti.<\/p>\n","protected":false},"excerpt":{"rendered":"<p><strong>Nicole 3097 EDP<\/strong> namijenjen je samouvjerenim pojedincima koji ne pristaju na kompromise. Inspiriran primarnom privla\u010dno\u0161\u0107u ko\u017ee i njezinim rasko\u0161nim kvalitetama, ovaj parfem pravo je remek-djelo koje uspje\u0161no balansira izme\u0111u sirovosti i profinjenosti. Njegova snaga i sofisticiranost \u010dine ga savr\u0161enim za ve\u010dernje izlaske i hladnije mjesece, kada njegova bogata aroma dolazi do punog izra\u017eaja.<\/p>\n","protected":false},"featured_media":29288,"comment_status":"open","ping_status":"closed","template":"","meta":{"_acf_changed":false},"product_brand":[],"product_cat":[203,188,187,186],"product_tag":[],"class_list":{"0":"post-29276","1":"product","2":"type-product","3":"status-publish","4":"has-post-thumbnail","6":"product_cat-tom-ford-marka","7":"product_cat-unisex","8":"product_cat-za-muskarce","9":"product_cat-za-zene","11":"first","12":"instock","13":"taxable","14":"shipping-taxable","15":"purchasable","16":"product-type-variable","17":"has-default-attributes"},"acf":[],"_links":{"self":[{"href":"https:\/\/nicolefragrance.se\/hr\/wp-json\/wp\/v2\/product\/29276","targetHints":{"allow":["GET"]}}],"collection":[{"href":"https:\/\/nicolefragrance.se\/hr\/wp-json\/wp\/v2\/product"}],"about":[{"href":"https:\/\/nicolefragrance.se\/hr\/wp-json\/wp\/v2\/types\/product"}],"replies":[{"embeddable":true,"href":"https:\/\/nicolefragrance.se\/hr\/wp-json\/wp\/v2\/comments?post=29276"}],"version-history":[{"count":0,"href":"https:\/\/nicolefragrance.se\/hr\/wp-json\/wp\/v2\/product\/29276\/revisions"}],"wp:featuredmedia":[{"embeddable":true,"href":"https:\/\/nicolefragrance.se\/hr\/wp-json\/wp\/v2\/media\/29288"}],"wp:attachment":[{"href":"https:\/\/nicolefragrance.se\/hr\/wp-json\/wp\/v2\/media?parent=29276"}],"wp:term":[{"taxonomy":"product_brand","embeddable":true,"href":"https:\/\/nicolefragrance.se\/hr\/wp-json\/wp\/v2\/product_brand?post=29276"},{"taxonomy":"product_cat","embeddable":true,"href":"https:\/\/nicolefragrance.se\/hr\/wp-json\/wp\/v2\/product_cat?post=29276"},{"taxonomy":"product_tag","embeddable":true,"href":"https:\/\/nicolefragrance.se\/hr\/wp-json\/wp\/v2\/product_tag?post=29276"}],"curies":[{"name":"wp","href":"https:\/\/api.w.org\/{rel}","templated":true}]}}