{"id":29245,"date":"2025-07-17T19:34:53","date_gmt":"2025-07-17T17:34:53","guid":{"rendered":"https:\/\/nicolefragrance.se\/?post_type=product&#038;p=29245"},"modified":"2025-07-18T22:15:08","modified_gmt":"2025-07-18T20:15:08","slug":"khamrah-qahwa-lattafa","status":"publish","type":"product","link":"https:\/\/nicolefragrance.se\/hr\/proizvod\/khamrah-qahwa-lattafa\/","title":{"rendered":"Nicole 3096 EDP inspiriran s Khamrah Qahwa Lattafa"},"content":{"rendered":"<p class=\"product-p\"><strong>Nicole 3096 EDP<\/strong> inspiriran s Khamrah Qahwa Lattafa rasko\u0161an je <a href=\"https:\/\/nicolefragrance.se\/kategori\/unisex-sv\/\">unisex parfem<\/a>, lansiran 2023. godine. Ovaj miris predstavlja profinjenu i zavodljivu interpretaciju klasi\u010dnih gurmanskih nota, stvaraju\u0107i neodoljivu auru elegancije i tajanstvenosti.<\/p>\n<p class=\"product-p\">Miris se otvara intrigantnom eksplozijom cimeta, kardamoma i \u0111umbira, stvaraju\u0107i za\u010dinski i topao uvod koji odmah privla\u010di pa\u017enju. U srcu parfema slatke note pralina, kandiranog vo\u0107a i bijelog cvije\u0107a donose gurmansku dimenziju koja je istodobno zavodljiva i umiruju\u0107a. Ova slojevita kompozicija stvara senzualnu i sofisticiranu sredi\u0161njicu. Cjelokupni dojam zaokru\u017euju duboke i postojane bazne note kave Arabike, vanilije, tonke, benzoina i mo\u0161usa.<\/p>\n<p class=\"product-p\"><strong>Nicole 3096 EDP<\/strong> namijenjen je samopouzdanim pojedincima, bilo da je rije\u010d o mu\u0161karcima ili \u017eenama, koji cijene duboke, kompleksne i dugotrajne mirise. Idealan je za sve koji tragaju za mirisom koji odi\u0161e toplinom, snagom i trajnim dojmom.<\/p>\n<p class=\"product-p\">Savr\u0161en je za hladnije mjesece i ve\u010dernje prigode, kada njegove za\u010dinske i gurmanske note najvi\u0161e dolaze do izra\u017eaja. <strong>Nicole 3096 EDP<\/strong>\u00a0idealan je pratilac za posebne doga\u0111aje, romanti\u010dne izlaske ili jednostavno za trenutke kada \u017eelite zra\u010diti mo\u0107i i neodoljivo\u0161\u0107u.<\/p>\n","protected":false},"excerpt":{"rendered":"<p><strong>Nicole 3096 EDP<\/strong> stvoren je za samopouzdane pojedince, bilo da je rije\u010d o mu\u0161karcima ili \u017eenama, koji cijene duboke, kompleksne i dugotrajne mirise. Idealan je za sve koji tragaju za mirisom koji odi\u0161e toplinom, snagom i trajnim dojmom. Savr\u0161en je za hladnije mjesece i ve\u010dernje prigode, kada njegove za\u010dinske i gurmanske note najvi\u0161e dolaze do izra\u017eaja.<\/p>\n","protected":false},"featured_media":29257,"comment_status":"open","ping_status":"closed","template":"","meta":{"_acf_changed":false},"product_brand":[],"product_cat":[257,188,187,186],"product_tag":[],"class_list":{"0":"post-29245","1":"product","2":"type-product","3":"status-publish","4":"has-post-thumbnail","6":"product_cat-lattafa-perfumes-marka","7":"product_cat-unisex","8":"product_cat-za-muskarce","9":"product_cat-za-zene","11":"first","12":"instock","13":"taxable","14":"shipping-taxable","15":"purchasable","16":"product-type-variable","17":"has-default-attributes"},"acf":[],"_links":{"self":[{"href":"https:\/\/nicolefragrance.se\/hr\/wp-json\/wp\/v2\/product\/29245","targetHints":{"allow":["GET"]}}],"collection":[{"href":"https:\/\/nicolefragrance.se\/hr\/wp-json\/wp\/v2\/product"}],"about":[{"href":"https:\/\/nicolefragrance.se\/hr\/wp-json\/wp\/v2\/types\/product"}],"replies":[{"embeddable":true,"href":"https:\/\/nicolefragrance.se\/hr\/wp-json\/wp\/v2\/comments?post=29245"}],"version-history":[{"count":0,"href":"https:\/\/nicolefragrance.se\/hr\/wp-json\/wp\/v2\/product\/29245\/revisions"}],"wp:featuredmedia":[{"embeddable":true,"href":"https:\/\/nicolefragrance.se\/hr\/wp-json\/wp\/v2\/media\/29257"}],"wp:attachment":[{"href":"https:\/\/nicolefragrance.se\/hr\/wp-json\/wp\/v2\/media?parent=29245"}],"wp:term":[{"taxonomy":"product_brand","embeddable":true,"href":"https:\/\/nicolefragrance.se\/hr\/wp-json\/wp\/v2\/product_brand?post=29245"},{"taxonomy":"product_cat","embeddable":true,"href":"https:\/\/nicolefragrance.se\/hr\/wp-json\/wp\/v2\/product_cat?post=29245"},{"taxonomy":"product_tag","embeddable":true,"href":"https:\/\/nicolefragrance.se\/hr\/wp-json\/wp\/v2\/product_tag?post=29245"}],"curies":[{"name":"wp","href":"https:\/\/api.w.org\/{rel}","templated":true}]}}