{"id":2923,"date":"2022-10-25T10:21:30","date_gmt":"2022-10-25T08:21:30","guid":{"rendered":"https:\/\/nicolefragrance.se\/?post_type=product&#038;p=2923"},"modified":"2025-07-07T08:37:58","modified_gmt":"2025-07-07T06:37:58","slug":"lancome-la-nuit-tresor-nicole-edp","status":"publish","type":"product","link":"https:\/\/nicolefragrance.se\/hr\/proizvod\/lancome-la-nuit-tresor-nicole-edp\/","title":{"rendered":"Nicole 178 EDP inspiriran s La Nuit Tresor Lancome"},"content":{"rendered":"<p><strong>La Nuit Tr\u00e9sor by Lancome<\/strong> je parfemski dragulj koji je osvojio srca \u017eena \u0161irom svijeta. Ovaj \u017eenski miris, lansiran 2015. godine, predstavlja slatku i senzualnu kombinaciju vanilije i ru\u017ee, stvaraju\u0107i neodoljivu aromu.<\/p>\n<p>Ovaj parfem zapo\u010dinje eksplozivnom notom so\u010dnih malina, koja \u0107e vas odmah osvojiti svojom slatko\u0107om i svje\u017einom. Ova vo\u0107na nota stvara uzbudljiv i energi\u010dan prvi utisak. Nakon vo\u0107nog po\u010detka, miris se razvija u sr\u010danu notu gdje dominira ru\u017ea iz Damaska. Ova posebna vrsta ru\u017ee donosi dubinu i tajanstvo parfemu. Cvjetne note ru\u017ee daju mirisu romanti\u010dnu i senzualnu dimenziju, isti\u010du\u0107i njegovu \u017eenstvenost. Baza mirisa sastoji se od vanilije koja se gaji na laticama orhideja na Tahitiju. Vanilija je klju\u010dni sastojak koji \u010dini ovaj miris tako neodoljivim i opojnim.<\/p>\n<p><strong>La Nuit Tr\u00e9sor <\/strong>se \u010desto opisuje kao gurmanski miris, a sa svojim dimnim notama tamjana, postaje bogat i mra\u010dan, stvaraju\u0107i hipnotiziraju\u0107u senzaciju. Ovaj parfem je savr\u0161en za hladnije vrijeme, jer njegova dubina i toplina dolaze do izra\u017eaja kada se nosi tijekom jeseni i zime.<\/p>\n<p><strong>La Nuit Tr\u00e9sor by Lancome<\/strong> je parfem koji odi\u0161e senzualno\u0161\u0107u i tajanstvenom magijom. To je miris koji \u0107e vas o\u010darati i u\u010diniti da se osje\u0107ate posebno i privla\u010dno. Osjetite \u010daroliju La Nuit Tr\u00e9sor parfema i do\u017eivite neodoljivu privla\u010dnost ovog mirisa.<\/p>\n","protected":false},"excerpt":{"rendered":"<p>La Nuit Tr\u00e9sor by Lancome je parfem koji odi\u0161e senzualno\u0161\u0107u i tajanstvenom magijom. To je miris koji \u0107e vas o\u010darati i u\u010diniti da se osje\u0107ate posebno i privla\u010dno. Savr\u0161en je za hladnije vrijeme, jer njegova dubina i toplina dolaze do izra\u017eaja kada se nosi tijekom jeseni i zime. Osjetite \u010daroliju La Nuit Tr\u00e9sor parfema i do\u017eivite neodoljivu privla\u010dnost ovog mirisa.<\/p>\n","protected":false},"featured_media":26707,"comment_status":"open","ping_status":"closed","template":"","meta":{"_acf_changed":false},"product_brand":[],"product_cat":[210,186],"product_tag":[],"class_list":{"0":"post-2923","1":"product","2":"type-product","3":"status-publish","4":"has-post-thumbnail","6":"product_cat-lancome-marka","7":"product_cat-za-zene","9":"first","10":"instock","11":"taxable","12":"shipping-taxable","13":"purchasable","14":"product-type-variable","15":"has-default-attributes"},"acf":[],"_links":{"self":[{"href":"https:\/\/nicolefragrance.se\/hr\/wp-json\/wp\/v2\/product\/2923","targetHints":{"allow":["GET"]}}],"collection":[{"href":"https:\/\/nicolefragrance.se\/hr\/wp-json\/wp\/v2\/product"}],"about":[{"href":"https:\/\/nicolefragrance.se\/hr\/wp-json\/wp\/v2\/types\/product"}],"replies":[{"embeddable":true,"href":"https:\/\/nicolefragrance.se\/hr\/wp-json\/wp\/v2\/comments?post=2923"}],"version-history":[{"count":0,"href":"https:\/\/nicolefragrance.se\/hr\/wp-json\/wp\/v2\/product\/2923\/revisions"}],"wp:featuredmedia":[{"embeddable":true,"href":"https:\/\/nicolefragrance.se\/hr\/wp-json\/wp\/v2\/media\/26707"}],"wp:attachment":[{"href":"https:\/\/nicolefragrance.se\/hr\/wp-json\/wp\/v2\/media?parent=2923"}],"wp:term":[{"taxonomy":"product_brand","embeddable":true,"href":"https:\/\/nicolefragrance.se\/hr\/wp-json\/wp\/v2\/product_brand?post=2923"},{"taxonomy":"product_cat","embeddable":true,"href":"https:\/\/nicolefragrance.se\/hr\/wp-json\/wp\/v2\/product_cat?post=2923"},{"taxonomy":"product_tag","embeddable":true,"href":"https:\/\/nicolefragrance.se\/hr\/wp-json\/wp\/v2\/product_tag?post=2923"}],"curies":[{"name":"wp","href":"https:\/\/api.w.org\/{rel}","templated":true}]}}