{"id":29214,"date":"2025-07-17T19:21:54","date_gmt":"2025-07-17T17:21:54","guid":{"rendered":"https:\/\/nicolefragrance.se\/?post_type=product&#038;p=29214"},"modified":"2025-07-18T22:15:21","modified_gmt":"2025-07-18T20:15:21","slug":"tom-ford-eau-dombre-leather","status":"publish","type":"product","link":"https:\/\/nicolefragrance.se\/hr\/proizvod\/tom-ford-eau-dombre-leather\/","title":{"rendered":"Nicole 3099 EDP inspiriran s Tom Ford Eau d&#8217;Ombr\u00e9 Leather"},"content":{"rendered":"<p class=\"product-p\"><strong>Nicole 3099 EDP<\/strong> inspiriran s Tom Ford Eau d&#8217;Ombr\u00e9 Leather predstavlja novitet u svijetu <a href=\"https:\/\/nicolefragrance.se\/kategori\/for-man\/\">mu\u0161kih mirisa<\/a>, lansiran 2024. godine. Idealan je za one koji tra\u017ee sofisticiranost i profinjenost, uz da\u0161ak avanturisti\u010dkog duha.<\/p>\n<p class=\"product-p\">Ovaj parfem osmi\u0161ljen je kao ugla\u0111enija i nje\u017enija interpretacija prepoznatljive ko\u017ene note originalnog mirisa Ombr\u00e9 Leather. Otvara se notama kardamoma, \u0111umbira i korijandera, stvaraju\u0107i energi\u010dan i intrigantan uvod. U srcu parfema dominiraju rasko\u0161ne note vanilije i ko\u017ee. Vanilija unosi toplinu i slatko\u0107u, dok ko\u017eni akord ostaje u fokusu, ali u suptilnijem i mek\u0161em obliku. Kompoziciju zaokru\u017euje bazna nota Ambrofix\u2122-a, sinteti\u010dkog molekula koji pru\u017ea bogatu, jantarno-drvenastu dubinu, osiguravaju\u0107i iznimnu postojanost i zavodljiv trag.<\/p>\n<p class=\"product-p\"><strong>Nicole 3099 EDP<\/strong> kreiran je za samouvjerene mu\u0161karce koji cijene luksuz i originalnost. Savr\u0161en je za ve\u010dernje izlaske, posebne prilike, ali i za svakodnevno no\u0161enje onih koji \u017eele ostaviti dojam posebnosti. Njegova prilagodljivost omogu\u0107uje no\u0161enje u razli\u010ditim prilikama, uvijek ostavljaju\u0107i dojam profinjenosti.<\/p>\n<p class=\"product-p\">Ako ste spremni uroniti u svijet profinjene ko\u017ene senzualnosti i luksuza, <strong>Nicole 3099 EDP<\/strong>\u00a0pravi je izbor za vas.<\/p>\n","protected":false},"excerpt":{"rendered":"<p><strong>Nicole 3099 EDP<\/strong> kreiran je za samouvjerene mu\u0161karce koji cijene luksuz i originalnost. Savr\u0161en je za ve\u010dernje izlaske, posebne prilike, ali i za svakodnevno no\u0161enje onih koji \u017eele osje\u0107aj posebnosti. Njegova prilagodljivost omogu\u0107uje no\u0161enje u razli\u010ditim prilikama, uvijek ostavljaju\u0107i dojam profinjenosti.<\/p>\n","protected":false},"featured_media":29232,"comment_status":"open","ping_status":"closed","template":"","meta":{"_acf_changed":false},"product_brand":[],"product_cat":[203,187],"product_tag":[],"class_list":{"0":"post-29214","1":"product","2":"type-product","3":"status-publish","4":"has-post-thumbnail","6":"product_cat-tom-ford-marka","7":"product_cat-za-muskarce","9":"first","10":"instock","11":"taxable","12":"shipping-taxable","13":"purchasable","14":"product-type-variable","15":"has-default-attributes"},"acf":[],"_links":{"self":[{"href":"https:\/\/nicolefragrance.se\/hr\/wp-json\/wp\/v2\/product\/29214","targetHints":{"allow":["GET"]}}],"collection":[{"href":"https:\/\/nicolefragrance.se\/hr\/wp-json\/wp\/v2\/product"}],"about":[{"href":"https:\/\/nicolefragrance.se\/hr\/wp-json\/wp\/v2\/types\/product"}],"replies":[{"embeddable":true,"href":"https:\/\/nicolefragrance.se\/hr\/wp-json\/wp\/v2\/comments?post=29214"}],"version-history":[{"count":0,"href":"https:\/\/nicolefragrance.se\/hr\/wp-json\/wp\/v2\/product\/29214\/revisions"}],"wp:featuredmedia":[{"embeddable":true,"href":"https:\/\/nicolefragrance.se\/hr\/wp-json\/wp\/v2\/media\/29232"}],"wp:attachment":[{"href":"https:\/\/nicolefragrance.se\/hr\/wp-json\/wp\/v2\/media?parent=29214"}],"wp:term":[{"taxonomy":"product_brand","embeddable":true,"href":"https:\/\/nicolefragrance.se\/hr\/wp-json\/wp\/v2\/product_brand?post=29214"},{"taxonomy":"product_cat","embeddable":true,"href":"https:\/\/nicolefragrance.se\/hr\/wp-json\/wp\/v2\/product_cat?post=29214"},{"taxonomy":"product_tag","embeddable":true,"href":"https:\/\/nicolefragrance.se\/hr\/wp-json\/wp\/v2\/product_tag?post=29214"}],"curies":[{"name":"wp","href":"https:\/\/api.w.org\/{rel}","templated":true}]}}