{"id":29146,"date":"2025-07-17T08:16:12","date_gmt":"2025-07-17T06:16:12","guid":{"rendered":"https:\/\/nicolefragrance.se\/?post_type=product&#038;p=29146"},"modified":"2025-07-18T22:16:37","modified_gmt":"2025-07-18T20:16:37","slug":"le-male-jean-paul-gaultier","status":"publish","type":"product","link":"https:\/\/nicolefragrance.se\/hr\/proizvod\/le-male-jean-paul-gaultier\/","title":{"rendered":"Nicole 3094 EDP inspiriran s Le Male Jean Paul Gaultier"},"content":{"rendered":"<p data-start=\"0\" data-end=\"202\"><strong>Nicole 3094 EDP<\/strong> inspiriran s Le Male Jean Paul Gaultier revolucionaran je orijentalni foug\u00e8re miris za mu\u0161karce, lansiran 1995. godine. Stvoren kako bi utjelovio sna\u017enog i senzualnog mu\u0161karca, ubrzo je postao globalni fenomen.<\/p>\n<p data-start=\"204\" data-end=\"730\">Mirisna kompozicija parfema <strong>Nicole 3094 EDP<\/strong>\u00a0otvara se osvje\u017eavaju\u0107im notama metvice, lavande i bergamota. Metvica donosi ledenu svje\u017einu, lavanda pru\u017ea klasi\u010dnu aromati\u010dnu \u010disto\u0107u karakteristi\u010dnu za foug\u00e8re mirise, dok bergamot unosi citrusnu \u017eivahnost. U srcu parfema razvijaju se slatke i za\u010dinske note cimeta, cvijeta naran\u010de i kima, koje pridonose neo\u010dekivanoj senzualnosti. Baza parfema je duboka, kremasta i iznimno postojana \u2013 s notama vanilije, tonke, sandalovine, ambera i cedra ostavlja dugotrajan i sna\u017eno mu\u017eevan trag.<\/p>\n<p data-start=\"732\" data-end=\"1094\" data-is-last-node=\"\" data-is-only-node=\"\"><strong>Nicole 3094 EDP<\/strong>\u00a0namijenjen je mu\u0161karcu koji se ne boji pokazati svoju emotivnu stranu, a istovremeno je siguran u vlastitu privla\u010dnost. Idealan je za no\u0161enje tijekom cijele godine, a osobito dolazi do izra\u017eaja u hladnijim mjesecima. Njegova izvanredna projekcija i postojanost \u010dine ga savr\u0161enim izborom za mu\u0161karca koji \u017eeli ostaviti sna\u017ean dojam.<\/p>\n","protected":false},"excerpt":{"rendered":"<p><strong>Nicole 3094 EDP<\/strong>\u00a0je namijenjen je mu\u0161karcu koji se ne boji pokazati svoju emotivnu stranu, a istovremeno zra\u010di samopouzdanjem i svije\u0161\u0107u o vlastitoj privla\u010dnosti. Idealan je za no\u0161enje tijekom cijele godine, no osobito se isti\u010de u hladnijim mjesecima. Njegova iznimna projekcija i postojanost \u010dine ga savr\u0161enim izborom za mu\u0161karca koji \u017eeli ostaviti sna\u017ean dojam.<\/p>\n","protected":false},"featured_media":29158,"comment_status":"open","ping_status":"closed","template":"","meta":{"_acf_changed":false},"product_brand":[],"product_cat":[640,623],"product_tag":[],"class_list":{"0":"post-29146","1":"product","2":"type-product","3":"status-publish","4":"has-post-thumbnail","6":"product_cat-jean-paul-gaultier-marke","7":"product_cat-for-man","9":"first","10":"instock","11":"taxable","12":"shipping-taxable","13":"purchasable","14":"product-type-variable","15":"has-default-attributes"},"acf":[],"_links":{"self":[{"href":"https:\/\/nicolefragrance.se\/hr\/wp-json\/wp\/v2\/product\/29146","targetHints":{"allow":["GET"]}}],"collection":[{"href":"https:\/\/nicolefragrance.se\/hr\/wp-json\/wp\/v2\/product"}],"about":[{"href":"https:\/\/nicolefragrance.se\/hr\/wp-json\/wp\/v2\/types\/product"}],"replies":[{"embeddable":true,"href":"https:\/\/nicolefragrance.se\/hr\/wp-json\/wp\/v2\/comments?post=29146"}],"version-history":[{"count":0,"href":"https:\/\/nicolefragrance.se\/hr\/wp-json\/wp\/v2\/product\/29146\/revisions"}],"wp:featuredmedia":[{"embeddable":true,"href":"https:\/\/nicolefragrance.se\/hr\/wp-json\/wp\/v2\/media\/29158"}],"wp:attachment":[{"href":"https:\/\/nicolefragrance.se\/hr\/wp-json\/wp\/v2\/media?parent=29146"}],"wp:term":[{"taxonomy":"product_brand","embeddable":true,"href":"https:\/\/nicolefragrance.se\/hr\/wp-json\/wp\/v2\/product_brand?post=29146"},{"taxonomy":"product_cat","embeddable":true,"href":"https:\/\/nicolefragrance.se\/hr\/wp-json\/wp\/v2\/product_cat?post=29146"},{"taxonomy":"product_tag","embeddable":true,"href":"https:\/\/nicolefragrance.se\/hr\/wp-json\/wp\/v2\/product_tag?post=29146"}],"curies":[{"name":"wp","href":"https:\/\/api.w.org\/{rel}","templated":true}]}}