{"id":2911,"date":"2022-10-02T13:00:27","date_gmt":"2022-10-02T11:00:27","guid":{"rendered":"https:\/\/nicolefragrance.se\/?post_type=product&#038;p=2911"},"modified":"2026-03-02T13:07:47","modified_gmt":"2026-03-02T12:07:47","slug":"jimmy-choo-woman-nicole-edp","status":"publish","type":"product","link":"https:\/\/nicolefragrance.se\/hr\/proizvod\/jimmy-choo-woman-nicole-edp\/","title":{"rendered":"Nicole 2026 EDP inspiriran s Jimmy Choo Woman"},"content":{"rendered":"<p><strong>Jimmy Choo Woman<\/strong> je miris koji je osvojio srca \u017eena \u0161irom svijeta. Ovaj \u010darobni \u017eenski parfem, lansiran 2011. godine, kreiran je za modernu i sna\u017enu \u017eenu koja zra\u010di samopouzdanjem.<\/p>\n<p>Gornje note ovog mirisa obuhva\u0107aju so\u010dnu kru\u0161ku, osvje\u017eavaju\u0107u mandarinsku naran\u010du i zelene note. Ove note otvaraju miris na svje\u017e i energi\u010dan na\u010din, \u010dine\u0107i ga privla\u010dnim od samog po\u010detka. U srcu mirisa isti\u010de se prelijepa orhideja. Ova nota daje mirisu cvjetni karakter, dodaju\u0107i mu \u017eenstvenu notu. Orhideja je cvije\u0107e koje simbolizira ljepotu, eleganciju i luksuz &#8211; ba\u0161 kao i \u017eena koja nosi <strong>Jimmy Choo Woman<\/strong>. Baza mirisa je prava poslastica. Ona se sastoji od tofija i indonezijskog pa\u010dulija, koji dodaju dubinu i senzualnost cjelokupnom kompozicijom. Tofija donosi slatku i primamljivu notu, dok pa\u010duli pru\u017ea toplinu i bogatstvo mirisa.<\/p>\n<p>Jimmy Choo je \u017eenstven, osna\u017euju\u0107i i izuzetno senzualan parfem. To je miris koji isti\u010de va\u0161u unutarnju ljepotu i samopouzdanje.<\/p>\n<p><strong>Jimmy Choo Woman<\/strong> je miris za \u017eene koje znaju \u0161to \u017eele i ne boje se da to poka\u017eu. Ovaj miris je senzualna harmonija koja \u0107e vas obuzeti i ostati sa vama tijekom cijelog dana.<\/p>\n","protected":false},"excerpt":{"rendered":"<p>Jimmy Choo Woman je \u017eenstven, osna\u017euju\u0107i i izuzetno senzualan parfem. To je miris koji isti\u010de va\u0161u unutarnju ljepotu i samopouzdanje.\u00a0Jimmy Choo je miris za \u017eene koje znaju \u0161to \u017eele i ne boje se to pokazati. Ovaj miris je senzualna harmonija koja \u0107e vas obuzeti i ostati sa vama tijekom cijelog dana.<\/p>\n","protected":false},"featured_media":26718,"comment_status":"open","ping_status":"closed","template":"","meta":{"_acf_changed":false},"product_brand":[],"product_cat":[671,621],"product_tag":[],"class_list":{"0":"post-2911","1":"product","2":"type-product","3":"status-publish","4":"has-post-thumbnail","6":"product_cat-jimmy-choo-marke","7":"product_cat-for-kvinnor","9":"first","10":"instock","11":"sale","12":"taxable","13":"shipping-taxable","14":"purchasable","15":"product-type-variable","16":"has-default-attributes"},"acf":[],"_links":{"self":[{"href":"https:\/\/nicolefragrance.se\/hr\/wp-json\/wp\/v2\/product\/2911","targetHints":{"allow":["GET"]}}],"collection":[{"href":"https:\/\/nicolefragrance.se\/hr\/wp-json\/wp\/v2\/product"}],"about":[{"href":"https:\/\/nicolefragrance.se\/hr\/wp-json\/wp\/v2\/types\/product"}],"replies":[{"embeddable":true,"href":"https:\/\/nicolefragrance.se\/hr\/wp-json\/wp\/v2\/comments?post=2911"}],"version-history":[{"count":0,"href":"https:\/\/nicolefragrance.se\/hr\/wp-json\/wp\/v2\/product\/2911\/revisions"}],"wp:featuredmedia":[{"embeddable":true,"href":"https:\/\/nicolefragrance.se\/hr\/wp-json\/wp\/v2\/media\/26718"}],"wp:attachment":[{"href":"https:\/\/nicolefragrance.se\/hr\/wp-json\/wp\/v2\/media?parent=2911"}],"wp:term":[{"taxonomy":"product_brand","embeddable":true,"href":"https:\/\/nicolefragrance.se\/hr\/wp-json\/wp\/v2\/product_brand?post=2911"},{"taxonomy":"product_cat","embeddable":true,"href":"https:\/\/nicolefragrance.se\/hr\/wp-json\/wp\/v2\/product_cat?post=2911"},{"taxonomy":"product_tag","embeddable":true,"href":"https:\/\/nicolefragrance.se\/hr\/wp-json\/wp\/v2\/product_tag?post=2911"}],"curies":[{"name":"wp","href":"https:\/\/api.w.org\/{rel}","templated":true}]}}