{"id":2899,"date":"2022-09-20T13:41:24","date_gmt":"2022-09-20T11:41:24","guid":{"rendered":"https:\/\/nicolefragrance.se\/?post_type=product&#038;p=2899"},"modified":"2025-07-07T08:46:26","modified_gmt":"2025-07-07T06:46:26","slug":"jennifer-lopez-live-nicole-edp","status":"publish","type":"product","link":"https:\/\/nicolefragrance.se\/hr\/proizvod\/jennifer-lopez-live-nicole-edp\/","title":{"rendered":"Nicole 2029 EDP inspiriran s Live Jennifer Lopez"},"content":{"rendered":"<p><strong>Jennifer Lopez Live<\/strong> je \u017eenski parfem lansiran 2005. godine koji nosi sa sobom energiju, radost i ritam plesa \u010duvene pop zvijezde. Ovaj mirisni dragulj stvorio je Dominique Ropion, a spaja svje\u017einu citrusa sa nje\u017enim cvjetnim notama i toplinom slatkih za\u010dina.<\/p>\n<p>\u010cim otvorite bo\u010dicu parfema biti \u0107ete do\u010dekani citrusnim notama sicilijanskog limuna, bergamota i so\u010dnog ananasa. Ove gornje note donose harmoniju i pripremaju vas na nezaboravan mirisni do\u017eivljaj. Srce parfema otkriva ritmi\u010dnu kombinaciju crvenog ribizla, bo\u017eur cvijeta i ljubi\u010dice. Ove note donose radost i \u017eivahnost, kao da vam sviraju melodiju plesa na kojem u\u010destvujete.<\/p>\n<p><strong>Jennifer Lopez Live<\/strong> je parfem koji kombinira dinami\u010dnu energiju i zabavu plesa sa uzbu\u0111enjem seksipila i samopouzdanja. Miris ovog parfema donosi vam osje\u0107aj \u017eivota u pokretu, \u017eivota koji se izra\u017eava kroz ritam plesa i radosti \u017eivljenja. Live Perfume by Jennifer Lopez je mirisna eksplozija koja \u0107e vas momentalno osvje\u017eiti i razveseliti.<\/p>\n<p>Ovo je miris pun \u017eivota, sre\u0107e i ritma. Moto Jennifer Lopez koji glasi &#8220;\u017eivi da bi plesao&#8221; ovaj parfem prevodi u mirisnu notu koja \u0107e vam pru\u017eiti osvje\u017eenje i radost svaki put kada je nanesete.<\/p>\n<p>Uzmite <strong>Jennifer Lopez Live<\/strong> i dopustite sebi da zaple\u0161ete uz ovu mirisnu melodiju.<\/p>\n","protected":false},"excerpt":{"rendered":"<p>Jennifer Lopez Live je parfem koji kombinira dinami\u010dnu energiju i zabavu plesa sa uzbu\u0111enjem seksipila i samopouzdanja. Miris ovog parfema donosi vam osje\u0107aj \u017eivota u pokretu, \u017eivota koji se izra\u017eava kroz ritam plesa i radosti \u017eivljenja. Live Perfume by Jennifer Lopez je mirisna eksplozija koja \u0107e vas momentalno osvje\u017eiti i razveseliti.<\/p>\n","protected":false},"featured_media":26729,"comment_status":"open","ping_status":"closed","template":"","meta":{"_acf_changed":false},"product_brand":[],"product_cat":[224,186],"product_tag":[],"class_list":{"0":"post-2899","1":"product","2":"type-product","3":"status-publish","4":"has-post-thumbnail","6":"product_cat-jennifer-lopez-marka","7":"product_cat-za-zene","9":"first","10":"instock","11":"sale","12":"taxable","13":"shipping-taxable","14":"purchasable","15":"product-type-variable","16":"has-default-attributes"},"acf":[],"_links":{"self":[{"href":"https:\/\/nicolefragrance.se\/hr\/wp-json\/wp\/v2\/product\/2899","targetHints":{"allow":["GET"]}}],"collection":[{"href":"https:\/\/nicolefragrance.se\/hr\/wp-json\/wp\/v2\/product"}],"about":[{"href":"https:\/\/nicolefragrance.se\/hr\/wp-json\/wp\/v2\/types\/product"}],"replies":[{"embeddable":true,"href":"https:\/\/nicolefragrance.se\/hr\/wp-json\/wp\/v2\/comments?post=2899"}],"version-history":[{"count":0,"href":"https:\/\/nicolefragrance.se\/hr\/wp-json\/wp\/v2\/product\/2899\/revisions"}],"wp:featuredmedia":[{"embeddable":true,"href":"https:\/\/nicolefragrance.se\/hr\/wp-json\/wp\/v2\/media\/26729"}],"wp:attachment":[{"href":"https:\/\/nicolefragrance.se\/hr\/wp-json\/wp\/v2\/media?parent=2899"}],"wp:term":[{"taxonomy":"product_brand","embeddable":true,"href":"https:\/\/nicolefragrance.se\/hr\/wp-json\/wp\/v2\/product_brand?post=2899"},{"taxonomy":"product_cat","embeddable":true,"href":"https:\/\/nicolefragrance.se\/hr\/wp-json\/wp\/v2\/product_cat?post=2899"},{"taxonomy":"product_tag","embeddable":true,"href":"https:\/\/nicolefragrance.se\/hr\/wp-json\/wp\/v2\/product_tag?post=2899"}],"curies":[{"name":"wp","href":"https:\/\/api.w.org\/{rel}","templated":true}]}}