{"id":2887,"date":"2022-09-20T13:36:39","date_gmt":"2022-09-20T11:36:39","guid":{"rendered":"https:\/\/nicolefragrance.se\/?post_type=product&#038;p=2887"},"modified":"2025-07-07T08:49:13","modified_gmt":"2025-07-07T06:49:13","slug":"montale-intense-cafe-nicole-edp","status":"publish","type":"product","link":"https:\/\/nicolefragrance.se\/hr\/proizvod\/montale-intense-cafe-nicole-edp\/","title":{"rendered":"Nicole 3028 EDP inspiriran s Intense Cafe Montale"},"content":{"rendered":"<p><strong>Montale Intense Cafe<\/strong> je unisex parfem koji o\u010darava svojom senzualno\u0161\u0107u i dubokim notama. Kreiran 2013. godine, ovaj miris predstavlja pravu simfoniju mirisnih elemenata koja oduzima dah.<\/p>\n<p>Glavne note uklju\u010duju delikatnu ru\u017eu i senzualnu kavu, koje se mije\u0161aju sa drugim notama kako bi stvorile jedinstvenu i zavodljivu kompoziciju. U srcu parfema, ru\u017ea igra klju\u010dnu ulogu dodaju\u0107i cvjetnu notu koja je nje\u017ena i istovremeno senzualna. Kava dodaje notu topline i dubine, pru\u017eaju\u0107i mirisu karakteristi\u010dan miris ovog omiljenog napitka. Baza mirisa \u010dini kombinaciju vanilije, ambera i bijelog mo\u0161usa.<\/p>\n<p><strong>Montale Intense Cafe<\/strong> je miris koji \u0107e vas osvojiti svojom dubinom i neodoljivom privla\u010dno\u0161\u0107u. Njegova gurmanska priroda \u010dini ga savr\u0161enim izborom kako za mu\u0161karce tako i za \u017eene, a posebno za one koji obo\u017eavaju miris kave.<\/p>\n<p>Intense Cafe je miris koji odi\u0161e elegancijom i stra\u0161\u0107u. Osim svoje bogate arome, nudi i izvanrednu postojanost. Kada ga nanesete, mo\u017eete biti sigurni da \u0107e vas pratiti tijekom cijelog dana ili ve\u010deri.<\/p>\n<p><strong>Montale Intense Cafe<\/strong> je miris za sve ljubitelje senzualnosti i dubokih nota. Neka vas ova aromati\u010dna simfonija vodi kroz svijet strasti i u\u017eivanja.<\/p>\n","protected":false},"excerpt":{"rendered":"<p>Montale Intense Cafe je miris koji \u0107e vas osvojiti svojom dubinom i neodoljivom privla\u010dno\u0161\u0107u. Njegova gurmanska priroda \u010dini ga savr\u0161enim izborom kako za mu\u0161karce tako i za \u017eene, a posebno za one koji obo\u017eavaju miris kave. Intense Cafe je miris koji odi\u0161e elegancijom i stra\u0161\u0107u. Osim svoje bogate arome, nudi i izvanrednu postojanost.<\/p>\n","protected":false},"featured_media":26740,"comment_status":"open","ping_status":"closed","template":"","meta":{"_acf_changed":false},"product_brand":[],"product_cat":[242,188,187,186],"product_tag":[],"class_list":{"0":"post-2887","1":"product","2":"type-product","3":"status-publish","4":"has-post-thumbnail","6":"product_cat-montale-marka","7":"product_cat-unisex","8":"product_cat-za-muskarce","9":"product_cat-za-zene","11":"first","12":"instock","13":"taxable","14":"shipping-taxable","15":"purchasable","16":"product-type-variable","17":"has-default-attributes"},"acf":[],"_links":{"self":[{"href":"https:\/\/nicolefragrance.se\/hr\/wp-json\/wp\/v2\/product\/2887","targetHints":{"allow":["GET"]}}],"collection":[{"href":"https:\/\/nicolefragrance.se\/hr\/wp-json\/wp\/v2\/product"}],"about":[{"href":"https:\/\/nicolefragrance.se\/hr\/wp-json\/wp\/v2\/types\/product"}],"replies":[{"embeddable":true,"href":"https:\/\/nicolefragrance.se\/hr\/wp-json\/wp\/v2\/comments?post=2887"}],"version-history":[{"count":0,"href":"https:\/\/nicolefragrance.se\/hr\/wp-json\/wp\/v2\/product\/2887\/revisions"}],"wp:featuredmedia":[{"embeddable":true,"href":"https:\/\/nicolefragrance.se\/hr\/wp-json\/wp\/v2\/media\/26740"}],"wp:attachment":[{"href":"https:\/\/nicolefragrance.se\/hr\/wp-json\/wp\/v2\/media?parent=2887"}],"wp:term":[{"taxonomy":"product_brand","embeddable":true,"href":"https:\/\/nicolefragrance.se\/hr\/wp-json\/wp\/v2\/product_brand?post=2887"},{"taxonomy":"product_cat","embeddable":true,"href":"https:\/\/nicolefragrance.se\/hr\/wp-json\/wp\/v2\/product_cat?post=2887"},{"taxonomy":"product_tag","embeddable":true,"href":"https:\/\/nicolefragrance.se\/hr\/wp-json\/wp\/v2\/product_tag?post=2887"}],"curies":[{"name":"wp","href":"https:\/\/api.w.org\/{rel}","templated":true}]}}