{"id":2875,"date":"2022-09-20T13:30:32","date_gmt":"2022-09-20T11:30:32","guid":{"rendered":"https:\/\/nicolefragrance.se\/?post_type=product&#038;p=2875"},"modified":"2025-07-07T08:51:48","modified_gmt":"2025-07-07T06:51:48","slug":"bitter-peach-tom-ford-nicole-edp","status":"publish","type":"product","link":"https:\/\/nicolefragrance.se\/hr\/proizvod\/bitter-peach-tom-ford-nicole-edp\/","title":{"rendered":"Nicole 3027 EDP inspiriran s Bitter Peach Tom Ford"},"content":{"rendered":"<p><strong>Bitter Peach by Tom Ford<\/strong> je unisex parfem koji se igra sa temom so\u010dnog i slatkog vo\u0107a na na\u010din karakteristi\u010dan za ovaj brend.<\/p>\n<p>Ovaj parfem budi osje\u0107aj opisan kao rasko\u0161an i erotski, a oboga\u0107en rasko\u0161nim aromama finih pi\u0107a i notama kardamoma. Miris sadr\u017ei note opojne <em>p\u00eache de vigne<\/em> i ulja od crvene naran\u010de koje osloba\u0111aju rasko\u0161nu slatko\u0107u gorke breskve.<\/p>\n<p><strong>Tom Ford Bitter Peach<\/strong> je izazvao mnogo divljenja i kritika, postaju\u0107i jedan od najkontroverznijih mirisa poslijednjih godina. Neobi\u010dna kombinacija slatkih nota breskve sa dimnim drvetom, za\u010dinima, mo\u0161usima i balzamima istovremeno je hvaljena i osporavana. Neki ga vole, neki ga ne vole &#8211; ali nema sumnje da niko nije ravnodu\u0161an prema ovom mirisu.<\/p>\n<p><strong>Tom Ford Bitter Peach<\/strong> je avanturisti\u010dki i neobi\u010dan miris koji se isti\u010de iz mase. Miris slatke breskve pro\u017eet je dimnim notama, stvaraju\u0107i slo\u017een i intrigantan do\u017eivljaj. To je miris za one koji \u017eele da se istaknu, da izraze svoju individualnost i da se osje\u0107aju samouvjereno i razigrano. Iako je spolariziran i mo\u017eda nije za svakoga, <strong>Bitter Peach Tom Ford<\/strong> ostavlja neizbrisiv utisak i sigurno \u0107e privu\u0107i pa\u017enju gdje god da se pojavi.<\/p>\n","protected":false},"excerpt":{"rendered":"<p>Tom Ford Bitter Peach je avanturisti\u010dki i neobi\u010dan miris koji se isti\u010de iz mase. Miris slatke breskve pro\u017eet je dimnim notama, stvaraju\u0107i slo\u017een i intrigantan do\u017eivljaj. To je miris za one koji se \u017eele istaknuti, izraziti svoju individualnost i da se osje\u0107aju samouvjereno i razigrano. Iako je spolariziran i mo\u017eda nije za svakoga, Bitter Peach Tom Ford ostavlja neizbrisiv utisak i sigurno \u0107e privu\u0107i pa\u017enju gdje god da se pojavi.<\/p>\n","protected":false},"featured_media":26751,"comment_status":"open","ping_status":"closed","template":"","meta":{"_acf_changed":false},"product_brand":[],"product_cat":[203,188,187,186],"product_tag":[],"class_list":{"0":"post-2875","1":"product","2":"type-product","3":"status-publish","4":"has-post-thumbnail","6":"product_cat-tom-ford-marka","7":"product_cat-unisex","8":"product_cat-za-muskarce","9":"product_cat-za-zene","11":"first","12":"instock","13":"taxable","14":"shipping-taxable","15":"purchasable","16":"product-type-variable","17":"has-default-attributes"},"acf":[],"_links":{"self":[{"href":"https:\/\/nicolefragrance.se\/hr\/wp-json\/wp\/v2\/product\/2875","targetHints":{"allow":["GET"]}}],"collection":[{"href":"https:\/\/nicolefragrance.se\/hr\/wp-json\/wp\/v2\/product"}],"about":[{"href":"https:\/\/nicolefragrance.se\/hr\/wp-json\/wp\/v2\/types\/product"}],"replies":[{"embeddable":true,"href":"https:\/\/nicolefragrance.se\/hr\/wp-json\/wp\/v2\/comments?post=2875"}],"version-history":[{"count":0,"href":"https:\/\/nicolefragrance.se\/hr\/wp-json\/wp\/v2\/product\/2875\/revisions"}],"wp:featuredmedia":[{"embeddable":true,"href":"https:\/\/nicolefragrance.se\/hr\/wp-json\/wp\/v2\/media\/26751"}],"wp:attachment":[{"href":"https:\/\/nicolefragrance.se\/hr\/wp-json\/wp\/v2\/media?parent=2875"}],"wp:term":[{"taxonomy":"product_brand","embeddable":true,"href":"https:\/\/nicolefragrance.se\/hr\/wp-json\/wp\/v2\/product_brand?post=2875"},{"taxonomy":"product_cat","embeddable":true,"href":"https:\/\/nicolefragrance.se\/hr\/wp-json\/wp\/v2\/product_cat?post=2875"},{"taxonomy":"product_tag","embeddable":true,"href":"https:\/\/nicolefragrance.se\/hr\/wp-json\/wp\/v2\/product_tag?post=2875"}],"curies":[{"name":"wp","href":"https:\/\/api.w.org\/{rel}","templated":true}]}}