{"id":2863,"date":"2022-09-20T13:23:23","date_gmt":"2022-09-20T11:23:23","guid":{"rendered":"https:\/\/nicolefragrance.se\/?post_type=product&#038;p=2863"},"modified":"2025-07-07T08:57:30","modified_gmt":"2025-07-07T06:57:30","slug":"mont-blanc-explorer-man-nicole-edp","status":"publish","type":"product","link":"https:\/\/nicolefragrance.se\/hr\/proizvod\/mont-blanc-explorer-man-nicole-edp\/","title":{"rendered":"Nicole 3026 EDP inspiriran s Explorer Man Montblanc"},"content":{"rendered":"<p><strong>Explorer Man by Montblanc<\/strong> je mu\u0161ki miris koji budi ili o\u017eivljava avanturisti\u010dki duh u vama.<\/p>\n<p>U vrhu parfema nazire se bergamot, ru\u017ei\u010dasti papar i mu\u0161katna \u017ealfija. Srednje note \u010dine vetiver sa Haitija i ko\u017ea, dok se u osnovi mirisa nalaze su ambroksan, akigala, indonje\u017eanski list pa\u010dulija i kakao mahuna. Bogatim drvenim notama i aromati\u010dnim akordima, ovaj parfem u\u010dini\u0107e da se osje\u0107ate samouvjereno i spremno za svaku avanturu.<\/p>\n<p>Ako volite miris parfema Creed Aventus, <strong>Montblanc Explorer Man<\/strong> \u0107e vam se definitivno svidjeti. Mnogi ga smatraju vrlo sli\u010dnim ovom kultnom parfemu, \u0161to ga \u010dini odli\u010dnim izborom za ljubitelje luksuznih mirisa.<\/p>\n<p><strong>Montblanc Explorer Man<\/strong> je miris za mu\u0161karca koji voli avanture. On je hrabar i samouvjeren, spreman da istra\u017ei nepoznato i stvori svoj put ka vrhu. Ovaj miris vas inspirira da se upustite u nove izazove i da nikada ne prestanete sa istra\u017eivanjem.<\/p>\n<p><strong>Montblanc Explorer Man<\/strong> je miris koji ispituje granice. Svojom jedinstvenom kombinacijom nota, ovaj miris \u0107e vas inspirirati da budete hrabri i samouvjereni u svemu \u0161to radite.<\/p>\n<p>Bilo da ste na poslovnom putovanju ili planirate vikend avanturu, <strong>Explorer by Montblanc<\/strong> \u0107e biti va\u0161e tajno oru\u017eje za ostavljanje neizbrisivog utiska i pru\u017eiti vam osje\u0107aj ekskluzivnosti svakog dana.<\/p>\n","protected":false},"excerpt":{"rendered":"<p>Montblanc Explorer Man je miris za mu\u0161karca koji voli avanture. On je hrabar i samouvjeren, spreman istra\u017eivati nepoznato i stvariti svoj put k vrhu. Ovaj miris vas inspirira da se upustite u nove izazove i da nikada ne prestanete sa istra\u017eivanjem. Bilo da ste na poslovnom putovanju ili planirate vikend avanturu, Explorer \u0107e biti va\u0161e tajno oru\u017eje za ostavljanje neizbrisivog utiska i pru\u017eiti vam osje\u0107aj ekskluzivnosti svakog dana.<\/p>\n","protected":false},"featured_media":26762,"comment_status":"open","ping_status":"closed","template":"","meta":{"_acf_changed":false},"product_brand":[],"product_cat":[229,187],"product_tag":[],"class_list":{"0":"post-2863","1":"product","2":"type-product","3":"status-publish","4":"has-post-thumbnail","6":"product_cat-montblanc-marka","7":"product_cat-za-muskarce","9":"first","10":"instock","11":"taxable","12":"shipping-taxable","13":"purchasable","14":"product-type-variable","15":"has-default-attributes"},"acf":[],"_links":{"self":[{"href":"https:\/\/nicolefragrance.se\/hr\/wp-json\/wp\/v2\/product\/2863","targetHints":{"allow":["GET"]}}],"collection":[{"href":"https:\/\/nicolefragrance.se\/hr\/wp-json\/wp\/v2\/product"}],"about":[{"href":"https:\/\/nicolefragrance.se\/hr\/wp-json\/wp\/v2\/types\/product"}],"replies":[{"embeddable":true,"href":"https:\/\/nicolefragrance.se\/hr\/wp-json\/wp\/v2\/comments?post=2863"}],"version-history":[{"count":0,"href":"https:\/\/nicolefragrance.se\/hr\/wp-json\/wp\/v2\/product\/2863\/revisions"}],"wp:featuredmedia":[{"embeddable":true,"href":"https:\/\/nicolefragrance.se\/hr\/wp-json\/wp\/v2\/media\/26762"}],"wp:attachment":[{"href":"https:\/\/nicolefragrance.se\/hr\/wp-json\/wp\/v2\/media?parent=2863"}],"wp:term":[{"taxonomy":"product_brand","embeddable":true,"href":"https:\/\/nicolefragrance.se\/hr\/wp-json\/wp\/v2\/product_brand?post=2863"},{"taxonomy":"product_cat","embeddable":true,"href":"https:\/\/nicolefragrance.se\/hr\/wp-json\/wp\/v2\/product_cat?post=2863"},{"taxonomy":"product_tag","embeddable":true,"href":"https:\/\/nicolefragrance.se\/hr\/wp-json\/wp\/v2\/product_tag?post=2863"}],"curies":[{"name":"wp","href":"https:\/\/api.w.org\/{rel}","templated":true}]}}