{"id":2851,"date":"2022-08-29T10:05:59","date_gmt":"2022-08-29T08:05:59","guid":{"rendered":"https:\/\/nicolefragrance.se\/?post_type=product&#038;p=2851"},"modified":"2026-01-03T10:58:24","modified_gmt":"2026-01-03T09:58:24","slug":"ari-ariana-grande-nicole-edp","status":"publish","type":"product","link":"https:\/\/nicolefragrance.se\/hr\/proizvod\/ari-ariana-grande-nicole-edp\/","title":{"rendered":"Nicole 2028 EDP inspiriran s Ari Ariana Grande"},"content":{"rendered":"<p><strong>Ari by Ariana Grande<\/strong> je rasko\u0161an i privla\u010dan \u017eenski parfem sa vo\u0107nim notama maline, grejpfruta i kru\u0161ke na vrhu. U srcu ovog mirisa nalaze se cvjetne note vanilija orhideja, ru\u017ee i \u0111ur\u0111evka. Miris se zaklju\u010duje sa drvenim notama, mo\u0161usom i primamljivom notom pjenastog mar\u0161melou slatki\u0161a.<\/p>\n<p>Ovaj vrcavi, vremenski neodre\u0111en i samouvjereni parfem spada u kategoriju cvjetno-vo\u0107nih i gurmanskih mirisa. <strong>Ari by Ariana Grande<\/strong> miri\u0161e slatko i vo\u0107no. osvje\u017eavaju\u0107 je, ali istovremeno i zavodljiv.<\/p>\n<p><strong>Ari by Ariana Grande<\/strong> je savr\u0161en za \u017eenu koja \u017eeli da se osje\u0107a privla\u010dno, samouvjereno i zavodljivo, nevezano za godine. Ako volite vo\u0107ne i cvjetne note u mirisima, Ari od Ariane Grande je izbor za vas.<\/p>\n<p>Ova mirisna kreacija pru\u017ea dugotrajnost tijekom dana, \u0161to zna\u010di da ne morate \u010desto nanositi parfem. Ariana Grande je uspela da stvori miris koji je ne samo sladak i vo\u0107an, ve\u0107 i senzualan i neodoljiv. Ari Ariana Grande \u0107e vas osvje\u017eiti svojim vo\u0107nim notama i ostaviti trag zavodljive vanilije i cvjetnih akorda.<\/p>\n","protected":false},"excerpt":{"rendered":"<p>Ari by Ariana Grande je rasko\u0161an i privla\u010dan, vrckavi, vremenski neodre\u0111en i samouvjeren parfem koji spada u kategoriju cvjetno-vo\u0107nih i gurmanskih mirisa. Ari by Ariana Grande miri\u0161e slatko i vo\u0107no. Osvje\u017eavaju\u0107 je, ali istovremeno i zavodljiv. Savr\u0161en je za \u017eenu koja se \u017eeli osje\u0107ati privla\u010dno, samouvjereno i zavodljivo, nevezano za godine.<\/p>\n","protected":false},"featured_media":26774,"comment_status":"open","ping_status":"closed","template":"","meta":{"_acf_changed":false},"product_brand":[],"product_cat":[241,186],"product_tag":[],"class_list":{"0":"post-2851","1":"product","2":"type-product","3":"status-publish","4":"has-post-thumbnail","6":"product_cat-ariana-grande-marka","7":"product_cat-za-zene","9":"first","10":"instock","11":"taxable","12":"shipping-taxable","13":"purchasable","14":"product-type-variable","15":"has-default-attributes"},"acf":[],"_links":{"self":[{"href":"https:\/\/nicolefragrance.se\/hr\/wp-json\/wp\/v2\/product\/2851","targetHints":{"allow":["GET"]}}],"collection":[{"href":"https:\/\/nicolefragrance.se\/hr\/wp-json\/wp\/v2\/product"}],"about":[{"href":"https:\/\/nicolefragrance.se\/hr\/wp-json\/wp\/v2\/types\/product"}],"replies":[{"embeddable":true,"href":"https:\/\/nicolefragrance.se\/hr\/wp-json\/wp\/v2\/comments?post=2851"}],"version-history":[{"count":0,"href":"https:\/\/nicolefragrance.se\/hr\/wp-json\/wp\/v2\/product\/2851\/revisions"}],"wp:featuredmedia":[{"embeddable":true,"href":"https:\/\/nicolefragrance.se\/hr\/wp-json\/wp\/v2\/media\/26774"}],"wp:attachment":[{"href":"https:\/\/nicolefragrance.se\/hr\/wp-json\/wp\/v2\/media?parent=2851"}],"wp:term":[{"taxonomy":"product_brand","embeddable":true,"href":"https:\/\/nicolefragrance.se\/hr\/wp-json\/wp\/v2\/product_brand?post=2851"},{"taxonomy":"product_cat","embeddable":true,"href":"https:\/\/nicolefragrance.se\/hr\/wp-json\/wp\/v2\/product_cat?post=2851"},{"taxonomy":"product_tag","embeddable":true,"href":"https:\/\/nicolefragrance.se\/hr\/wp-json\/wp\/v2\/product_tag?post=2851"}],"curies":[{"name":"wp","href":"https:\/\/api.w.org\/{rel}","templated":true}]}}