{"id":2839,"date":"2022-08-29T09:56:22","date_gmt":"2022-08-29T07:56:22","guid":{"rendered":"https:\/\/nicolefragrance.se\/?post_type=product&#038;p=2839"},"modified":"2026-02-13T11:42:14","modified_gmt":"2026-02-13T10:42:14","slug":"cloud-ariana-grande-nicole-edp","status":"publish","type":"product","link":"https:\/\/nicolefragrance.se\/hr\/proizvod\/cloud-ariana-grande-nicole-edp\/","title":{"rendered":"Nicole 2027 EDP inspiriran s Cloud Ariana Grande"},"content":{"rendered":"<p><strong>Cloud by Ariana Grande <\/strong>je \u017eenski parfem mladala\u010dkog i razigranog duha. Otvara sanjivim spojem o\u010daravaju\u0107eg cvijeta lavande, zabranjene so\u010dne kru\u0161ke i primamljivog bergamota. Srce parfema predstavlja zra\u010dni dodir kreme od kokosa, razmazanog pralinea i egzoti\u010dne vanilin orhideje. Senzualne note mo\u0161usa i kremastih drvenastih tonova dodaju osje\u0107aj bar\u0161unastosti koji op\u010dinjava sva osjetila.<\/p>\n<p>Cloud by Ariana Grande parfem je o\u010daravaju\u0107 i adiktivan miris koji nudi jedinstveno iskustvo. Ve\u0107 otvaranjem bo\u010dice osjetiti \u0107ete svje\u017einu i slatko\u0107u ovog nebeskog mirisa koji \u0107e vas preplaviti. Ovo je parfem koji \u0107e vas podi\u0107i na oblake i pru\u017eiti vam osje\u0107aj svje\u017eine i udobnosti tijekom cijelog dana. Preporu\u010duje se za svakodnevne prilike, ni\u0161ta formalno ili otmjeno.<\/p>\n<p>Najbolje vrijeme za no\u0161enje parfema <strong>Cloud by Ariana Grande<\/strong>\u00a0je tijekom jeseni i zime jer c\u0301e se slatkoc\u0301a savr\u0161eno stopiti sa hladnoc\u0301om. Lagan je, svje\u017e i dugotrajan. Nije previ\u0161e jak i nije previ\u0161e suptilan. Jednostavno je savr\u0161en!<\/p>\n<p>Neka vas <strong>Ariana Grande Cloud<\/strong> prati u svim va\u0161im avanturama i dodajte nebeski dodir svakodnevnim trenucima. osje\u0107ajte se kao da lebdite na oblaku sa ovim adiktivnim mirisom koji \u0107e osvje\u017eiti va\u0161e osjetilo mirisa i dodati dozu slatko\u0107e va\u0161em \u017eivotu.<\/p>\n","protected":false},"excerpt":{"rendered":"<p>Cloud by Ariana Grande parfem je o\u010daravaju\u0107 i adiktivan miris koji nudi jedinstveno iskustvo. Ve\u0107 otvaranjem bo\u010dice osjetiti \u0107ete svje\u017einu i slatko\u0107u ovog nebeskog mirisa koji \u0107e vas preplaviti. Ovo je parfem koji \u0107e vas podi\u0107i na oblake i pru\u017eiti vam osje\u0107aj svje\u017eine i udobnosti tijekom cijelog dana. Preporu\u010duje se za svakodnevne prilike, ni\u0161ta formalno ili otmjeno.<\/p>\n","protected":false},"featured_media":26786,"comment_status":"open","ping_status":"closed","template":"","meta":{"_acf_changed":false},"product_brand":[],"product_cat":[241,186],"product_tag":[],"class_list":{"0":"post-2839","1":"product","2":"type-product","3":"status-publish","4":"has-post-thumbnail","6":"product_cat-ariana-grande-marka","7":"product_cat-za-zene","9":"first","10":"instock","11":"taxable","12":"shipping-taxable","13":"purchasable","14":"product-type-variable","15":"has-default-attributes"},"acf":[],"_links":{"self":[{"href":"https:\/\/nicolefragrance.se\/hr\/wp-json\/wp\/v2\/product\/2839","targetHints":{"allow":["GET"]}}],"collection":[{"href":"https:\/\/nicolefragrance.se\/hr\/wp-json\/wp\/v2\/product"}],"about":[{"href":"https:\/\/nicolefragrance.se\/hr\/wp-json\/wp\/v2\/types\/product"}],"replies":[{"embeddable":true,"href":"https:\/\/nicolefragrance.se\/hr\/wp-json\/wp\/v2\/comments?post=2839"}],"version-history":[{"count":0,"href":"https:\/\/nicolefragrance.se\/hr\/wp-json\/wp\/v2\/product\/2839\/revisions"}],"wp:featuredmedia":[{"embeddable":true,"href":"https:\/\/nicolefragrance.se\/hr\/wp-json\/wp\/v2\/media\/26786"}],"wp:attachment":[{"href":"https:\/\/nicolefragrance.se\/hr\/wp-json\/wp\/v2\/media?parent=2839"}],"wp:term":[{"taxonomy":"product_brand","embeddable":true,"href":"https:\/\/nicolefragrance.se\/hr\/wp-json\/wp\/v2\/product_brand?post=2839"},{"taxonomy":"product_cat","embeddable":true,"href":"https:\/\/nicolefragrance.se\/hr\/wp-json\/wp\/v2\/product_cat?post=2839"},{"taxonomy":"product_tag","embeddable":true,"href":"https:\/\/nicolefragrance.se\/hr\/wp-json\/wp\/v2\/product_tag?post=2839"}],"curies":[{"name":"wp","href":"https:\/\/api.w.org\/{rel}","templated":true}]}}