{"id":2815,"date":"2022-04-07T13:03:13","date_gmt":"2022-04-07T11:03:13","guid":{"rendered":"https:\/\/nicolefragrance.se\/?post_type=product&#038;p=2815"},"modified":"2025-07-07T09:15:03","modified_gmt":"2025-07-07T07:15:03","slug":"5th-avenue-elizabeth-arden-nicole-edp","status":"publish","type":"product","link":"https:\/\/nicolefragrance.se\/hr\/proizvod\/5th-avenue-elizabeth-arden-nicole-edp\/","title":{"rendered":"Nicole 2025 EDP inspiriran s 5th Avenue Elizabeth Arden"},"content":{"rendered":"<p><strong>Elizabeth Arden 5th Avenue<\/strong> je istinski dragulj u svijetu \u017eenskih parfema. Lansiran 1996. godine, a inspiriran klasi\u010dnom arhitekturom i prepoznatljivim njujor\u0161kim horizontom, ovaj miris uhvatio je \u010daroban duh najpoznatije ulice na svijetu &#8211; Pete avenije.<\/p>\n<p>Gornje note ovog mirisa obuhva\u0107aju ljiljan, cvijet lipe, so\u010dnu magnoliju, mandarinu i bergamot. Ove note zajedno stvaraju osvje\u017eavaju\u0107u, ali i sofisticiranu i nje\u017enu esenciju. U srcu su bugarska ru\u017ei\u010dasta ljubi\u010dica, ilang-ilang, jasmin, indijska tuberoza, breskva, karanfil i mu\u0161katni ora\u0161\u010dic\u0301. osnovu parfema \u010dini amber, tibetanski mo\u0161us, sandalovina, iris i vanilija.<\/p>\n<p><strong>Elizabeth Arden 5th Avenue<\/strong> prenosi energiju i uzbu\u0111enje New Yorka, dok istovremeno zadr\u017eava klasi\u010dnu \u017eenstvenost i luksuz. Ovaj miris je stvoren za \u017eenu koja ima osje\u0107aj za stil, koja je inteligentna, uspje\u0161na, elegantna i osje\u0107a se dobro u svojoj ko\u017ei.<\/p>\n<p>5th Avenue nije obi\u010dan parfem. To je bogat, \u017eenstven, senzualan i elegantan miris. Svaka kap ovog parfema nosi notu luksuza i sofisticiranosti.<\/p>\n<p><strong>5th Avenue Elizabeth Arden<\/strong> je i vi\u0161e od mirisa. To je iskustvo i pri\u010da o \u017eeni koja zra\u010di samopouzdanjem i stilom, o \u017eeni koja zna \u0161to \u017eeli. Bilo da se kre\u0107ete petom avenijom u New Yorku ili nekom drugom, ovaj parfem \u0107e vas pratiti sa elegancijom i \u0161armom.<\/p>\n","protected":false},"excerpt":{"rendered":"<p>Elizabeth Arden 5th Avenue prenosi energiju i uzbu\u0111enje New Yorka, dok istovremeno zadr\u017eava klasi\u010dnu \u017eenstvenost i luksuz. Ovaj miris je stvoren za \u017eenu koja ima osje\u0107aj za stil, koja je inteligentna, uspje\u0161na, elegantna i osje\u0107a se dobro u svojoj ko\u017ei. 5th Avenue nije obi\u010dan parfem &#8211; to je bogat, \u017eenstven, senzualan i elegantan miris. Svaka kap ovog parfema nosi notu luksuza i sofisticiranosti.<\/p>\n","protected":false},"featured_media":26809,"comment_status":"open","ping_status":"closed","template":"","meta":{"_acf_changed":false},"product_brand":[],"product_cat":[673,621],"product_tag":[],"class_list":{"0":"post-2815","1":"product","2":"type-product","3":"status-publish","4":"has-post-thumbnail","6":"product_cat-elizabeth-arden-marke","7":"product_cat-for-kvinnor","9":"first","10":"instock","11":"taxable","12":"shipping-taxable","13":"purchasable","14":"product-type-variable","15":"has-default-attributes"},"acf":[],"_links":{"self":[{"href":"https:\/\/nicolefragrance.se\/hr\/wp-json\/wp\/v2\/product\/2815","targetHints":{"allow":["GET"]}}],"collection":[{"href":"https:\/\/nicolefragrance.se\/hr\/wp-json\/wp\/v2\/product"}],"about":[{"href":"https:\/\/nicolefragrance.se\/hr\/wp-json\/wp\/v2\/types\/product"}],"replies":[{"embeddable":true,"href":"https:\/\/nicolefragrance.se\/hr\/wp-json\/wp\/v2\/comments?post=2815"}],"version-history":[{"count":0,"href":"https:\/\/nicolefragrance.se\/hr\/wp-json\/wp\/v2\/product\/2815\/revisions"}],"wp:featuredmedia":[{"embeddable":true,"href":"https:\/\/nicolefragrance.se\/hr\/wp-json\/wp\/v2\/media\/26809"}],"wp:attachment":[{"href":"https:\/\/nicolefragrance.se\/hr\/wp-json\/wp\/v2\/media?parent=2815"}],"wp:term":[{"taxonomy":"product_brand","embeddable":true,"href":"https:\/\/nicolefragrance.se\/hr\/wp-json\/wp\/v2\/product_brand?post=2815"},{"taxonomy":"product_cat","embeddable":true,"href":"https:\/\/nicolefragrance.se\/hr\/wp-json\/wp\/v2\/product_cat?post=2815"},{"taxonomy":"product_tag","embeddable":true,"href":"https:\/\/nicolefragrance.se\/hr\/wp-json\/wp\/v2\/product_tag?post=2815"}],"curies":[{"name":"wp","href":"https:\/\/api.w.org\/{rel}","templated":true}]}}