{"id":2803,"date":"2022-04-07T12:52:15","date_gmt":"2022-04-07T10:52:15","guid":{"rendered":"https:\/\/nicolefragrance.se\/?post_type=product&#038;p=2803"},"modified":"2025-07-07T09:17:29","modified_gmt":"2025-07-07T07:17:29","slug":"cartier-la-panthere-nicole-edp","status":"publish","type":"product","link":"https:\/\/nicolefragrance.se\/hr\/proizvod\/cartier-la-panthere-nicole-edp\/","title":{"rendered":"Nicole 2024 EDP inspiriran s La Panthere Cartier"},"content":{"rendered":"<p><strong>La Panthere by Cartier<\/strong> je parfem koji izaziva divljenje i odu\u0161evljenje \u017eena \u0161irom svijeta. Predstavljen 2014. godine, ovaj miris je vi\u0161e od parfema &#8211; to je izjava o nezavisnosti, gracioznosti i buntovni\u0161tvu.<\/p>\n<p><strong>Cartier La Panthere<\/strong> kombinira slatke, vo\u0107ne note sa dubokim, cvjetnim tonovima i chypre karakterom. Otvara se zeleno-vo\u0107nim notama koje uklju\u010duju arome rabarbare, jagoda, suhog vo\u0107a, jabuke i marelice. Ove note stvaraju svje\u017einu i dinamiku na po\u010detku mirisa. Srce parfema dominira gardenijom, izabranom kao glavni cvijet kako bi se izbijegao preterano orijentalni karakter, \u010dine\u0107i ga istovremeno jedinstvenim me\u0111u suvremenim parfemima. Ketonski mo\u0161us i hrastov mahov daju mirisu neosporni chypre karakter.<\/p>\n<p>Ovaj miris je sladak, cvjetan i izuzetno sna\u017ean. Va\u017eno je napomenuti da je potrebno nanijeti ga samo jednom, posebno je efikasan kada se raspr\u0161i na \u0161al, gdje traje danima. <strong>La Panthere<\/strong> je idealan izbor za hladne jesenje i zimske dane, dodaju\u0107i da\u0161ak klase i \u017eenstvenosti va\u0161em stilingu.<\/p>\n<p><strong>La Panthere by Cartier<\/strong> je miris koji slavi nezavisnost i senzualnost suvremene \u017eene. Ovaj miris je izuzetno trajan i karakteristi\u010dan, \u010dine\u0107i ga savr\u0161enim izborom za \u017eene koje \u017eele da se istaknu i ostave neizbrisiv utisak.<\/p>\n<p>Sa La Panthere, \u017eenstvenost postaje divlja, a hrabrost postaje elegancija.<\/p>\n","protected":false},"excerpt":{"rendered":"<p>La Panthere by Cartier je miris koji slavi nezavisnost i senzualnost suvremene \u017eene. Ovaj miris je izuzetno trajan i karakteristi\u010dan, \u0161to ga \u010dini savr\u0161enim izborom za \u017eene koje se \u017eele istaknuti i ostaviti neizbrisiv utisak. Sa La Panthere, \u017eenstvenost postaje divlja, a hrabrost postaje elegancija.<\/p>\n","protected":false},"featured_media":26820,"comment_status":"open","ping_status":"closed","template":"","meta":{"_acf_changed":false},"product_brand":[],"product_cat":[239,186],"product_tag":[],"class_list":{"0":"post-2803","1":"product","2":"type-product","3":"status-publish","4":"has-post-thumbnail","6":"product_cat-cartier-marka","7":"product_cat-za-zene","9":"first","10":"instock","11":"taxable","12":"shipping-taxable","13":"purchasable","14":"product-type-variable","15":"has-default-attributes"},"acf":[],"_links":{"self":[{"href":"https:\/\/nicolefragrance.se\/hr\/wp-json\/wp\/v2\/product\/2803","targetHints":{"allow":["GET"]}}],"collection":[{"href":"https:\/\/nicolefragrance.se\/hr\/wp-json\/wp\/v2\/product"}],"about":[{"href":"https:\/\/nicolefragrance.se\/hr\/wp-json\/wp\/v2\/types\/product"}],"replies":[{"embeddable":true,"href":"https:\/\/nicolefragrance.se\/hr\/wp-json\/wp\/v2\/comments?post=2803"}],"version-history":[{"count":0,"href":"https:\/\/nicolefragrance.se\/hr\/wp-json\/wp\/v2\/product\/2803\/revisions"}],"wp:featuredmedia":[{"embeddable":true,"href":"https:\/\/nicolefragrance.se\/hr\/wp-json\/wp\/v2\/media\/26820"}],"wp:attachment":[{"href":"https:\/\/nicolefragrance.se\/hr\/wp-json\/wp\/v2\/media?parent=2803"}],"wp:term":[{"taxonomy":"product_brand","embeddable":true,"href":"https:\/\/nicolefragrance.se\/hr\/wp-json\/wp\/v2\/product_brand?post=2803"},{"taxonomy":"product_cat","embeddable":true,"href":"https:\/\/nicolefragrance.se\/hr\/wp-json\/wp\/v2\/product_cat?post=2803"},{"taxonomy":"product_tag","embeddable":true,"href":"https:\/\/nicolefragrance.se\/hr\/wp-json\/wp\/v2\/product_tag?post=2803"}],"curies":[{"name":"wp","href":"https:\/\/api.w.org\/{rel}","templated":true}]}}