{"id":2791,"date":"2022-04-04T14:04:30","date_gmt":"2022-04-04T12:04:30","guid":{"rendered":"https:\/\/nicolefragrance.se\/?post_type=product&#038;p=2791"},"modified":"2025-12-28T21:35:30","modified_gmt":"2025-12-28T20:35:30","slug":"mancera-red-tobacco-nicole-edp","status":"publish","type":"product","link":"https:\/\/nicolefragrance.se\/hr\/proizvod\/mancera-red-tobacco-nicole-edp\/","title":{"rendered":"Nicole 2023 EDP inspiriran s Red Tobacco Mancera"},"content":{"rendered":"<p><strong>Red Tobacco by Mancera<\/strong> je unisex parfem koji asocira na slatki, suhi duhan sa kremastim i drvenastim nijansama. Ovo je miris koji izaziva sna\u017ene senzacije i odaje utisak luksuzne elegancije. Otvaranje ovog mirisa je kao eksplozija bogatstva mirisnih nota, sa nagla\u0161enim akordima agara i tamjana koji dodaju dubinu i misteriju. Kako se miris razvija, otkrivaju se slojevi pa\u010dulija, jabuke i drvenih tonova koji doprinose toplini i bogatstvu kompozicije.<\/p>\n<p>Mancera parfemi, pa tako i <strong>Red Tobacco<\/strong>, sinonim su za izuzetnu trajnost i performanse, pri \u010demu se mnogi njihovi mirisi lako zadr\u017eavaju na ko\u017ei cijeli dan, ako ne i du\u017ee. Red Tobacco je vrlo sna\u017ean miris i mo\u017eda nije za svakoga, pa se preporu\u010duje da ga prvo isprobate.<\/p>\n<p>Ovaj miris je istinski izvanredan izbor za ljubitelje dubokih, bogatih i kompleksnih nota. Ako tra\u017eite ne\u0161to \u0161to \u0107e vam pru\u017eiti jedinstvenu i sna\u017enu aromu tijekom \u010ditavog dana, Mancera Red Tobacco definitivno zaslu\u017euje va\u0161u pa\u017enju.<\/p>\n<p>Ovaj parfem nije samo miris, ve\u0107 i izjava stila i individualnosti. <strong>Red Tobacco by Mancera<\/strong>\u00a0je kao umjetni\u010dko djelo koje prenosi snagu duhana, toplinu za\u010dina i misti\u010dnost drvenih nota. Sna\u017ean i dugotrajan, ovaj miris je kao nevidljiv modni dodatak koji upotpunjuje va\u0161u pojavu i ostavlja trajan utisak.<\/p>\n","protected":false},"excerpt":{"rendered":"<p>Mancera Red Tobacco je kao umjetni\u010dko djelo koje prenosi snagu duhana, toplinu za\u010dina i misti\u010dnost drvenih nota. Sna\u017ean i dugotrajan, ovaj miris je kao nevidljiv modni dodatak koji upotpunjuje va\u0161u pojavu i ostavlja trajan utisak. Ovaj parfem nije samo miris, ve\u0107 i izjava stila i individualnosti.<\/p>\n","protected":false},"featured_media":26832,"comment_status":"open","ping_status":"closed","template":"","meta":{"_acf_changed":false},"product_brand":[],"product_cat":[238,188,187,186],"product_tag":[],"class_list":{"0":"post-2791","1":"product","2":"type-product","3":"status-publish","4":"has-post-thumbnail","6":"product_cat-mancera-marka","7":"product_cat-unisex","8":"product_cat-za-muskarce","9":"product_cat-za-zene","11":"first","12":"instock","13":"taxable","14":"shipping-taxable","15":"purchasable","16":"product-type-variable","17":"has-default-attributes"},"acf":[],"_links":{"self":[{"href":"https:\/\/nicolefragrance.se\/hr\/wp-json\/wp\/v2\/product\/2791","targetHints":{"allow":["GET"]}}],"collection":[{"href":"https:\/\/nicolefragrance.se\/hr\/wp-json\/wp\/v2\/product"}],"about":[{"href":"https:\/\/nicolefragrance.se\/hr\/wp-json\/wp\/v2\/types\/product"}],"replies":[{"embeddable":true,"href":"https:\/\/nicolefragrance.se\/hr\/wp-json\/wp\/v2\/comments?post=2791"}],"version-history":[{"count":0,"href":"https:\/\/nicolefragrance.se\/hr\/wp-json\/wp\/v2\/product\/2791\/revisions"}],"wp:featuredmedia":[{"embeddable":true,"href":"https:\/\/nicolefragrance.se\/hr\/wp-json\/wp\/v2\/media\/26832"}],"wp:attachment":[{"href":"https:\/\/nicolefragrance.se\/hr\/wp-json\/wp\/v2\/media?parent=2791"}],"wp:term":[{"taxonomy":"product_brand","embeddable":true,"href":"https:\/\/nicolefragrance.se\/hr\/wp-json\/wp\/v2\/product_brand?post=2791"},{"taxonomy":"product_cat","embeddable":true,"href":"https:\/\/nicolefragrance.se\/hr\/wp-json\/wp\/v2\/product_cat?post=2791"},{"taxonomy":"product_tag","embeddable":true,"href":"https:\/\/nicolefragrance.se\/hr\/wp-json\/wp\/v2\/product_tag?post=2791"}],"curies":[{"name":"wp","href":"https:\/\/api.w.org\/{rel}","templated":true}]}}