{"id":2767,"date":"2022-02-01T23:17:34","date_gmt":"2022-02-01T22:17:34","guid":{"rendered":"https:\/\/nicolefragrance.se\/?post_type=product&#038;p=2767"},"modified":"2025-07-07T09:25:40","modified_gmt":"2025-07-07T07:25:40","slug":"paco-rabanne-phantom-nicole-edp","status":"publish","type":"product","link":"https:\/\/nicolefragrance.se\/hr\/proizvod\/paco-rabanne-phantom-nicole-edp\/","title":{"rendered":"Nicole 3023 EDP inspiriran s Phantom Paco Rabanne"},"content":{"rendered":"<p><strong>Phantom by Paco Rabanne<\/strong> je prava senzacija u svijetu mu\u0161kih parfema. Predstavljen 2021. godine, ovaj miris nosi u sebi futuristi\u010dki duh, hrabrost i mu\u017eevnost, \u010dine\u0107i ga savr\u0161enim izborom za modernog mu\u0161karca.<\/p>\n<p>Gornje note parfema \u010dine lavanda, limunova kora i amalfi limun. U srcu mirisa pojavljuje se lavanda, zemljane note, dim, jabuka i pa\u010duli, dok bazu \u010dine vanilija, lavanda i vetiver.<\/p>\n<p><strong>Paco Rabanne Phantom<\/strong>\u00a0donosi potpuno novu dimenziju sa svojim zapanjuju\u0107im kombinacijama nota. Klju\u010dne komponente ovog mirisa uklju\u010duju primamljivu kremastu lavandu, osvje\u017eavaju\u0107e talijanske agrume i senzualne drvene akorde madagaskarske vanilije. Ovaj sklad nota \u010dini Phantom neodoljivim i jedinstvenim mirisom.<\/p>\n<p>Ovaj miris inspirira samopouzdanje i hrabrost, nagla\u0161avaju\u0107i mu\u017eevnost modernog mu\u0161karca. Ako \u017eelite da se istaknete i ostavite sna\u017ean utisak, Phantom je pravi izbor.<\/p>\n<p><strong>Phantom by Paco Rabanne<\/strong> je vi\u0161e od mirisa &#8211; to je do\u017eivljaj budu\u0107nosti. Sa svojim futuristi\u010dkim pristupom i revolucionarnim sastojcima, ovo je miris koji \u0107e vas osna\u017eiti i u\u010diniti da se osje\u0107ate kao dio budu\u0107nosti.<\/p>\n<p>Uzmite kontrolu nad svojim prisustvom i istaknite se sa Paco Rabanne Phantom mirisom.<\/p>\n","protected":false},"excerpt":{"rendered":"<p>Phantom by Paco Rabanne je prava senzacija u svijetu mu\u0161kih parfema. Ovaj miris inspirira samopouzdanje i hrabrost, nagla\u0161avaju\u0107i mu\u017eevnost modernog mu\u0161karca. Ako se \u017eelite istaknuti i ostaviti sna\u017ean utisak, Phantom je pravi izbor. Uzmite kontrolu nad svojim prisustvom i istaknite se sa Paco Rabanne Phantom mirisom.<\/p>\n","protected":false},"featured_media":26854,"comment_status":"open","ping_status":"closed","template":"","meta":{"_acf_changed":false},"product_brand":[],"product_cat":[198,187],"product_tag":[],"class_list":{"0":"post-2767","1":"product","2":"type-product","3":"status-publish","4":"has-post-thumbnail","6":"product_cat-paco-rabanne-marka","7":"product_cat-za-muskarce","9":"first","10":"instock","11":"taxable","12":"shipping-taxable","13":"purchasable","14":"product-type-variable","15":"has-default-attributes"},"acf":[],"_links":{"self":[{"href":"https:\/\/nicolefragrance.se\/hr\/wp-json\/wp\/v2\/product\/2767","targetHints":{"allow":["GET"]}}],"collection":[{"href":"https:\/\/nicolefragrance.se\/hr\/wp-json\/wp\/v2\/product"}],"about":[{"href":"https:\/\/nicolefragrance.se\/hr\/wp-json\/wp\/v2\/types\/product"}],"replies":[{"embeddable":true,"href":"https:\/\/nicolefragrance.se\/hr\/wp-json\/wp\/v2\/comments?post=2767"}],"version-history":[{"count":0,"href":"https:\/\/nicolefragrance.se\/hr\/wp-json\/wp\/v2\/product\/2767\/revisions"}],"wp:featuredmedia":[{"embeddable":true,"href":"https:\/\/nicolefragrance.se\/hr\/wp-json\/wp\/v2\/media\/26854"}],"wp:attachment":[{"href":"https:\/\/nicolefragrance.se\/hr\/wp-json\/wp\/v2\/media?parent=2767"}],"wp:term":[{"taxonomy":"product_brand","embeddable":true,"href":"https:\/\/nicolefragrance.se\/hr\/wp-json\/wp\/v2\/product_brand?post=2767"},{"taxonomy":"product_cat","embeddable":true,"href":"https:\/\/nicolefragrance.se\/hr\/wp-json\/wp\/v2\/product_cat?post=2767"},{"taxonomy":"product_tag","embeddable":true,"href":"https:\/\/nicolefragrance.se\/hr\/wp-json\/wp\/v2\/product_tag?post=2767"}],"curies":[{"name":"wp","href":"https:\/\/api.w.org\/{rel}","templated":true}]}}