{"id":2755,"date":"2021-10-20T23:22:11","date_gmt":"2021-10-20T21:22:11","guid":{"rendered":"https:\/\/nicolefragrance.se\/?post_type=product&#038;p=2755"},"modified":"2025-07-07T09:43:46","modified_gmt":"2025-07-07T07:43:46","slug":"calvin-klein-ck-be-nicole-edp","status":"publish","type":"product","link":"https:\/\/nicolefragrance.se\/hr\/proizvod\/calvin-klein-ck-be-nicole-edp\/","title":{"rendered":"Nicole 3019 EDP inspiriran s CK Be Calvin Klein"},"content":{"rendered":"<p><strong>CK Be by Calvin Klein<\/strong> je unisex parfem koji slovi za sinonim modernosti i elegancije. Ovaj miris, lansiran 1996. godine, nosi svje\u017einu drvenih tonova i predstavlja neodoljivu atrakciju za sve ljubitelje parfema.<\/p>\n<p><strong>CK Be<\/strong> otvara se svje\u017eim notama bergamota, mandarine, kleke, lavande, nane i zelenih akorda. Ova osvje\u017eavaju\u0107a mje\u0161avina \u010dini ga savr\u0161enim izborom za svakodnevno no\u0161enje. U srcu ovog parfema kriju se mirisne note jasmina, orhideje, frezije, magnolije i blagi dodatak breskve. U osnovi, prona\u0107i \u0107ete drvene note kedra i sandalovine, oboga\u0107ene toplim notama ambera, mo\u0161usa i vanilije.<\/p>\n<p>Ovaj miris je dizajniran da bude podjednako privla\u010dan i mu\u0161karcima i \u017eenama. Savr\u0161eno se uklapa u svaku priliku i svako godi\u0161nje doba i idealan je za svakodnevno no\u0161enje. Bez obzira da li ste na poslu, na sastanku ili jednostavno u\u017eivate u slobodnom vremenu, ovaj miris \u0107e vas pratiti tijekom cijelog dana, ne optere\u0107uju\u0107i vas.<\/p>\n<p><strong>Calvin Klein CK Be<\/strong> je miris koji nikada ne izlazi iz mode. Njegova univerzalna privla\u010dnost, svje\u017ea mje\u0161avina nota i lagana priroda \u010dine ga omiljenim izborom mnogih. Dopustite da vas o\u010dara \u010darolija CK Be i prona\u0111ite svoj svakodnevni mirisni saveznik koji \u0107e vas pratiti tijekom \u010ditavog dana.<\/p>\n","protected":false},"excerpt":{"rendered":"<p>CK Be by Calvin Klein je dizajniran da bude podjednako privla\u010dan i mu\u0161karcima i \u017eenama. Savr\u0161eno se uklapa u svaku priliku i svako godi\u0161nje doba i idealan je za svakodnevno no\u0161enje. Bez obzira da li ste na poslu, na sastanku ili jednostavno u\u017eivate u slobodnom vremenu, ovaj miris \u0107e vas pratiti tijekom cijelog dana, ne optere\u0107uju\u0107i vas. CK Be je miris koji nikada ne izlazi iz mode.<\/p>\n","protected":false},"featured_media":26866,"comment_status":"open","ping_status":"closed","template":"","meta":{"_acf_changed":false},"product_brand":[],"product_cat":[209,188,187,186],"product_tag":[],"class_list":{"0":"post-2755","1":"product","2":"type-product","3":"status-publish","4":"has-post-thumbnail","6":"product_cat-calvin-klein-marka","7":"product_cat-unisex","8":"product_cat-za-muskarce","9":"product_cat-za-zene","11":"first","12":"instock","13":"taxable","14":"shipping-taxable","15":"purchasable","16":"product-type-variable","17":"has-default-attributes"},"acf":[],"_links":{"self":[{"href":"https:\/\/nicolefragrance.se\/hr\/wp-json\/wp\/v2\/product\/2755","targetHints":{"allow":["GET"]}}],"collection":[{"href":"https:\/\/nicolefragrance.se\/hr\/wp-json\/wp\/v2\/product"}],"about":[{"href":"https:\/\/nicolefragrance.se\/hr\/wp-json\/wp\/v2\/types\/product"}],"replies":[{"embeddable":true,"href":"https:\/\/nicolefragrance.se\/hr\/wp-json\/wp\/v2\/comments?post=2755"}],"version-history":[{"count":0,"href":"https:\/\/nicolefragrance.se\/hr\/wp-json\/wp\/v2\/product\/2755\/revisions"}],"wp:featuredmedia":[{"embeddable":true,"href":"https:\/\/nicolefragrance.se\/hr\/wp-json\/wp\/v2\/media\/26866"}],"wp:attachment":[{"href":"https:\/\/nicolefragrance.se\/hr\/wp-json\/wp\/v2\/media?parent=2755"}],"wp:term":[{"taxonomy":"product_brand","embeddable":true,"href":"https:\/\/nicolefragrance.se\/hr\/wp-json\/wp\/v2\/product_brand?post=2755"},{"taxonomy":"product_cat","embeddable":true,"href":"https:\/\/nicolefragrance.se\/hr\/wp-json\/wp\/v2\/product_cat?post=2755"},{"taxonomy":"product_tag","embeddable":true,"href":"https:\/\/nicolefragrance.se\/hr\/wp-json\/wp\/v2\/product_tag?post=2755"}],"curies":[{"name":"wp","href":"https:\/\/api.w.org\/{rel}","templated":true}]}}