{"id":2731,"date":"2021-10-17T22:31:17","date_gmt":"2021-10-17T20:31:17","guid":{"rendered":"https:\/\/nicolefragrance.se\/?post_type=product&#038;p=2731"},"modified":"2025-07-07T09:53:03","modified_gmt":"2025-07-07T07:53:03","slug":"armaf-club-de-nuit-intense-nicole-edp","status":"publish","type":"product","link":"https:\/\/nicolefragrance.se\/hr\/proizvod\/armaf-club-de-nuit-intense-nicole-edp\/","title":{"rendered":"Nicole 3020 EDP inspiriran s Club de Nuit Intense Armaf"},"content":{"rendered":"<p><strong>Armaf Club de Nuit Intense<\/strong>\u00a0je parfem namijenjen mu\u0161karcima koji istra\u017euju svijet mirisa sa izra\u017eenom kombinacijom citrusnih i drvenih nota.\u00a0Ovaj miris je prvi put predstavljen 2015. godine i brzo je osvojio pa\u017enju svojom karakteristi\u010dnom aromom.<\/p>\n<p>Ovaj parfem je dobro izbalansirana kombinacija citrusnih i drvenih nota koje zajedno stvaraju jedinstvenu aromu. U kombinaciji sa notama drveta breze i mo\u0161usa, ovaj parfem postepeno evoluira na ko\u017ei. Njegova postojanost je impozantna, traje od 8 do 10 sati, dok je projekcija tako\u0111er vrlo dobra.<\/p>\n<p>Otvor <strong>Armaf\u00a0 Club de Nuit Intense<\/strong> mirisa je vrlo sna\u017ean, sa primjetnim citrusnim notama na samom vrhu. Ova svje\u017eina spolako se pretvara u slo\u017eeniju kompoziciju kako se miris razvija. U srcu ovog parfema, vo\u0107ne note limuna, jabuke i crne ribizle postupno prelaze u bogato cvjetno srce ru\u017ee i jasmina. Kombinacija tih nota oboga\u0107ena je primjesom drveta breze koja donosi dimnu ko\u017enu nijansu. U baznim notama ovog parfema prisutni su tonovi vanilije, ambergrisa, mo\u0161usa i pa\u010dulija, pru\u017eaju\u0107i dubinu i postojanost cijeloj kompoziciji.<\/p>\n<p><strong>Armaf Club de Nuit Intense<\/strong> je parfem koji oslikava sna\u017enu i sofisticiranu mu\u0161ku li\u010dnost. Bez obzira na priliku, ovaj parfem \u0107e vam pru\u017eiti unikatan i privla\u010dan mirisni do\u017eivljaj koji \u0107e ostati prisutan tijekom cijelog dana.<\/p>\n","protected":false},"excerpt":{"rendered":"<p>Armaf Club de Nuit Intense je parfem koji oslikava sna\u017enu i sofisticiranu mu\u0161ku li\u010dnost. Bez obzira na priliku, ovaj parfem \u0107e vam pru\u017eiti unikatan i privla\u010dan mirisni do\u017eivljaj koji \u0107e ostati prisutan tijekom cijelog dana. Njegova postojanost je impozantna, traje od 8 do 10 sati, dok je projekcija tako\u0111er vrlo dobra.<\/p>\n","protected":false},"featured_media":26891,"comment_status":"open","ping_status":"closed","template":"","meta":{"_acf_changed":false},"product_brand":[],"product_cat":[236,187],"product_tag":[],"class_list":{"0":"post-2731","1":"product","2":"type-product","3":"status-publish","4":"has-post-thumbnail","6":"product_cat-armaf-marka","7":"product_cat-za-muskarce","9":"first","10":"instock","11":"taxable","12":"shipping-taxable","13":"purchasable","14":"product-type-variable","15":"has-default-attributes"},"acf":[],"_links":{"self":[{"href":"https:\/\/nicolefragrance.se\/hr\/wp-json\/wp\/v2\/product\/2731","targetHints":{"allow":["GET"]}}],"collection":[{"href":"https:\/\/nicolefragrance.se\/hr\/wp-json\/wp\/v2\/product"}],"about":[{"href":"https:\/\/nicolefragrance.se\/hr\/wp-json\/wp\/v2\/types\/product"}],"replies":[{"embeddable":true,"href":"https:\/\/nicolefragrance.se\/hr\/wp-json\/wp\/v2\/comments?post=2731"}],"version-history":[{"count":0,"href":"https:\/\/nicolefragrance.se\/hr\/wp-json\/wp\/v2\/product\/2731\/revisions"}],"wp:featuredmedia":[{"embeddable":true,"href":"https:\/\/nicolefragrance.se\/hr\/wp-json\/wp\/v2\/media\/26891"}],"wp:attachment":[{"href":"https:\/\/nicolefragrance.se\/hr\/wp-json\/wp\/v2\/media?parent=2731"}],"wp:term":[{"taxonomy":"product_brand","embeddable":true,"href":"https:\/\/nicolefragrance.se\/hr\/wp-json\/wp\/v2\/product_brand?post=2731"},{"taxonomy":"product_cat","embeddable":true,"href":"https:\/\/nicolefragrance.se\/hr\/wp-json\/wp\/v2\/product_cat?post=2731"},{"taxonomy":"product_tag","embeddable":true,"href":"https:\/\/nicolefragrance.se\/hr\/wp-json\/wp\/v2\/product_tag?post=2731"}],"curies":[{"name":"wp","href":"https:\/\/api.w.org\/{rel}","templated":true}]}}