{"id":2719,"date":"2021-10-17T22:00:36","date_gmt":"2021-10-17T20:00:36","guid":{"rendered":"https:\/\/nicolefragrance.se\/?post_type=product&#038;p=2719"},"modified":"2025-07-07T09:55:03","modified_gmt":"2025-07-07T07:55:03","slug":"tiziana-terenzi-kirke-nicole-edp","status":"publish","type":"product","link":"https:\/\/nicolefragrance.se\/hr\/proizvod\/tiziana-terenzi-kirke-nicole-edp\/","title":{"rendered":"Nicole 3021 EDP inspiriran s Kirke Tiziana Terenzi"},"content":{"rendered":"<p><strong>Tiziana Terenzi Kirke<\/strong> je unisex parfem koji se odlikuje rasko\u0161nim buketom slatkih vo\u0107nih nota uklju\u010duju\u0107i marakuju, maline i kru\u0161ke. Ovaj so\u010dni miris je zagrijan slatkim i zadovoljavaju\u0107im cvijetom heliotropa, uz senzualnu osnovu nota mo\u0161usa.<\/p>\n<p>Baza nota mo\u0161usa, sandalovine, vanilije, pa\u010dulija i heliotropa stvara toplinu i senzualnost. Srednje note zvona\u010dca dodaju nje\u017ean, cvjetni dodir. Budite pa\u017eljivi kada nanosite <strong>Tiziana Terenzi Kirke<\/strong> parfem na odje\u0107u, jer se miris mo\u017ee zadr\u017eati i poslije sljede\u0107eg pranja. Malo parfema i mirisa na tr\u017ei\u0161tu je sposobno da pru\u017ei ovakvu izdr\u017eljivost i dugotrajnost, \u0161to Kirke parfem \u010dini pravim draguljem u svakoj kolekciji \u017eenskih ili mu\u0161kih parfema.<\/p>\n<p><strong>Parfem Kirke<\/strong> je poput ljetneg koktela, koji kada ga pomiri\u0161ete, odmah osjetite miris ljeta. Miris se otvara so\u010dnim breskvama, koje zajedno sa strastvenom vo\u0107kom, malinama, crnim ribizlom i svje\u017eom kru\u0161kom stvaraju divnu slatko\u0107u zbog koje \u0107e vam do\u0107i slina na usta. Ovaj miris \u0107e vas odvesti na imaginarno putovanje u tople ljetne dane u kojima ispijate svje\u017ee vo\u0107ne koktele na pla\u017ei.<\/p>\n<p>Istra\u017eite \u010darobni svijet <strong>Kirke parfema<\/strong> i prepustite se senzualnom iskustvu koje pru\u017ea.<\/p>\n","protected":false},"excerpt":{"rendered":"<p>Tiziana Terenzi Kirke parfem je poput ljetneg koktela, koji kada ga pomiri\u0161ete, odmah osjetite miris ljeta. Parfem se otvara mirisom so\u010dnih breskvi, koje zajedno sa passion fruit-om, malinama, crnim ribizlom i svje\u017eom kru\u0161kom stvaraju divnu slatko\u0107u zbog koje \u0107e vam pote\u0107i slina na usta. Ovaj miris \u0107e vas odvesti na imaginarno putovanje u tople ljetne dane u kojima ispijate svje\u017ee vo\u0107ne koktele na pla\u017ei.<\/p>\n","protected":false},"featured_media":26902,"comment_status":"open","ping_status":"closed","template":"","meta":{"_acf_changed":false},"product_brand":[],"product_cat":[235,188,187,186],"product_tag":[],"class_list":{"0":"post-2719","1":"product","2":"type-product","3":"status-publish","4":"has-post-thumbnail","6":"product_cat-tiziana-terenzi-marka","7":"product_cat-unisex","8":"product_cat-za-muskarce","9":"product_cat-za-zene","11":"first","12":"instock","13":"taxable","14":"shipping-taxable","15":"purchasable","16":"product-type-variable","17":"has-default-attributes"},"acf":[],"_links":{"self":[{"href":"https:\/\/nicolefragrance.se\/hr\/wp-json\/wp\/v2\/product\/2719","targetHints":{"allow":["GET"]}}],"collection":[{"href":"https:\/\/nicolefragrance.se\/hr\/wp-json\/wp\/v2\/product"}],"about":[{"href":"https:\/\/nicolefragrance.se\/hr\/wp-json\/wp\/v2\/types\/product"}],"replies":[{"embeddable":true,"href":"https:\/\/nicolefragrance.se\/hr\/wp-json\/wp\/v2\/comments?post=2719"}],"version-history":[{"count":0,"href":"https:\/\/nicolefragrance.se\/hr\/wp-json\/wp\/v2\/product\/2719\/revisions"}],"wp:featuredmedia":[{"embeddable":true,"href":"https:\/\/nicolefragrance.se\/hr\/wp-json\/wp\/v2\/media\/26902"}],"wp:attachment":[{"href":"https:\/\/nicolefragrance.se\/hr\/wp-json\/wp\/v2\/media?parent=2719"}],"wp:term":[{"taxonomy":"product_brand","embeddable":true,"href":"https:\/\/nicolefragrance.se\/hr\/wp-json\/wp\/v2\/product_brand?post=2719"},{"taxonomy":"product_cat","embeddable":true,"href":"https:\/\/nicolefragrance.se\/hr\/wp-json\/wp\/v2\/product_cat?post=2719"},{"taxonomy":"product_tag","embeddable":true,"href":"https:\/\/nicolefragrance.se\/hr\/wp-json\/wp\/v2\/product_tag?post=2719"}],"curies":[{"name":"wp","href":"https:\/\/api.w.org\/{rel}","templated":true}]}}