{"id":2707,"date":"2021-10-17T15:46:28","date_gmt":"2021-10-17T13:46:28","guid":{"rendered":"https:\/\/nicolefragrance.se\/?post_type=product&#038;p=2707"},"modified":"2025-07-07T09:57:02","modified_gmt":"2025-07-07T07:57:02","slug":"carolina-herrera-good-girl-supreme-nicole-edp","status":"publish","type":"product","link":"https:\/\/nicolefragrance.se\/hr\/proizvod\/carolina-herrera-good-girl-supreme-nicole-edp\/","title":{"rendered":"Nicole 2022 EDP inspiriran s Good Girl Supreme Carolina Herrera"},"content":{"rendered":"<p><strong>Good Girl Supr\u00eame by Carolina Herrera<\/strong> predstavlja pravu revoluciju u svijetu \u017eenskih parfema i sinonim za senzualnost i \u017eenstvenost.<\/p>\n<p>Ovaj miris otvara se so\u010dnim notama \u0161umskog vo\u0107a koje \u0107e vas odmah osvojiti. Ove vo\u0107ne note nagovje\u0161tavaju ne\u0161to dublje i tajanstvenije, a to je intenzivan egipatski jasmin. Ovaj mirisni cvijet je poznat po svojoj afrodizija\u010dkoj mo\u0107i i dodaje parfemu neodoljivu privla\u010dnost. U osnovi parfema otkriti \u0107ete zrna Tonka graha koja pru\u017eaju mirisu kremastu i bar\u0161unastu dubinu. Vetiver dodaje svje\u017einu i modernu notu cijeloj kompoziciji.<\/p>\n<p><strong>Good Girl Supr\u00eame<\/strong> je miris koji se usudio da &#8221;sru\u0161i&#8221; sva pravila industrije parfema. On je sofisticirana interpretacija originalnog Good Girl parfema, ali je suptilniji, sa izra\u017eenijim vo\u0107nim notama. Rezultat je miris koji je izuzetno privla\u010dan, seksi, a istovremeno pristojan i za svakodnevno no\u0161enje.<\/p>\n<p>Ovaj parfem izaziva odu\u0161evljenje kod pripadnica ljep\u0161eg sspola. Kombinacijom svojih mirisnih nota, ovaj miris je prava poslastica za osjetila. To je suvremena senzualnost u boci zbog \u010dega je vrlo brzo nakon lansiranja (2020. godine) postao omiljen me\u0111u \u017eenama koje \u017eele da se istaknu i ostave sna\u017ean utisak. Osjetite mo\u0107 ovog parfema i postanite neodoljivi uz <strong>Good Girl Supr\u00eame<\/strong>.<\/p>\n","protected":false},"excerpt":{"rendered":"<p>Good Girl Supr\u00eame by Carolina Herrera je miris koji se usudio &#8221;sru\u0161iti&#8221; sva pravila industrije parfema. On je sofisticirana interpretacija originalnog Good Girl parfema, ali je suptilniji, sa izra\u017eenijim vo\u0107nim notama. Rezultat je miris koji je izuzetno privla\u010dan, seksi, a istovremeno pristojan i za svakodnevno no\u0161enje. Ovaj parfem izaziva odu\u0161evljenje kod pripadnica ljep\u0161eg spola. Kombinacijom svojih mirisnih nota, ovaj miris je prava poslastica za osjetila.<\/p>\n","protected":false},"featured_media":26913,"comment_status":"open","ping_status":"closed","template":"","meta":{"_acf_changed":false},"product_brand":[],"product_cat":[205,186],"product_tag":[],"class_list":{"0":"post-2707","1":"product","2":"type-product","3":"status-publish","4":"has-post-thumbnail","6":"product_cat-carolina-herrera-marka","7":"product_cat-za-zene","9":"first","10":"instock","11":"taxable","12":"shipping-taxable","13":"purchasable","14":"product-type-variable","15":"has-default-attributes"},"acf":[],"_links":{"self":[{"href":"https:\/\/nicolefragrance.se\/hr\/wp-json\/wp\/v2\/product\/2707","targetHints":{"allow":["GET"]}}],"collection":[{"href":"https:\/\/nicolefragrance.se\/hr\/wp-json\/wp\/v2\/product"}],"about":[{"href":"https:\/\/nicolefragrance.se\/hr\/wp-json\/wp\/v2\/types\/product"}],"replies":[{"embeddable":true,"href":"https:\/\/nicolefragrance.se\/hr\/wp-json\/wp\/v2\/comments?post=2707"}],"version-history":[{"count":0,"href":"https:\/\/nicolefragrance.se\/hr\/wp-json\/wp\/v2\/product\/2707\/revisions"}],"wp:featuredmedia":[{"embeddable":true,"href":"https:\/\/nicolefragrance.se\/hr\/wp-json\/wp\/v2\/media\/26913"}],"wp:attachment":[{"href":"https:\/\/nicolefragrance.se\/hr\/wp-json\/wp\/v2\/media?parent=2707"}],"wp:term":[{"taxonomy":"product_brand","embeddable":true,"href":"https:\/\/nicolefragrance.se\/hr\/wp-json\/wp\/v2\/product_brand?post=2707"},{"taxonomy":"product_cat","embeddable":true,"href":"https:\/\/nicolefragrance.se\/hr\/wp-json\/wp\/v2\/product_cat?post=2707"},{"taxonomy":"product_tag","embeddable":true,"href":"https:\/\/nicolefragrance.se\/hr\/wp-json\/wp\/v2\/product_tag?post=2707"}],"curies":[{"name":"wp","href":"https:\/\/api.w.org\/{rel}","templated":true}]}}