{"id":2695,"date":"2021-10-17T15:35:25","date_gmt":"2021-10-17T13:35:25","guid":{"rendered":"https:\/\/nicolefragrance.se\/?post_type=product&#038;p=2695"},"modified":"2026-03-02T13:07:58","modified_gmt":"2026-03-02T12:07:58","slug":"tom-ford-black-orchid-nicole-edp","status":"publish","type":"product","link":"https:\/\/nicolefragrance.se\/hr\/proizvod\/tom-ford-black-orchid-nicole-edp\/","title":{"rendered":"Nicole 2021 EDP inspiriran s Black Orchid Tom Ford"},"content":{"rendered":"<p><strong>Tom Ford Black Orchid<\/strong> je rasko\u0161an i senzualan \u017eenski parfem sa bogatim tamnim akordima i zavodljivom kombinacijom crnih orhideja i za\u010dina. Ovaj parfem istovremeno odi\u0161e moderno\u0161\u0107u i bezvremenskom elegancijom.<\/p>\n<p>Prvi utisak je osvojen senzualnom kombinacijom crnog tartufa i ilang-ilanga, koja se mije\u0161a sa svje\u017eim bergamotom i primamljivim crnim ribizlom. Srce parfema je produbljeno hipnotiziraju\u0107im mirisom lotosovog drveta.<\/p>\n<p>Tom Ford Black Orchid je luksuzan i senzualan parfem koji odi\u0161e bogatstvom tamnih i dubokih nota. U njemu se prepoznaju rijetka crna orhideja, za\u010dini i tamna \u010doautoda, \u0161to ga \u010dini za\u010dinjenim i rasko\u0161nim.<\/p>\n<p>Black Orchid parfem ku\u0107e Tom Ford poznat je po impresivnoj postojanosti. U prosjeku, miris se zadr\u017eava na ko\u017ei izme\u0111u 8 i 12 sati, \u0161to ga \u010dini odli\u010dnim izborom za no\u0161enje tijekom cijelog dana ili za dugotrajne doga\u0111aje. Njegov zavodljiv miris se odr\u017eava tijekom cijelog perioda no\u0161enja, sa baznim notama koje se preljepo zadr\u017eavaju na ko\u017ei.<\/p>\n<p><strong>Tom Ford Black Orchid<\/strong> je parfem koji isti\u010de va\u0161u individualnost i dodaje dozu luksuza i senzualnosti svakom trenutku. Bezvremenski i intrigantan, ovo je miris koji \u0107e sigurno privu\u0107i pa\u017enju i ostaviti nezaboravan utisak gdje god da se pojavi.<\/p>\n","protected":false},"excerpt":{"rendered":"<p>Tom Ford Black Orchid je parfem koji isti\u010de va\u0161u individualnost i dodaje dozu luksuza i senzualnosti svakom trenutku. Bezvremenski i intrigantan, ovo je miris koji \u0107e sigurno privu\u0107i pa\u017enju i ostaviti nezaboravan utisak gdje god da se pojavi.<\/p>\n","protected":false},"featured_media":26926,"comment_status":"open","ping_status":"closed","template":"","meta":{"_acf_changed":false},"product_brand":[],"product_cat":[203,186],"product_tag":[],"class_list":{"0":"post-2695","1":"product","2":"type-product","3":"status-publish","4":"has-post-thumbnail","6":"product_cat-tom-ford-marka","7":"product_cat-za-zene","9":"first","10":"instock","11":"taxable","12":"shipping-taxable","13":"purchasable","14":"product-type-variable","15":"has-default-attributes"},"acf":[],"_links":{"self":[{"href":"https:\/\/nicolefragrance.se\/hr\/wp-json\/wp\/v2\/product\/2695","targetHints":{"allow":["GET"]}}],"collection":[{"href":"https:\/\/nicolefragrance.se\/hr\/wp-json\/wp\/v2\/product"}],"about":[{"href":"https:\/\/nicolefragrance.se\/hr\/wp-json\/wp\/v2\/types\/product"}],"replies":[{"embeddable":true,"href":"https:\/\/nicolefragrance.se\/hr\/wp-json\/wp\/v2\/comments?post=2695"}],"version-history":[{"count":0,"href":"https:\/\/nicolefragrance.se\/hr\/wp-json\/wp\/v2\/product\/2695\/revisions"}],"wp:featuredmedia":[{"embeddable":true,"href":"https:\/\/nicolefragrance.se\/hr\/wp-json\/wp\/v2\/media\/26926"}],"wp:attachment":[{"href":"https:\/\/nicolefragrance.se\/hr\/wp-json\/wp\/v2\/media?parent=2695"}],"wp:term":[{"taxonomy":"product_brand","embeddable":true,"href":"https:\/\/nicolefragrance.se\/hr\/wp-json\/wp\/v2\/product_brand?post=2695"},{"taxonomy":"product_cat","embeddable":true,"href":"https:\/\/nicolefragrance.se\/hr\/wp-json\/wp\/v2\/product_cat?post=2695"},{"taxonomy":"product_tag","embeddable":true,"href":"https:\/\/nicolefragrance.se\/hr\/wp-json\/wp\/v2\/product_tag?post=2695"}],"curies":[{"name":"wp","href":"https:\/\/api.w.org\/{rel}","templated":true}]}}