{"id":2683,"date":"2021-05-17T13:26:30","date_gmt":"2021-05-17T11:26:30","guid":{"rendered":"https:\/\/nicolefragrance.se\/?post_type=product&#038;p=2683"},"modified":"2025-07-07T16:54:12","modified_gmt":"2025-07-07T14:54:12","slug":"ysl-kouros-nicole-edp","status":"publish","type":"product","link":"https:\/\/nicolefragrance.se\/hr\/proizvod\/ysl-kouros-nicole-edp\/","title":{"rendered":"Nicole 3018 EDP inspiriran s Kouros Yves Saint Laurent"},"content":{"rendered":"<p><strong>YSL Kouros<\/strong> je mu\u0161ki parfem koji simbolizira snagu, mu\u017eevnost i osvaja\u010dki duh, inspiriran bogovima anti\u010dke Gr\u010dke. Ovaj mirisni dragulj nosi u sebi karakteristi\u010dnu kombinaciju nota koje ga \u010dine jedinstvenim i prepoznatljivim.<\/p>\n<p>Sna\u017ean i neodoljiv, <strong>YSL Kouros<\/strong> zapo\u010dinje svoju pri\u010du sa akordom korijandera, koji je poja\u010dan energijom bergamota i mu\u0161kom snagom pelina. Ova kombinacija \u010dini da miris odjekuje svje\u017einom i dinami\u010dno\u0161\u0107u, savr\u0161enom za samopouzdane mu\u0161karce koji znaju \u0161to \u017eele.<\/p>\n<p>Jedna od klju\u010dnih karakteristika Kouros mirisa je njegova ozbiljna su\u0161tina koja se odr\u017eava tijekom cijelog dana. Kako se miris razvija na ko\u017ei, postaje sve sla\u0111i i primjese cvjetnih nota postaju primjetne. Med, karanfili i tonka grah donose toplinu i senzualnost ovom parfemu.<\/p>\n<p><strong>YSL Kouros<\/strong> ima svoj prepoznatljiv karakter. Ova aroma je vremenski testirana i omiljena je kod mu\u0161karaca \u0161irom svijeta. Poput potpisa, ostavlja sna\u017ean utisak gdje god da se pojavi.<\/p>\n<p>Iako miris za sve generacije, Kouros se najbolje nosi sa godinama. Preporu\u010duje se mu\u0161karcima starijim od 30 godina koji razumiju zna\u010daj klasi\u010dne elegancije i znaju kako da istaknu svoju mu\u017eevnost na jedinstven na\u010din.<\/p>\n<p>Uz YSL Kouros, svaki dan postaje prilika za izra\u017eavanje snage, trijumfa i mu\u0161kosti. Ovaj miris vas prati na va\u0161em putovanju ka uspjehu i osvajanju svijeta, ostavljaju\u0107i neizbrisiv trag u svakom trenutku.<\/p>\n","protected":false},"excerpt":{"rendered":"<p>YSL Kouros je mu\u0161ki parfem koji simbolizira snagu, mu\u017eevnost i osvaja\u010dki duh, inspiriran bogovima anti\u010dke Gr\u010dke. Ovaj mirisni dragulj nosi u sebi karakteristi\u010dnu kombinaciju nota koje ga \u010dine jedinstvenim i prepoznatljivim.\u00a0Preporu\u010duje se mu\u0161karcima starijim od 30 godina koji razumiju zna\u010daj klasi\u010dne elegancije i znaju kako da istaknu svoju mu\u017eevnost na jedinstven na\u010din.<\/p>\n","protected":false},"featured_media":26937,"comment_status":"open","ping_status":"closed","template":"","meta":{"_acf_changed":false},"product_brand":[],"product_cat":[206,187],"product_tag":[],"class_list":{"0":"post-2683","1":"product","2":"type-product","3":"status-publish","4":"has-post-thumbnail","6":"product_cat-yves-saint-laurent-marka","7":"product_cat-za-muskarce","9":"first","10":"instock","11":"taxable","12":"shipping-taxable","13":"purchasable","14":"product-type-variable","15":"has-default-attributes"},"acf":[],"_links":{"self":[{"href":"https:\/\/nicolefragrance.se\/hr\/wp-json\/wp\/v2\/product\/2683","targetHints":{"allow":["GET"]}}],"collection":[{"href":"https:\/\/nicolefragrance.se\/hr\/wp-json\/wp\/v2\/product"}],"about":[{"href":"https:\/\/nicolefragrance.se\/hr\/wp-json\/wp\/v2\/types\/product"}],"replies":[{"embeddable":true,"href":"https:\/\/nicolefragrance.se\/hr\/wp-json\/wp\/v2\/comments?post=2683"}],"version-history":[{"count":0,"href":"https:\/\/nicolefragrance.se\/hr\/wp-json\/wp\/v2\/product\/2683\/revisions"}],"wp:featuredmedia":[{"embeddable":true,"href":"https:\/\/nicolefragrance.se\/hr\/wp-json\/wp\/v2\/media\/26937"}],"wp:attachment":[{"href":"https:\/\/nicolefragrance.se\/hr\/wp-json\/wp\/v2\/media?parent=2683"}],"wp:term":[{"taxonomy":"product_brand","embeddable":true,"href":"https:\/\/nicolefragrance.se\/hr\/wp-json\/wp\/v2\/product_brand?post=2683"},{"taxonomy":"product_cat","embeddable":true,"href":"https:\/\/nicolefragrance.se\/hr\/wp-json\/wp\/v2\/product_cat?post=2683"},{"taxonomy":"product_tag","embeddable":true,"href":"https:\/\/nicolefragrance.se\/hr\/wp-json\/wp\/v2\/product_tag?post=2683"}],"curies":[{"name":"wp","href":"https:\/\/api.w.org\/{rel}","templated":true}]}}