{"id":2671,"date":"2021-05-17T13:23:32","date_gmt":"2021-05-17T11:23:32","guid":{"rendered":"https:\/\/nicolefragrance.se\/?post_type=product&#038;p=2671"},"modified":"2025-07-07T19:30:40","modified_gmt":"2025-07-07T17:30:40","slug":"tom-ford-lost-cherry-nicole-edp","status":"publish","type":"product","link":"https:\/\/nicolefragrance.se\/hr\/proizvod\/tom-ford-lost-cherry-nicole-edp\/","title":{"rendered":"Nicole 3017 EDP inspiriran s Lost Cherry Tom Ford"},"content":{"rendered":"<p><strong>Tom Ford Lost Cherry<\/strong> je unisex parfem koji vas vodi na zadovoljivo putovanje u svijet slatkih zadovoljstava. Ova umjetni\u010dki stvorena aroma istra\u017euje zabranjeno vo\u0107e, otkrivaju\u0107i zavodljivu dihotomiju izme\u0111u igre i slatke privla\u010dnosti. Predstavlja kontrast izme\u0111u veselog, slatkog sjaja na povr\u0161ini i so\u010dne unutra\u0161njosti.<\/p>\n<p>Gornje note parfema uklju\u010duju gorke bademe, liker i crnu tre\u0161nju. U srednjim notama osje\u0107aju se kisela tre\u0161nja, \u0161ljiva, turska ru\u017ea i jasmin sambac, dok se baza parfema sastoji od tonka graha, vanilije, cimeta, peru balsama, benzoina, sandalovine, karanfili\u0107a, kedra, pa\u010dulija i vetivera.<\/p>\n<p><strong>Tom Ford Lost Cherry<\/strong> je neprekidno sladak tijekom cijelog svog razvoja, ali uprkos tome, o\u010darava svojom dubinom i slo\u017eeno\u0161\u0107u. Osnova parfema otkriva slojeve tonka graha, vanilije i cimeta, koji mu daju blago tjestenastu notu, ali i postojanost koja \u0107e vas pratiti tijekom dana. Ova aroma je poput so\u010dne tre\u0161nje sa slatkim bademima, u kombinaciji sa notama crnog vo\u0107a i cvjetnim tonovima ru\u017ee i jasmina. Tako\u0111er, dodat je za\u010dinjeni akord cimeta, dubokih drvenastih nota i toplih balsamskih aroma.<\/p>\n<p><strong>Tom Ford Lost Cherry<\/strong> je parfem koji vas mami slatkim zadovoljstvima, ali pru\u017ea i dozu kompleksnosti i elegancije. Lost Cherry od Tom Ford-a je parfem koji \u0107e vas o\u010darati svojom privla\u010dnom slatko\u0107om, ostavljaju\u0107i za sobom neodoljiv trag.<\/p>\n","protected":false},"excerpt":{"rendered":"<p>Tom Ford Lost Cherry je unisex parfem koji vas mami slatkim zadovoljstvima, ali pru\u017ea i dozu kompleksnosti i elegancije. Ova umjetni\u010dki stvorena aroma istra\u017euje zabranjeno vo\u0107e, otkrivaju\u0107i zavodljivu dihotomiju izme\u0111u igre i slatke privla\u010dnosti. Ovo je parfem koji \u0107e vas o\u010darati svojom privla\u010dnom slatko\u0107om, ostavljaju\u0107i za sobom neodoljiv trag.<\/p>\n","protected":false},"featured_media":26951,"comment_status":"open","ping_status":"closed","template":"","meta":{"_acf_changed":false},"product_brand":[],"product_cat":[203,188,187,186],"product_tag":[],"class_list":{"0":"post-2671","1":"product","2":"type-product","3":"status-publish","4":"has-post-thumbnail","6":"product_cat-tom-ford-marka","7":"product_cat-unisex","8":"product_cat-za-muskarce","9":"product_cat-za-zene","11":"first","12":"instock","13":"taxable","14":"shipping-taxable","15":"purchasable","16":"product-type-variable","17":"has-default-attributes"},"acf":[],"_links":{"self":[{"href":"https:\/\/nicolefragrance.se\/hr\/wp-json\/wp\/v2\/product\/2671","targetHints":{"allow":["GET"]}}],"collection":[{"href":"https:\/\/nicolefragrance.se\/hr\/wp-json\/wp\/v2\/product"}],"about":[{"href":"https:\/\/nicolefragrance.se\/hr\/wp-json\/wp\/v2\/types\/product"}],"replies":[{"embeddable":true,"href":"https:\/\/nicolefragrance.se\/hr\/wp-json\/wp\/v2\/comments?post=2671"}],"version-history":[{"count":0,"href":"https:\/\/nicolefragrance.se\/hr\/wp-json\/wp\/v2\/product\/2671\/revisions"}],"wp:featuredmedia":[{"embeddable":true,"href":"https:\/\/nicolefragrance.se\/hr\/wp-json\/wp\/v2\/media\/26951"}],"wp:attachment":[{"href":"https:\/\/nicolefragrance.se\/hr\/wp-json\/wp\/v2\/media?parent=2671"}],"wp:term":[{"taxonomy":"product_brand","embeddable":true,"href":"https:\/\/nicolefragrance.se\/hr\/wp-json\/wp\/v2\/product_brand?post=2671"},{"taxonomy":"product_cat","embeddable":true,"href":"https:\/\/nicolefragrance.se\/hr\/wp-json\/wp\/v2\/product_cat?post=2671"},{"taxonomy":"product_tag","embeddable":true,"href":"https:\/\/nicolefragrance.se\/hr\/wp-json\/wp\/v2\/product_tag?post=2671"}],"curies":[{"name":"wp","href":"https:\/\/api.w.org\/{rel}","templated":true}]}}