{"id":2647,"date":"2021-05-14T12:03:10","date_gmt":"2021-05-14T10:03:10","guid":{"rendered":"https:\/\/nicolefragrance.se\/?post_type=product&#038;p=2647"},"modified":"2025-07-07T19:34:10","modified_gmt":"2025-07-07T17:34:10","slug":"baccarat-rouge-540-nicole-edp","status":"publish","type":"product","link":"https:\/\/nicolefragrance.se\/hr\/proizvod\/baccarat-rouge-540-nicole-edp\/","title":{"rendered":"Nicole 3015 EDP inspiriran s Baccarat Rouge 540 Maison Francis Kurkdjian"},"content":{"rendered":"<p><strong>Baccarat Rouge 540 <\/strong>je mu\u0161ki parfem u \u010dijem se mirisu osje\u0107aju svje\u017ei jasminski tonovi, sjajni \u0161afran i drveni tonovi svje\u017ee izsje\u010denog kedra. Svijetao i elegantan, ovaj parfem miluje ko\u017eu kao \u0161apat ambera i drvenog cvijeta.<\/p>\n<p>Maison Francis Kurkdjian je odabrao svoj val i koristio samo jednu slatku notu u <strong>Baccarat Rouge 540<\/strong> &#8211; etil maltol. U pitanju je mo\u0107an sastojak koji daje ovom parfemu karakteristi\u010dan miris kandiranog d\u017eema od jagode. Sladak je, ali gotovo da miri\u0161e kao da je blago prepe\u010den.<\/p>\n<p>Amber-floralni miris ima sposobnost da izazove osje\u0107aj luksuza i elegancije dok ulazite u bilo koju sobu. Odi\u0161e jedinstvenim karakterom koji ga izdvaja od mirisa drugih luksuznih brendova. Iako se \u010dini da je to miris koji uvijek privla\u010di pa\u017enju ljudi, nije nimalo nadmoc\u0301an. Aroma cvijec\u0301a i drveta je suptilno dekadentna i tako\u0111er miri\u0161e sna\u017eno sofisticirano.<\/p>\n<p>Ipak, za nekoga tko nije navikao na intenzivne mirise, parfem <strong>Baccarat Rouge 540<\/strong> mo\u017ee biti pomalo prejak na prvi pogled. Jednim nano\u0161enjem na zglob ruke ili vrat i miris \u0107e potrajati tijekom \u010ditavog dana.<\/p>\n","protected":false},"excerpt":{"rendered":"<p>Baccarat Rouge 540 odi\u0161e jedinstvenim karakterom koji ga izdvaja od mirisa drugih luksuznih brendova. Iako se \u010dini da je to miris koji uvijek privla\u010di pa\u017enju ljudi, nije nimalo nadmoc\u0301an. Aroma cvijec\u0301a i drveta je suptilno dekadentna i tako\u0111er miri\u0161e sna\u017eno sofisticirano. Samo jednim nano\u0161enjem na zglob ruke ili vrat i miris \u0107e potrajati tijekom \u010ditavog dana.<\/p>\n","protected":false},"featured_media":26973,"comment_status":"open","ping_status":"closed","template":"","meta":{"_acf_changed":false},"product_brand":[],"product_cat":[233,188,187,186],"product_tag":[],"class_list":{"0":"post-2647","1":"product","2":"type-product","3":"status-publish","4":"has-post-thumbnail","6":"product_cat-maison-francis-kurkdjian-marka","7":"product_cat-unisex","8":"product_cat-za-muskarce","9":"product_cat-za-zene","11":"first","12":"instock","13":"taxable","14":"shipping-taxable","15":"purchasable","16":"product-type-variable","17":"has-default-attributes"},"acf":[],"_links":{"self":[{"href":"https:\/\/nicolefragrance.se\/hr\/wp-json\/wp\/v2\/product\/2647","targetHints":{"allow":["GET"]}}],"collection":[{"href":"https:\/\/nicolefragrance.se\/hr\/wp-json\/wp\/v2\/product"}],"about":[{"href":"https:\/\/nicolefragrance.se\/hr\/wp-json\/wp\/v2\/types\/product"}],"replies":[{"embeddable":true,"href":"https:\/\/nicolefragrance.se\/hr\/wp-json\/wp\/v2\/comments?post=2647"}],"version-history":[{"count":0,"href":"https:\/\/nicolefragrance.se\/hr\/wp-json\/wp\/v2\/product\/2647\/revisions"}],"wp:featuredmedia":[{"embeddable":true,"href":"https:\/\/nicolefragrance.se\/hr\/wp-json\/wp\/v2\/media\/26973"}],"wp:attachment":[{"href":"https:\/\/nicolefragrance.se\/hr\/wp-json\/wp\/v2\/media?parent=2647"}],"wp:term":[{"taxonomy":"product_brand","embeddable":true,"href":"https:\/\/nicolefragrance.se\/hr\/wp-json\/wp\/v2\/product_brand?post=2647"},{"taxonomy":"product_cat","embeddable":true,"href":"https:\/\/nicolefragrance.se\/hr\/wp-json\/wp\/v2\/product_cat?post=2647"},{"taxonomy":"product_tag","embeddable":true,"href":"https:\/\/nicolefragrance.se\/hr\/wp-json\/wp\/v2\/product_tag?post=2647"}],"curies":[{"name":"wp","href":"https:\/\/api.w.org\/{rel}","templated":true}]}}