{"id":2623,"date":"2021-05-14T11:46:16","date_gmt":"2021-05-14T09:46:16","guid":{"rendered":"https:\/\/nicolefragrance.se\/?post_type=product&#038;p=2623"},"modified":"2026-02-06T13:47:40","modified_gmt":"2026-02-06T12:47:40","slug":"armani-my-way-nicole-edp","status":"publish","type":"product","link":"https:\/\/nicolefragrance.se\/hr\/proizvod\/armani-my-way-nicole-edp\/","title":{"rendered":"Nicole 2019 EDP inspiriran s My Way Armani"},"content":{"rendered":"<p><strong>Armani My Way<\/strong> je \u017eenski parfem koji spaja pa\u017eljivo odabrane sastojke iz cijelog svijeta u harmoniju drvenih i cvjetnih nota. Bergamot se spaja sa cvijetom naran\u010de iz Egipta u svijetlom, sjajnom po\u010detku, dok buket cvjetnih nota tuberoze i jasmina iz Indije \u010dini srce ovog mirisa. Ovaj parfem te\u017ei da odrazi autenti\u010dnost i radoznalost moderne \u017eene, istovremeno isti\u010du\u0107i njenu prefinjenu i \u017eenstvenu stranu.<\/p>\n<p><strong>My Way by Giorgio Armani<\/strong> se otvara svje\u017eim akordima bergamota i cvijeta naran\u010de, donose\u0107i osje\u0107aj svijetlosti i \u017eivosti. Ova po\u010detna svje\u017eina postepeno prelazi u bogat buket cvjetnih nota tuberoze i jasmina iz Indije, koji daju parfemu dubinu i intenzitet. Ovaj cvjetni aran\u017eman predstavlja srce mirisa i isti\u010de se svojom rasko\u0161nom i \u017eivahnom aromom.<\/p>\n<p>U osnovi parfema, \u017eivahan kedar spaja se sa kremastom vanilijom sa Madagaskara i bijelim mo\u0161usima, stvaraju\u0107i potpis ovog mirisnog do\u017eivljaja. Ova kombinacija drvenih i toplih nota pru\u017ea trajnost i dubinu parfemu, ostavljaju\u0107i ugodan mirisni trag.<\/p>\n<p><strong>Armani My Way<\/strong> je parfem sa mekim, senzualnim i izrazito \u017eenstvenim mirisom. Ovaj parfem savr\u0161eno oslikava viziju radoznale i autenti\u010dne \u017eene, istovremeno isti\u010du\u0107i njenu najlijep\u0161u \u017eenstvenu stranu. Miris se razvija tijekom vremena, ostavljaju\u0107i za sobom zavodljiv i sofisticiran trag koji prati \u017eenu tijekom njenih svakodnevnih avantura.<\/p>\n","protected":false},"excerpt":{"rendered":"<p>Armani My Way je parfem sa mekim, senzualnim i izrazito \u017eenstvenim mirisom. Ovaj parfem savr\u0161eno oslikava viziju radoznale i autenti\u010dne \u017eene, istovremeno isti\u010du\u0107i njezinu najljep\u0161u \u017eenstvenu stranu. Miris se razvija tijekom vremena, ostavljaju\u0107i za sobom zavodljiv i sofisticiran trag koji prati \u017eenu tijekom njenih svakodnevnih avantura.<\/p>\n","protected":false},"featured_media":26995,"comment_status":"open","ping_status":"closed","template":"","meta":{"_acf_changed":false},"product_brand":[],"product_cat":[191,186],"product_tag":[],"class_list":{"0":"post-2623","1":"product","2":"type-product","3":"status-publish","4":"has-post-thumbnail","6":"product_cat-armani-marka","7":"product_cat-za-zene","9":"first","10":"instock","11":"taxable","12":"shipping-taxable","13":"purchasable","14":"product-type-variable","15":"has-default-attributes"},"acf":[],"_links":{"self":[{"href":"https:\/\/nicolefragrance.se\/hr\/wp-json\/wp\/v2\/product\/2623","targetHints":{"allow":["GET"]}}],"collection":[{"href":"https:\/\/nicolefragrance.se\/hr\/wp-json\/wp\/v2\/product"}],"about":[{"href":"https:\/\/nicolefragrance.se\/hr\/wp-json\/wp\/v2\/types\/product"}],"replies":[{"embeddable":true,"href":"https:\/\/nicolefragrance.se\/hr\/wp-json\/wp\/v2\/comments?post=2623"}],"version-history":[{"count":0,"href":"https:\/\/nicolefragrance.se\/hr\/wp-json\/wp\/v2\/product\/2623\/revisions"}],"wp:featuredmedia":[{"embeddable":true,"href":"https:\/\/nicolefragrance.se\/hr\/wp-json\/wp\/v2\/media\/26995"}],"wp:attachment":[{"href":"https:\/\/nicolefragrance.se\/hr\/wp-json\/wp\/v2\/media?parent=2623"}],"wp:term":[{"taxonomy":"product_brand","embeddable":true,"href":"https:\/\/nicolefragrance.se\/hr\/wp-json\/wp\/v2\/product_brand?post=2623"},{"taxonomy":"product_cat","embeddable":true,"href":"https:\/\/nicolefragrance.se\/hr\/wp-json\/wp\/v2\/product_cat?post=2623"},{"taxonomy":"product_tag","embeddable":true,"href":"https:\/\/nicolefragrance.se\/hr\/wp-json\/wp\/v2\/product_tag?post=2623"}],"curies":[{"name":"wp","href":"https:\/\/api.w.org\/{rel}","templated":true}]}}