{"id":2611,"date":"2021-04-12T10:12:29","date_gmt":"2021-04-12T08:12:29","guid":{"rendered":"https:\/\/nicolefragrance.se\/?post_type=product&#038;p=2611"},"modified":"2025-07-07T19:39:26","modified_gmt":"2025-07-07T17:39:26","slug":"giorgio-armani-acqua-di-gio-profondo-nicole-edp","status":"publish","type":"product","link":"https:\/\/nicolefragrance.se\/hr\/proizvod\/giorgio-armani-acqua-di-gio-profondo-nicole-edp\/","title":{"rendered":"Nicole 3008 EDP inspiriran s Acqua di Gio Profondo Armani"},"content":{"rendered":"<p><strong>Acqua di Gio Profondo by Giorgio Armani<\/strong> je mu\u0161ki parfem koji je svojim intrigantnim mirisnim notama zavladao tr\u017ei\u0161tem od svog lansiranja 2020. godine. Ovaj akvati\u010dni miris otkriva slojeve svje\u017eine i dubine, stvaraju\u0107i jedinstveni do\u017eivljaj.<\/p>\n<p>Sa ne\u0161to boljom izdr\u017eljivo\u0161\u0107u od originalnog Acqua di Gio parfema, <strong>Profondo<\/strong> donosi intenzivan i dugotrajan mirisni do\u017eivljaj. Ova aroma odi\u0161e luksuzom i kvalitetom, pru\u017eaju\u0107i svje\u017einu morskih valova uz duboke drvenaste nijanse koje mu daju notu sofisticiranosti i privla\u010dnosti.<\/p>\n<p>Kompozicija ovog parfema obuhva\u0107a svje\u017eu notu zelene mandarine i morske note, za\u010dinske nijanse aromati\u010dnih esencija, kao i drvenasti mineralni zavr\u0161ni sloj oboga\u0107en pa\u010dulijem i mo\u0161usom. Ova slojevita kombinacija mirisnih nota stvara neodoljiv mirisni profil koji istovremeno osvje\u017eava i o\u010darava svojom dubinom.<\/p>\n<p>Ovaj parfem predstavlja poziv da istra\u017eite svoje pravo Ja, kao duboko ronjenje u dubinu svoje du\u0161e. Njegova oceanska aroma isti\u010de va\u0161u unutra\u0161nju snagu i eleganciju, stvaraju\u0107i osje\u0107aj samopouzdanja i karizme. Otkrijte svoju autenti\u010dnost uz jedinstven mirisni do\u017eivljaj koji vas vodi na putovanje kroz dubine va\u0161e li\u010dnosti.<\/p>\n<p><strong>Acqua di Gio Profondo<\/strong> je parfem koji stvara osje\u0107aj svje\u017eine i zavodljivosti koji traje tijekom \u010ditavog dana. Iskusite svijet mirisa na jedinstven na\u010din uz ovaj elegantni mirisni do\u017eivljaj koji nagla\u0161ava va\u0161u unikatnost i autenti\u010dnost.<\/p>\n","protected":false},"excerpt":{"rendered":"<p>Acqua di Gio Profondo je parfem koji stvara osje\u0107aj svje\u017eine i zavodljivosti koji traje tijekom \u010ditavog dana. Iskusite svijet mirisa na jedinstven na\u010din uz ovaj elegantni mirisni do\u017eivljaj koji nagla\u0161ava va\u0161u unikatnost i autenti\u010dnost. Sa ne\u0161to boljom izdr\u017eljivo\u0161\u0107u od originalnog Acqua di Gio parfema, Profondo donosi intenzivan i dugotrajan mirisni do\u017eivljaj.<\/p>\n","protected":false},"featured_media":27006,"comment_status":"open","ping_status":"closed","template":"","meta":{"_acf_changed":false},"product_brand":[],"product_cat":[191,187],"product_tag":[],"class_list":{"0":"post-2611","1":"product","2":"type-product","3":"status-publish","4":"has-post-thumbnail","6":"product_cat-armani-marka","7":"product_cat-za-muskarce","9":"first","10":"instock","11":"taxable","12":"shipping-taxable","13":"purchasable","14":"product-type-variable","15":"has-default-attributes"},"acf":[],"_links":{"self":[{"href":"https:\/\/nicolefragrance.se\/hr\/wp-json\/wp\/v2\/product\/2611","targetHints":{"allow":["GET"]}}],"collection":[{"href":"https:\/\/nicolefragrance.se\/hr\/wp-json\/wp\/v2\/product"}],"about":[{"href":"https:\/\/nicolefragrance.se\/hr\/wp-json\/wp\/v2\/types\/product"}],"replies":[{"embeddable":true,"href":"https:\/\/nicolefragrance.se\/hr\/wp-json\/wp\/v2\/comments?post=2611"}],"version-history":[{"count":0,"href":"https:\/\/nicolefragrance.se\/hr\/wp-json\/wp\/v2\/product\/2611\/revisions"}],"wp:featuredmedia":[{"embeddable":true,"href":"https:\/\/nicolefragrance.se\/hr\/wp-json\/wp\/v2\/media\/27006"}],"wp:attachment":[{"href":"https:\/\/nicolefragrance.se\/hr\/wp-json\/wp\/v2\/media?parent=2611"}],"wp:term":[{"taxonomy":"product_brand","embeddable":true,"href":"https:\/\/nicolefragrance.se\/hr\/wp-json\/wp\/v2\/product_brand?post=2611"},{"taxonomy":"product_cat","embeddable":true,"href":"https:\/\/nicolefragrance.se\/hr\/wp-json\/wp\/v2\/product_cat?post=2611"},{"taxonomy":"product_tag","embeddable":true,"href":"https:\/\/nicolefragrance.se\/hr\/wp-json\/wp\/v2\/product_tag?post=2611"}],"curies":[{"name":"wp","href":"https:\/\/api.w.org\/{rel}","templated":true}]}}