{"id":2587,"date":"2021-04-12T09:17:42","date_gmt":"2021-04-12T07:17:42","guid":{"rendered":"https:\/\/nicolefragrance.se\/?post_type=product&#038;p=2587"},"modified":"2025-07-07T19:51:28","modified_gmt":"2025-07-07T17:51:28","slug":"giorgio-armani-acqua-di-gio-profumo-nicole-edp","status":"publish","type":"product","link":"https:\/\/nicolefragrance.se\/hr\/proizvod\/giorgio-armani-acqua-di-gio-profumo-nicole-edp\/","title":{"rendered":"Nicole 808 EDP inspiriran s Acqua di Gio Profumo Armani"},"content":{"rendered":"<p><strong>Acqua di Gio Profumo<\/strong> je sofisticiran akvati\u010dni parfem za mu\u0161karce inspiriran vulkanskim kamenjem i oceanskim dubinama. Svje\u017ee morske note se sjedinjuju sa\u00a0hipnotiziraju\u0107im sjajem tamjana. Zajedno inspiriraju zavodljiv sastojak koji stvara intenzivan i avanturisti\u010dki aromati\u010dni miris namijenjen mu\u0161karcima.<\/p>\n<p>Ovaj parfem je oboga\u0107en slanim morskim notama i osvje\u017eavaju\u0107im bergamotom, stvaraju\u0107i atmosferu ljetneg osvje\u017eenja i vitalnosti. Miris tamjana i ostale zemljane note doprinose dimnim i za\u010dinskim nijansama, \u0161to dodatno nagla\u0161ava mu\u017eevnost ovog parfema. Srce ovog mirisa o\u017eivljava uz notu geranija, \u017ealfije i ru\u017emarina, pulsiraju\u0107i dok grije ko\u017eu i osloba\u0111a prepoznatljive oblake pa\u010dulija i tamjana.<\/p>\n<p><strong>Giorgio Armani Acqua di Gio<\/strong> je ugodno akvati\u010dno iskustvo sa notama soli i citrusa koje prelaze u miris kedra i mo\u0161usa. Ovaj parfem je vje\u0161to izgra\u0111en, harmoni\u010dan i osmi\u0161ljen za \u0161iroku publiku i jasno je da je svoju ulogu obavio vrlo uspje\u0161no.<\/p>\n<p><strong>Acqua di Gio Profumo<\/strong> stvara jedinstveni mirisni do\u017eivljaj. Ovaj parfem nagla\u0161ava va\u0161u mu\u017eevnost i istovremeno donosi osje\u0107aj sofisticiranosti. Sa njim \u0107ete nositi mirisnu pri\u010du koja \u0107e ostaviti sna\u017ean i upadljiv trag.<\/p>\n","protected":false},"excerpt":{"rendered":"<p>Acqua di Gio Profumo by Giorgio Armani je sofisticiran akvati\u010dni parfem za mu\u0161karce inspiriran vulkanskim kamenjem i oceanskim dubinama, koji kreira jedinstveni mirisni do\u017eivljaj. Ovaj parfem nagla\u0161ava va\u0161u mu\u017eevnost i istovremeno donosi osje\u0107aj sofisticiranosti. Sa njim \u0107ete nositi mirisnu pri\u010du koja \u0107e ostaviti sna\u017ean i upadljiv trag.<\/p>\n","protected":false},"featured_media":27017,"comment_status":"open","ping_status":"closed","template":"","meta":{"_acf_changed":false},"product_brand":[],"product_cat":[191,187],"product_tag":[],"class_list":{"0":"post-2587","1":"product","2":"type-product","3":"status-publish","4":"has-post-thumbnail","6":"product_cat-armani-marka","7":"product_cat-za-muskarce","9":"first","10":"instock","11":"taxable","12":"shipping-taxable","13":"purchasable","14":"product-type-variable","15":"has-default-attributes"},"acf":[],"_links":{"self":[{"href":"https:\/\/nicolefragrance.se\/hr\/wp-json\/wp\/v2\/product\/2587","targetHints":{"allow":["GET"]}}],"collection":[{"href":"https:\/\/nicolefragrance.se\/hr\/wp-json\/wp\/v2\/product"}],"about":[{"href":"https:\/\/nicolefragrance.se\/hr\/wp-json\/wp\/v2\/types\/product"}],"replies":[{"embeddable":true,"href":"https:\/\/nicolefragrance.se\/hr\/wp-json\/wp\/v2\/comments?post=2587"}],"version-history":[{"count":0,"href":"https:\/\/nicolefragrance.se\/hr\/wp-json\/wp\/v2\/product\/2587\/revisions"}],"wp:featuredmedia":[{"embeddable":true,"href":"https:\/\/nicolefragrance.se\/hr\/wp-json\/wp\/v2\/media\/27017"}],"wp:attachment":[{"href":"https:\/\/nicolefragrance.se\/hr\/wp-json\/wp\/v2\/media?parent=2587"}],"wp:term":[{"taxonomy":"product_brand","embeddable":true,"href":"https:\/\/nicolefragrance.se\/hr\/wp-json\/wp\/v2\/product_brand?post=2587"},{"taxonomy":"product_cat","embeddable":true,"href":"https:\/\/nicolefragrance.se\/hr\/wp-json\/wp\/v2\/product_cat?post=2587"},{"taxonomy":"product_tag","embeddable":true,"href":"https:\/\/nicolefragrance.se\/hr\/wp-json\/wp\/v2\/product_tag?post=2587"}],"curies":[{"name":"wp","href":"https:\/\/api.w.org\/{rel}","templated":true}]}}