{"id":2554,"date":"2021-03-19T13:35:38","date_gmt":"2021-03-19T12:35:38","guid":{"rendered":"https:\/\/nicolefragrance.se\/?post_type=product&#038;p=2554"},"modified":"2025-07-07T19:54:12","modified_gmt":"2025-07-07T17:54:12","slug":"chanel-1957-nicole-edp","status":"publish","type":"product","link":"https:\/\/nicolefragrance.se\/hr\/proizvod\/chanel-1957-nicole-edp\/","title":{"rendered":"Nicole 2008 EDP inspiriran s Chanel 1957 Chanel"},"content":{"rendered":"<p><strong>Chanel 1957<\/strong> je unisex parfem lansiran 2019. godine koji je vrlo brzo postao sinonim za eleganciju i stil. Ovaj parfem je jednako prikladan za mu\u0161karce i \u017eene, a njegova kompozicija je prava oda \u010distoj jednostavnosti i beskrajnoj sofisticiranosti.<\/p>\n<p>Ovaj miris po\u010dinje svijetlim notama bijelog mo\u0161usa, aldehida i bergamota. Ru\u017ei\u010dasti papar i korijander dodaju blagi za\u010dinski akord ovom parfemu. U srcu parfema otkrivamo jo\u0161 bijelog mo\u0161usa, ali ovog puta u kombinaciji sa notama naran\u010dinog cvijeta i jasmina. Ovi cvjetni tonovi dodaju nje\u017enu i \u017eenstvenu dimenziju kompoziciji, stvaraju\u0107i miris koji je istovremeno svje\u017e i luksuzan. Baza parfema je prava riznica mirisnih nota. Bijeli mo\u0161us se ponovo pojavljuje, ali ovog puta u kombinaciji sa irisom, ka\u0161meranom, kedrovinom, medom i vanilijom. Ove tople i duboke note pru\u017eaju parfemu trajnost i kompleksnost, \u010dine\u0107i ga neodoljivim i zavodljivim.<\/p>\n<p><strong>Chanel 1957<\/strong> je miris koji vas vodi na putovanje kroz vrijeme, podsje\u0107aju\u0107i na besprekoran stil ku\u0107e Chanel. Savr\u0161en je izbor za svakodnevno no\u0161enje, pru\u017eaju\u0107i vam osje\u0107aj svje\u017eine i luksuza tijekom cijelog dana.<\/p>\n<p><strong>Chanel 1957<\/strong> je miris za one koji cijene eleganciju i stil koji nikada ne izlazi iz mode. Osjetite \u010daroliju <strong>Chanel 1957<\/strong> i zakora\u010dite u svijet bezvremenske elegancije.<\/p>\n","protected":false},"excerpt":{"rendered":"<p>Chanel 1957 je miris koji vas vodi na putovanje kroz vrijeme, podsje\u0107aju\u0107i na besprekoran stil ku\u0107e Chanel. Savr\u0161en je izbor za svakodnevno no\u0161enje, pru\u017eaju\u0107i vam osje\u0107aj svje\u017eine i luksuza tijekom cijelog dana. Ovo je miris za one koji cijene eleganciju i stil koji nikada ne izlazi iz mode. Osjetite \u010daroliju Chanel 1957 i zakora\u010dite u svijet bezvremenske elegancije.<\/p>\n","protected":false},"featured_media":27028,"comment_status":"open","ping_status":"closed","template":"","meta":{"_acf_changed":false},"product_brand":[],"product_cat":[195,188,187,186],"product_tag":[],"class_list":{"0":"post-2554","1":"product","2":"type-product","3":"status-publish","4":"has-post-thumbnail","6":"product_cat-chanel-marka","7":"product_cat-unisex","8":"product_cat-za-muskarce","9":"product_cat-za-zene","11":"first","12":"instock","13":"taxable","14":"shipping-taxable","15":"purchasable","16":"product-type-variable","17":"has-default-attributes"},"acf":[],"_links":{"self":[{"href":"https:\/\/nicolefragrance.se\/hr\/wp-json\/wp\/v2\/product\/2554","targetHints":{"allow":["GET"]}}],"collection":[{"href":"https:\/\/nicolefragrance.se\/hr\/wp-json\/wp\/v2\/product"}],"about":[{"href":"https:\/\/nicolefragrance.se\/hr\/wp-json\/wp\/v2\/types\/product"}],"replies":[{"embeddable":true,"href":"https:\/\/nicolefragrance.se\/hr\/wp-json\/wp\/v2\/comments?post=2554"}],"version-history":[{"count":0,"href":"https:\/\/nicolefragrance.se\/hr\/wp-json\/wp\/v2\/product\/2554\/revisions"}],"wp:featuredmedia":[{"embeddable":true,"href":"https:\/\/nicolefragrance.se\/hr\/wp-json\/wp\/v2\/media\/27028"}],"wp:attachment":[{"href":"https:\/\/nicolefragrance.se\/hr\/wp-json\/wp\/v2\/media?parent=2554"}],"wp:term":[{"taxonomy":"product_brand","embeddable":true,"href":"https:\/\/nicolefragrance.se\/hr\/wp-json\/wp\/v2\/product_brand?post=2554"},{"taxonomy":"product_cat","embeddable":true,"href":"https:\/\/nicolefragrance.se\/hr\/wp-json\/wp\/v2\/product_cat?post=2554"},{"taxonomy":"product_tag","embeddable":true,"href":"https:\/\/nicolefragrance.se\/hr\/wp-json\/wp\/v2\/product_tag?post=2554"}],"curies":[{"name":"wp","href":"https:\/\/api.w.org\/{rel}","templated":true}]}}