{"id":2530,"date":"2021-03-19T13:20:11","date_gmt":"2021-03-19T12:20:11","guid":{"rendered":"https:\/\/nicolefragrance.se\/?post_type=product&#038;p=2530"},"modified":"2025-07-07T20:06:28","modified_gmt":"2025-07-07T18:06:28","slug":"gucci-flora-emerald-gardenia-nicole-edp","status":"publish","type":"product","link":"https:\/\/nicolefragrance.se\/hr\/proizvod\/gucci-flora-emerald-gardenia-nicole-edp\/","title":{"rendered":"Nicole 2006 EDP inspiriran s Flora Emerald Gardenia Gucci"},"content":{"rendered":"<p><strong>Gucci Flora Emerald Gardenia<\/strong> je \u017eenski parfem koji plijeni svojom svje\u017einom i cvjetnom rasko\u0161i. Predstavljen 2019. godine, ovaj cvjetno-drveni mo\u0161usni miris isti\u010de se svojom slojevito\u0161\u0107u i jedinstvenom kombinacijom nota koje odi\u0161u svje\u017einom i elegancijom.<\/p>\n<p><strong>Flora Emerald Gardenia by Gucci<\/strong> odu\u0161evljava va\u0161a osjetila sa gornjim notama so\u010dne lubenice, slatkih kru\u0161aka i osvje\u017eavaju\u0107eg limuna. U srcu ovog parfema, cvjetni buket lotosa, gardenije i frangipanija donosi prefinjenu cvjetnu rasko\u0161, pru\u017eaju\u0107i vam osje\u0107aj rasko\u0161nog cvjetnog vrta u punom cvatu. Ovaj parfem ima i duboku i zavodljivu bazu koju \u010dine note mo\u0161usa, sandalovine i kedra. Ova topla drvenasta osnova dodaje mirisu dubinu i eleganciju, stvaraju\u0107i savr\u0161enu ravnote\u017eu izme\u0111u svje\u017eine i topline, savr\u0161eno prilago\u0111enu svim prilikama.<\/p>\n<p><strong>Flora Emerald Gardenia<\/strong> je poput \u010darobnog vrtloga pozitivne energije. Delikatno cvjetni, sa izra\u017eenim vo\u0107nim notama, ovaj parfem donosi osje\u0107aj radosti i svje\u017eine, isti\u010du\u0107i prirodnu ljepotu i \u017eenstvenost svake slobodoumne \u017eene koja \u017eivi \u017eivot punim plu\u0107ima.<\/p>\n<p>Svojom svje\u017eom, ali istovremeno zavodljivom aromom, <strong>Gucci Flora Emerald Gardenia<\/strong> postaje savr\u0161en izbor za \u017eene koje \u017eele da istaknu svoju sofisticiranost i samopouzdanje kroz nje\u017enu, ali sna\u017enu esenciju cvjetnog vrta. U\u017eivajte u \u010darobnoj cvjetnoj simfoniji ovog Gucci parfema koji isti\u010de prirodnu ljepotu svake \u017eene.<\/p>\n","protected":false},"excerpt":{"rendered":"<p>Gucci Flora Emerald Gardenia je poput \u010darobnog vrtloga pozitivne energije. Delikatno cvjetni, sa izra\u017eenim vo\u0107nim notama, ovaj parfem donosi osje\u0107aj radosti i svje\u017eine, isti\u010du\u0107i prirodnu ljepotu i \u017eenstvenost svake slobodoumne \u017eene koja \u017eivi \u017eivot punim plu\u0107ima. svje\u017eom i istovremeno zavodljivom aromom, ovaj parfem je savr\u0161en izbor za dame koje \u017eele istaknuti svoju sofisticiranost i samopouzdanje kroz nje\u017enu, ali sna\u017enu esenciju cvjetnog vrta.<\/p>\n","protected":false},"featured_media":27041,"comment_status":"open","ping_status":"closed","template":"","meta":{"_acf_changed":false},"product_brand":[],"product_cat":[199,186],"product_tag":[],"class_list":{"0":"post-2530","1":"product","2":"type-product","3":"status-publish","4":"has-post-thumbnail","6":"product_cat-gucci-marka","7":"product_cat-za-zene","9":"first","10":"instock","11":"taxable","12":"shipping-taxable","13":"purchasable","14":"product-type-variable","15":"has-default-attributes"},"acf":[],"_links":{"self":[{"href":"https:\/\/nicolefragrance.se\/hr\/wp-json\/wp\/v2\/product\/2530","targetHints":{"allow":["GET"]}}],"collection":[{"href":"https:\/\/nicolefragrance.se\/hr\/wp-json\/wp\/v2\/product"}],"about":[{"href":"https:\/\/nicolefragrance.se\/hr\/wp-json\/wp\/v2\/types\/product"}],"replies":[{"embeddable":true,"href":"https:\/\/nicolefragrance.se\/hr\/wp-json\/wp\/v2\/comments?post=2530"}],"version-history":[{"count":0,"href":"https:\/\/nicolefragrance.se\/hr\/wp-json\/wp\/v2\/product\/2530\/revisions"}],"wp:featuredmedia":[{"embeddable":true,"href":"https:\/\/nicolefragrance.se\/hr\/wp-json\/wp\/v2\/media\/27041"}],"wp:attachment":[{"href":"https:\/\/nicolefragrance.se\/hr\/wp-json\/wp\/v2\/media?parent=2530"}],"wp:term":[{"taxonomy":"product_brand","embeddable":true,"href":"https:\/\/nicolefragrance.se\/hr\/wp-json\/wp\/v2\/product_brand?post=2530"},{"taxonomy":"product_cat","embeddable":true,"href":"https:\/\/nicolefragrance.se\/hr\/wp-json\/wp\/v2\/product_cat?post=2530"},{"taxonomy":"product_tag","embeddable":true,"href":"https:\/\/nicolefragrance.se\/hr\/wp-json\/wp\/v2\/product_tag?post=2530"}],"curies":[{"name":"wp","href":"https:\/\/api.w.org\/{rel}","templated":true}]}}