{"id":2518,"date":"2021-03-19T13:05:03","date_gmt":"2021-03-19T12:05:03","guid":{"rendered":"https:\/\/nicolefragrance.se\/?post_type=product&#038;p=2518"},"modified":"2025-07-07T20:08:10","modified_gmt":"2025-07-07T18:08:10","slug":"alexander-mcqueen-luminous-orchid-nicole-edp","status":"publish","type":"product","link":"https:\/\/nicolefragrance.se\/hr\/proizvod\/alexander-mcqueen-luminous-orchid-nicole-edp\/","title":{"rendered":"Nicole 2005 EDP inspiriran s Luminous Orchid Alexander McQueen"},"content":{"rendered":"<p><strong>Luminous Orchid by Alexander McQueen<\/strong> je rasko\u0161an orijentalni \u017eenski parfem, lansiran 2018. godine.\u00a0Inspiriran poznatim brendom, Luminous Orchid by Nicole EDP pru\u017ea dugotrajnost i intenzitet mirisa tijekom cijelog dana.<\/p>\n<p>Ovaj parfem je izra\u0111en sa pa\u017eljivim odabirom sirovina kako bi pru\u017eio autenti\u010dan do\u017eivljaj orijentalnih mirisa. Klju\u010dne note orhideje, prepe\u010denog susama i kave savr\u0161eno se harmonizuju, stvaraju\u0107i jedinstvenu aromu koja \u0107e vas osvojiti.<\/p>\n<p><strong>Luminous Orchid by Alexander McQueen <\/strong>je mirisno remek-djelo koje donosi o\u010daravaju\u0107e iskustvo i predstavlja savr\u0161en spoj luksuza i profinjenosti. Ovaj parfem nije samo miris, ve\u0107 i pri\u010da koju nosite sa sobom. Bezvrijemenska elegancija ovog parfema je uparena sa suptilnom snagom, \u010dine\u0107i ga savr\u0161enim izborom za posebne prilike ili svakodnevno nagla\u0161avanje va\u0161eg stila. Osvje\u017eite svoju pojavu ovim profinjenim mirisom i istaknite svoju jedinstvenost.<\/p>\n<p>Osjetite kako se ekskluzivna fuksija orhideja otapa u toplini prepe\u010denog susama i oboga\u0107uje se dubokom notom kave, stvaraju\u0107i jedinstveno iskustvo i neodoljivu simfoniju mirisa.<\/p>\n","protected":false},"excerpt":{"rendered":"<p>Luminous Orchid by Alexander McQueen je rasko\u0161an orijentalni parfem sa notama orhideje, prepe\u010denog susama i kave. Sa 100% koncentracijom mirisa, Alexander McQueen Luminous Orchid je pravo olfaktorno remek-djelo koje donosi o\u010daravaju\u0107e iskustvo i predstavlja savr\u0161en spoj luksuza i profinjenosti. Ovaj parfem nije samo miris, ve\u0107 i pri\u010da koju nosite sa sobom.<\/p>\n","protected":false},"featured_media":27052,"comment_status":"open","ping_status":"closed","template":"","meta":{"_acf_changed":false},"product_brand":[],"product_cat":[232,186],"product_tag":[],"class_list":{"0":"post-2518","1":"product","2":"type-product","3":"status-publish","4":"has-post-thumbnail","6":"product_cat-alexander-mcqueen-marka","7":"product_cat-za-zene","9":"first","10":"outofstock","11":"taxable","12":"shipping-taxable","13":"purchasable","14":"product-type-variable","15":"has-default-attributes"},"acf":[],"_links":{"self":[{"href":"https:\/\/nicolefragrance.se\/hr\/wp-json\/wp\/v2\/product\/2518","targetHints":{"allow":["GET"]}}],"collection":[{"href":"https:\/\/nicolefragrance.se\/hr\/wp-json\/wp\/v2\/product"}],"about":[{"href":"https:\/\/nicolefragrance.se\/hr\/wp-json\/wp\/v2\/types\/product"}],"replies":[{"embeddable":true,"href":"https:\/\/nicolefragrance.se\/hr\/wp-json\/wp\/v2\/comments?post=2518"}],"version-history":[{"count":0,"href":"https:\/\/nicolefragrance.se\/hr\/wp-json\/wp\/v2\/product\/2518\/revisions"}],"wp:featuredmedia":[{"embeddable":true,"href":"https:\/\/nicolefragrance.se\/hr\/wp-json\/wp\/v2\/media\/27052"}],"wp:attachment":[{"href":"https:\/\/nicolefragrance.se\/hr\/wp-json\/wp\/v2\/media?parent=2518"}],"wp:term":[{"taxonomy":"product_brand","embeddable":true,"href":"https:\/\/nicolefragrance.se\/hr\/wp-json\/wp\/v2\/product_brand?post=2518"},{"taxonomy":"product_cat","embeddable":true,"href":"https:\/\/nicolefragrance.se\/hr\/wp-json\/wp\/v2\/product_cat?post=2518"},{"taxonomy":"product_tag","embeddable":true,"href":"https:\/\/nicolefragrance.se\/hr\/wp-json\/wp\/v2\/product_tag?post=2518"}],"curies":[{"name":"wp","href":"https:\/\/api.w.org\/{rel}","templated":true}]}}