{"id":2494,"date":"2021-03-19T11:58:51","date_gmt":"2021-03-19T10:58:51","guid":{"rendered":"https:\/\/nicolefragrance.se\/?post_type=product&#038;p=2494"},"modified":"2025-07-07T20:11:13","modified_gmt":"2025-07-07T18:11:13","slug":"lancome-tresor-en-or-nicole-edp","status":"publish","type":"product","link":"https:\/\/nicolefragrance.se\/hr\/proizvod\/lancome-tresor-en-or-nicole-edp\/","title":{"rendered":"Nicole 2001 EDP inspiriran s Tresor en Or Lancome"},"content":{"rendered":"<p><strong>Tresor en Or by Lancome<\/strong> je izvanredan \u017eenski parfem koji odi\u0161e plemenito\u0161c\u0301u i senzualno\u0161c\u0301u. Lansiran 2019. godine, ovaj parfem donosi nezaboravno iskustvo mirisnih nota koje vas c\u0301e osvojiti.<\/p>\n<p><strong>Tresor en Or<\/strong> je harmoni\u010dan spoj mirisnih akorda. Otvara se notama so\u010dne breskve u vrhu, dok se u srcu mirisa otkrivaju note peonija, turske ru\u017ee i jasmina. Baza ovog mirisa je duboka i senzualna, sa notama ko\u017ee, ambrete i mo\u0161usa. Ova bogata i slo\u017eena mje\u0161avina \u010dini Tresor en Or jedinstvenim i neodoljivim.<\/p>\n<p>Ovo je nje\u017ean i sladak miris koji o\u010darava svojom vo\u0107nom slatko\u0107om i cvjetnim notama. Ve\u0107 pri prvom nano\u0161enju parfema, osjetiti \u0107ete kao da ste zaronili u vrt pun najlijep\u0161eg cvije\u0107a.<\/p>\n<p>Ovaj parfem predstavlja modernu reinterpretaciju ikoni\u010dnog Tresor mirisa iz 1990-ih. Tresor en Or dodaje zavodljivu notu ovom klasi\u010dnom mirisu, \u010dinec\u0301i ga svje\u017eijim i intrigantnijim.<\/p>\n<p><strong>Lancome Tresor en Or<\/strong> je svestran miris koji se mo\u017ee nositi u svim prilikama. Bilo da ga koristite za svakodnevne aktivnosti ili posebne doga\u0111aje, ovaj parfem c\u0301e vas u\u010diniti posebnim.<\/p>\n<p>Ovo je miris plemenitosti i senzualnosti. Sa svojim kompleksnim notama i neodoljivom privlac\u030cnos\u030cc\u0301u, ovaj parfem c\u0301e vas inspirirati da se osje\u0107ate samopouzdano i neodoljivo. Otkrijte carstvo senzacija uz <strong>Tresor en Or<\/strong>.<\/p>\n","protected":false},"excerpt":{"rendered":"<p>Tresor en Or by Lancome je nje\u017ean i sladak miris koji o\u010darava svojom vo\u0107nom slatko\u0107om i cvjetnim notama. Ve\u0107 pri prvom nano\u0161enju parfema, osjetiti \u0107ete kao da ste zaronili u vrt pun najlijep\u0161eg cvije\u0107a. Ovaj parfem predstavlja modernu reinterpretaciju ikoni\u010dnog Tresor mirisa iz 1990-ih. Tresor en Or dodaje zavodljivu notu ovom klasi\u010dnom mirisu, \u010dinec\u0301i ga svje\u017eijim i intrigantnijim.<\/p>\n","protected":false},"featured_media":27063,"comment_status":"open","ping_status":"closed","template":"","meta":{"_acf_changed":false},"product_brand":[],"product_cat":[210,186],"product_tag":[],"class_list":{"0":"post-2494","1":"product","2":"type-product","3":"status-publish","4":"has-post-thumbnail","6":"product_cat-lancome-marka","7":"product_cat-za-zene","9":"first","10":"instock","11":"taxable","12":"shipping-taxable","13":"purchasable","14":"product-type-variable","15":"has-default-attributes"},"acf":[],"_links":{"self":[{"href":"https:\/\/nicolefragrance.se\/hr\/wp-json\/wp\/v2\/product\/2494","targetHints":{"allow":["GET"]}}],"collection":[{"href":"https:\/\/nicolefragrance.se\/hr\/wp-json\/wp\/v2\/product"}],"about":[{"href":"https:\/\/nicolefragrance.se\/hr\/wp-json\/wp\/v2\/types\/product"}],"replies":[{"embeddable":true,"href":"https:\/\/nicolefragrance.se\/hr\/wp-json\/wp\/v2\/comments?post=2494"}],"version-history":[{"count":0,"href":"https:\/\/nicolefragrance.se\/hr\/wp-json\/wp\/v2\/product\/2494\/revisions"}],"wp:featuredmedia":[{"embeddable":true,"href":"https:\/\/nicolefragrance.se\/hr\/wp-json\/wp\/v2\/media\/27063"}],"wp:attachment":[{"href":"https:\/\/nicolefragrance.se\/hr\/wp-json\/wp\/v2\/media?parent=2494"}],"wp:term":[{"taxonomy":"product_brand","embeddable":true,"href":"https:\/\/nicolefragrance.se\/hr\/wp-json\/wp\/v2\/product_brand?post=2494"},{"taxonomy":"product_cat","embeddable":true,"href":"https:\/\/nicolefragrance.se\/hr\/wp-json\/wp\/v2\/product_cat?post=2494"},{"taxonomy":"product_tag","embeddable":true,"href":"https:\/\/nicolefragrance.se\/hr\/wp-json\/wp\/v2\/product_tag?post=2494"}],"curies":[{"name":"wp","href":"https:\/\/api.w.org\/{rel}","templated":true}]}}