{"id":2482,"date":"2021-03-19T11:52:51","date_gmt":"2021-03-19T10:52:51","guid":{"rendered":"https:\/\/nicolefragrance.se\/?post_type=product&#038;p=2482"},"modified":"2025-07-07T20:17:55","modified_gmt":"2025-07-07T18:17:55","slug":"armani-si-fiori-nicole-edp","status":"publish","type":"product","link":"https:\/\/nicolefragrance.se\/hr\/proizvod\/armani-si-fiori-nicole-edp\/","title":{"rendered":"Nicole 219 EDP inspiriran s Si Fiori Armani"},"content":{"rendered":"<p><strong>Armani S\u00ec Fiori<\/strong> je \u017eenski parfem koji odi\u0161e \u0161armom i elegancijom. Lansiran 2019. godine, ovaj miris je inspiriran cvjetnim notama koje ga \u010dine neodoljivim za \u017eene koje znaju \u0161to \u017eele.<\/p>\n<p><strong>S\u00ec Fiori by Giorgio Armani<\/strong> otvara se svje\u017eim notama crnog ribizla i zelene mandarine, koje dodaju vo\u0107nu notu mirisu. Zatim, u srcu parfema, osje\u0107ate cvjetne note nerolija, ru\u017ee, pa\u010dulija i hrastove mahovine, stvaraju\u0107i bogat buket koji mami svojom slo\u017eeno\u0161\u0107u. Na kraju, miris se razvija u bazi sa notama vanilije i bijele mo\u0161usa, pru\u017eaju\u0107i dugotrajan i senzualan zavr\u0161etak.<\/p>\n<p>S\u00ec Fiori je stvoren za suvremenu \u017eenu koja je sna\u017ena, a ipak \u017eenstvena, sofisticirana, a ipak karizmati\u010dna. Ona personificira su\u0161tinu \u0161ik talijanske elegancije i stila. Ovaj parfem predstavlja savr\u0161en spoj \u017eenstvenosti i snage.<\/p>\n<p>Armani S\u00ec Fiori je parfem koji osvaja svojom slo\u017eeno\u0161\u0107u, elegantnim notama i dugotrajnim mirisom. Ovo je miris za \u017eenu koja zra\u010di samopouzdanjem i \u017eenstveno\u0161\u0107u, istovremeno odi\u0161u\u0107i sofisticiranim \u0161armom. Do\u017eivite miris sofisticirane \u017eenstvenosti uz <strong>Armani S\u00ec Fiori<\/strong>.<\/p>\n","protected":false},"excerpt":{"rendered":"<p>Armani S\u00ec Fiori je stvoren za suvremenu \u017eenu koja je sna\u017ena, a ipak \u017eenstvena, sofisticirana, a ipak karizmati\u010dna. Ona personificira su\u0161tinu \u0161ik talijanske elegancije i stila. Ovaj parfem predstavlja savr\u0161en spoj \u017eenstvenosti i snage. S\u00ec Fiori je parfem koji osvaja svojom slo\u017eeno\u0161\u0107u, elegantnim notama i dugotrajnim mirisom. Ovo je miris za \u017eenu koja zra\u010di samopouzdanjem i \u017eenstveno\u0161\u0107u, istovremeno odi\u0161u\u0107i sofisticiranim \u0161armom.<\/p>\n","protected":false},"featured_media":27075,"comment_status":"open","ping_status":"closed","template":"","meta":{"_acf_changed":false},"product_brand":[],"product_cat":[191,186],"product_tag":[],"class_list":{"0":"post-2482","1":"product","2":"type-product","3":"status-publish","4":"has-post-thumbnail","6":"product_cat-armani-marka","7":"product_cat-za-zene","9":"first","10":"instock","11":"taxable","12":"shipping-taxable","13":"purchasable","14":"product-type-variable","15":"has-default-attributes"},"acf":[],"_links":{"self":[{"href":"https:\/\/nicolefragrance.se\/hr\/wp-json\/wp\/v2\/product\/2482","targetHints":{"allow":["GET"]}}],"collection":[{"href":"https:\/\/nicolefragrance.se\/hr\/wp-json\/wp\/v2\/product"}],"about":[{"href":"https:\/\/nicolefragrance.se\/hr\/wp-json\/wp\/v2\/types\/product"}],"replies":[{"embeddable":true,"href":"https:\/\/nicolefragrance.se\/hr\/wp-json\/wp\/v2\/comments?post=2482"}],"version-history":[{"count":0,"href":"https:\/\/nicolefragrance.se\/hr\/wp-json\/wp\/v2\/product\/2482\/revisions"}],"wp:featuredmedia":[{"embeddable":true,"href":"https:\/\/nicolefragrance.se\/hr\/wp-json\/wp\/v2\/media\/27075"}],"wp:attachment":[{"href":"https:\/\/nicolefragrance.se\/hr\/wp-json\/wp\/v2\/media?parent=2482"}],"wp:term":[{"taxonomy":"product_brand","embeddable":true,"href":"https:\/\/nicolefragrance.se\/hr\/wp-json\/wp\/v2\/product_brand?post=2482"},{"taxonomy":"product_cat","embeddable":true,"href":"https:\/\/nicolefragrance.se\/hr\/wp-json\/wp\/v2\/product_cat?post=2482"},{"taxonomy":"product_tag","embeddable":true,"href":"https:\/\/nicolefragrance.se\/hr\/wp-json\/wp\/v2\/product_tag?post=2482"}],"curies":[{"name":"wp","href":"https:\/\/api.w.org\/{rel}","templated":true}]}}