{"id":2470,"date":"2021-03-18T19:11:03","date_gmt":"2021-03-18T18:11:03","guid":{"rendered":"https:\/\/nicolefragrance.se\/?post_type=product&#038;p=2470"},"modified":"2025-07-07T20:19:28","modified_gmt":"2025-07-07T18:19:28","slug":"calvin-klein-ck-in2u-for-her-nicole-edp","status":"publish","type":"product","link":"https:\/\/nicolefragrance.se\/hr\/proizvod\/calvin-klein-ck-in2u-for-her-nicole-edp\/","title":{"rendered":"Nicole 212 EDP inspiriran s IN2U For Her Calvin Klein"},"content":{"rendered":"<p><strong>Calvin Klein CK In2U For Her<\/strong> je mladala\u010dki cvjetni \u017eenski parfem sa orijentalnom bazom koja izra\u017eava slobodu. Sa svje\u017eim i razigranim gornjim notama grejpfruta i sicilijanskog bergamota, ovaj miris predstavlja se dahom svje\u017eine.<\/p>\n<p>Ovaj osvje\u017eavaju\u0107i \u017eenski miris otvara se notama citrusa koje odmah osvje\u017eavaju va\u0161a osjetila. Srednje note cvjetnih tonova dodaju dubinu i slo\u017eenost ovom mirisu, dok bazne note pru\u017eaju trajnost i toplinu. Lagana roze boja sastavljena od delikatnih latica cvijeta naran\u010de, slo\u017eena sa svje\u017eim \u017eirom eukaliptusa, otvara se kako bi otkrila bogato srce od aljaskog kedra.<\/p>\n<p><strong>Calvin Klein CK In2U For Her<\/strong> je oma\u017e kontrastima u \u017eenstvenosti, beskrajno raznovrsnoj i duboko kompleksnoj, poput li\u010dnosti \u017eena koje su je inspirisale.<\/p>\n<p>Kada nosite ovaj parfem, nosite miris slobode i avanturizma. <strong>CK In2U For Her<\/strong> je dubok i kompleksan miris koji odra\u017eava razli\u010dite aspekte \u017eenstvenosti. Ovaj miris je odraz raznolikosti i snage \u017eena i predstavlja oma\u017e svim nijansama \u017eenske li\u010dnosti. Kada nosite ovaj parfem, nosite miris koji vas podsje\u0107a na va\u0161u jedinstvenu snagu i kompleksnost.<\/p>\n","protected":false},"excerpt":{"rendered":"<p>Calvin Klein CK In2U For Her je mladala\u010dki cvjetni \u017eenski parfem sa orijentalnom bazom koja izra\u017eava slobodu. Ovaj miris je oma\u017e kontrastima u \u017eenstvenosti, beskrajno raznovrsnoj i duboko kompleksnoj, poput li\u010dnosti \u017eena koje su je inspirirale. Kada nosite ovaj parfem, nosite miris slobode i avanturizma.<\/p>\n","protected":false},"featured_media":27086,"comment_status":"open","ping_status":"closed","template":"","meta":{"_acf_changed":false},"product_brand":[],"product_cat":[209,186],"product_tag":[],"class_list":{"0":"post-2470","1":"product","2":"type-product","3":"status-publish","4":"has-post-thumbnail","6":"product_cat-calvin-klein-marka","7":"product_cat-za-zene","9":"first","10":"instock","11":"taxable","12":"shipping-taxable","13":"purchasable","14":"product-type-variable","15":"has-default-attributes"},"acf":[],"_links":{"self":[{"href":"https:\/\/nicolefragrance.se\/hr\/wp-json\/wp\/v2\/product\/2470","targetHints":{"allow":["GET"]}}],"collection":[{"href":"https:\/\/nicolefragrance.se\/hr\/wp-json\/wp\/v2\/product"}],"about":[{"href":"https:\/\/nicolefragrance.se\/hr\/wp-json\/wp\/v2\/types\/product"}],"replies":[{"embeddable":true,"href":"https:\/\/nicolefragrance.se\/hr\/wp-json\/wp\/v2\/comments?post=2470"}],"version-history":[{"count":0,"href":"https:\/\/nicolefragrance.se\/hr\/wp-json\/wp\/v2\/product\/2470\/revisions"}],"wp:featuredmedia":[{"embeddable":true,"href":"https:\/\/nicolefragrance.se\/hr\/wp-json\/wp\/v2\/media\/27086"}],"wp:attachment":[{"href":"https:\/\/nicolefragrance.se\/hr\/wp-json\/wp\/v2\/media?parent=2470"}],"wp:term":[{"taxonomy":"product_brand","embeddable":true,"href":"https:\/\/nicolefragrance.se\/hr\/wp-json\/wp\/v2\/product_brand?post=2470"},{"taxonomy":"product_cat","embeddable":true,"href":"https:\/\/nicolefragrance.se\/hr\/wp-json\/wp\/v2\/product_cat?post=2470"},{"taxonomy":"product_tag","embeddable":true,"href":"https:\/\/nicolefragrance.se\/hr\/wp-json\/wp\/v2\/product_tag?post=2470"}],"curies":[{"name":"wp","href":"https:\/\/api.w.org\/{rel}","templated":true}]}}