{"id":2458,"date":"2021-03-18T19:05:48","date_gmt":"2021-03-18T18:05:48","guid":{"rendered":"https:\/\/nicolefragrance.se\/?post_type=product&#038;p=2458"},"modified":"2025-07-07T20:21:13","modified_gmt":"2025-07-07T18:21:13","slug":"calvin-klein-obsessed-nicole-edp","status":"publish","type":"product","link":"https:\/\/nicolefragrance.se\/hr\/proizvod\/calvin-klein-obsessed-nicole-edp\/","title":{"rendered":"Nicole 210 EDP inspiriran s Obsessed Calvin Klein"},"content":{"rendered":"<p><strong>Calvin Klein Obsessed<\/strong> je \u017eenska verzija istoimenog parfema koji u potpunosti preplavljuje va\u0161a osjetila. Ovaj miris donosi revitalizovanu verziju ikoni\u010dnog Calvin Klein Obsession parfema, istovremeno ple\u0161u\u0107i na kartu evociranja sje\u0107anja kroz miris.<\/p>\n<p>Glavne note <strong>Calvin Klein Obsessed<\/strong> parfema uklju\u010duju citrus, mo\u0161us, neroli i \u017ealfiju. Me\u0111utim, najinteresantnija nota ovog mirisa je lavanda, koja je obi\u010dno prisutna u mu\u0161kim parfemima. Ovaj neo\u010dekivani dodatak donosi mirisu dodatnu dubinu i slo\u017eenost.<\/p>\n<p>Nose\u0107i ovaj parfem, osje\u0107ate se kao da ste ponovo otkrili ne\u0161to poznato, jer <strong>Calvin Klein Obsessed<\/strong> istovremeno spaja pro\u0161lost i sada\u0161njost, mu\u0161ko i \u017eensko, sje\u0107anja i \u017eelje.<\/p>\n<p>Srce ovog parfema otkriva hrabar i aromati\u010dan akord bijelih lavandi, obavijen u zavodljive mo\u0161use. Upotreba lavande, ina\u010de tipi\u010dnog sastojka mu\u0161kih mirisa, stvara aromati\u010dni orijentalni miris koji je inovativan i izazovan. Ova predoziranost svje\u017einom lavande ubrzava va\u0161e srce, otkrivaju\u0107i duboku privla\u010dnost koja \u017eivi u vama.<\/p>\n<p><strong>Calvin Klein Obsessed<\/strong> je miris koji \u0107e vas podsjetiti na pro\u0161le trenutke, ali \u0107e istovremeno probuditi nove strasti. osje\u0107ajte se op\u010dinjeno i samouvjereno uz ovaj miris koji se igra s vama, kao \u0161to se sje\u0107anja ple\u0161u sa va\u0161im osjetilima.<\/p>\n","protected":false},"excerpt":{"rendered":"<p>Calvin Klein Obsessed je \u017eenska verzija istoimenog parfema koji u potpunosti preplavljuje va\u0161a osjetila. Calvin Klein Obsessed for Women je miris koji \u0107e vas podsjetiti na pro\u0161le trenutke, ali \u0107e istovremeno probuditi nove strasti. osje\u0107ajte se op\u010dinjeno i samouvjereno uz ovaj miris koji se igra s vama, kao \u0161to se sje\u0107anja igraju sa va\u0161im osjetilima.<\/p>\n","protected":false},"featured_media":27097,"comment_status":"open","ping_status":"closed","template":"","meta":{"_acf_changed":false},"product_brand":[],"product_cat":[209,186],"product_tag":[],"class_list":{"0":"post-2458","1":"product","2":"type-product","3":"status-publish","4":"has-post-thumbnail","6":"product_cat-calvin-klein-marka","7":"product_cat-za-zene","9":"first","10":"instock","11":"taxable","12":"shipping-taxable","13":"purchasable","14":"product-type-variable","15":"has-default-attributes"},"acf":[],"_links":{"self":[{"href":"https:\/\/nicolefragrance.se\/hr\/wp-json\/wp\/v2\/product\/2458","targetHints":{"allow":["GET"]}}],"collection":[{"href":"https:\/\/nicolefragrance.se\/hr\/wp-json\/wp\/v2\/product"}],"about":[{"href":"https:\/\/nicolefragrance.se\/hr\/wp-json\/wp\/v2\/types\/product"}],"replies":[{"embeddable":true,"href":"https:\/\/nicolefragrance.se\/hr\/wp-json\/wp\/v2\/comments?post=2458"}],"version-history":[{"count":0,"href":"https:\/\/nicolefragrance.se\/hr\/wp-json\/wp\/v2\/product\/2458\/revisions"}],"wp:featuredmedia":[{"embeddable":true,"href":"https:\/\/nicolefragrance.se\/hr\/wp-json\/wp\/v2\/media\/27097"}],"wp:attachment":[{"href":"https:\/\/nicolefragrance.se\/hr\/wp-json\/wp\/v2\/media?parent=2458"}],"wp:term":[{"taxonomy":"product_brand","embeddable":true,"href":"https:\/\/nicolefragrance.se\/hr\/wp-json\/wp\/v2\/product_brand?post=2458"},{"taxonomy":"product_cat","embeddable":true,"href":"https:\/\/nicolefragrance.se\/hr\/wp-json\/wp\/v2\/product_cat?post=2458"},{"taxonomy":"product_tag","embeddable":true,"href":"https:\/\/nicolefragrance.se\/hr\/wp-json\/wp\/v2\/product_tag?post=2458"}],"curies":[{"name":"wp","href":"https:\/\/api.w.org\/{rel}","templated":true}]}}