{"id":2446,"date":"2021-03-18T19:00:59","date_gmt":"2021-03-18T18:00:59","guid":{"rendered":"https:\/\/nicolefragrance.se\/?post_type=product&#038;p=2446"},"modified":"2025-07-07T20:23:11","modified_gmt":"2025-07-07T18:23:11","slug":"chanel-gabrielle-nicole-edp","status":"publish","type":"product","link":"https:\/\/nicolefragrance.se\/hr\/proizvod\/chanel-gabrielle-nicole-edp\/","title":{"rendered":"Nicole 209 EDP inspiriran s Gabrielle Chanel"},"content":{"rendered":"<p><strong>Gabrielle Chanel<\/strong> je cvjetni \u017eenski miris inspiriran slobodnom i strastvenom \u017eenom. Prvi put lansiran 2017. godine, ovaj miris je stvoren za odlu\u010dnu \u017eenu koja slijedi svoje snove i nikada ne odustaje. To je svijetla i prozra\u010dna kompozicija koja vas uvodi u \u010daroban svijet cvije\u0107a.<\/p>\n<p>Parfem se otvara notama grejpfruta, mandarine i crne ribizle. Zalaze\u0107i ka srcu mirisa oktivaju se kompleksne srednje note cvijeta naran\u010de, jasmina, ilang-ilanga, tuberoze, \u0111ur\u0111evka, kru\u0161ke i ru\u017ei\u010dastog papra. U osnovi parfema dominiraju drvenaste note mo\u0161usa, sandalovine, ka\u0161mira i irisa.<\/p>\n<p>Ova cijelokupna kompozicija je \u010dista i svijetla, sa slatkim notama naran\u010de koje isti\u010du delikatnu harmoniju bijelih cvjetova. <strong>Gabrielle Chanel<\/strong> je miris koji vas okru\u017euje svje\u017einom cvjetnih nota, a istovremeno donosi toplinu i eleganciju.<\/p>\n<p><strong>Gabrielle Chanel<\/strong> je idealan miris za prolje\u0107e i ljeto. Nosite ga tijekom toplih mjeseci kako biste istakli svoju odlu\u010dnost i strast, a istovremeno zra\u010dili svje\u017einom i sofisticirano\u0161\u0107u.<\/p>\n<p>Chanel Gabrielle \u0107e vas podsjetiti da mo\u017eete biti slobodni i strastveni, istinski \u017eivjeti svoje snove i biti ono \u0161to jeste. Ovo je miris za \u017eenu koja je spremna da zauzme svoje mjesto u svijetu.<\/p>\n","protected":false},"excerpt":{"rendered":"<p>Gabrielle Chanel je miris koji vas okru\u017euje svje\u017einom cvjetnih nota, a istovremeno donosi toplinu i eleganciju. Ovaj parfem \u0107e vas podsjetiti da mo\u017eete biti slobodni i strastveni, istinski \u017eivjeti svoje snove i biti ono \u0161to jeste. Ovo je miris za \u017eenu koja je spremna zauzeti svoje mjesto u svijetu.<\/p>\n","protected":false},"featured_media":27108,"comment_status":"open","ping_status":"closed","template":"","meta":{"_acf_changed":false},"product_brand":[],"product_cat":[195,186],"product_tag":[],"class_list":{"0":"post-2446","1":"product","2":"type-product","3":"status-publish","4":"has-post-thumbnail","6":"product_cat-chanel-marka","7":"product_cat-za-zene","9":"first","10":"instock","11":"taxable","12":"shipping-taxable","13":"purchasable","14":"product-type-variable","15":"has-default-attributes"},"acf":[],"_links":{"self":[{"href":"https:\/\/nicolefragrance.se\/hr\/wp-json\/wp\/v2\/product\/2446","targetHints":{"allow":["GET"]}}],"collection":[{"href":"https:\/\/nicolefragrance.se\/hr\/wp-json\/wp\/v2\/product"}],"about":[{"href":"https:\/\/nicolefragrance.se\/hr\/wp-json\/wp\/v2\/types\/product"}],"replies":[{"embeddable":true,"href":"https:\/\/nicolefragrance.se\/hr\/wp-json\/wp\/v2\/comments?post=2446"}],"version-history":[{"count":0,"href":"https:\/\/nicolefragrance.se\/hr\/wp-json\/wp\/v2\/product\/2446\/revisions"}],"wp:featuredmedia":[{"embeddable":true,"href":"https:\/\/nicolefragrance.se\/hr\/wp-json\/wp\/v2\/media\/27108"}],"wp:attachment":[{"href":"https:\/\/nicolefragrance.se\/hr\/wp-json\/wp\/v2\/media?parent=2446"}],"wp:term":[{"taxonomy":"product_brand","embeddable":true,"href":"https:\/\/nicolefragrance.se\/hr\/wp-json\/wp\/v2\/product_brand?post=2446"},{"taxonomy":"product_cat","embeddable":true,"href":"https:\/\/nicolefragrance.se\/hr\/wp-json\/wp\/v2\/product_cat?post=2446"},{"taxonomy":"product_tag","embeddable":true,"href":"https:\/\/nicolefragrance.se\/hr\/wp-json\/wp\/v2\/product_tag?post=2446"}],"curies":[{"name":"wp","href":"https:\/\/api.w.org\/{rel}","templated":true}]}}