{"id":2422,"date":"2021-03-18T13:59:16","date_gmt":"2021-03-18T12:59:16","guid":{"rendered":"https:\/\/nicolefragrance.se\/?post_type=product&#038;p=2422"},"modified":"2025-07-07T20:26:50","modified_gmt":"2025-07-07T18:26:50","slug":"salvatore-ferragamo-uomo-signature-nicole-edp","status":"publish","type":"product","link":"https:\/\/nicolefragrance.se\/hr\/proizvod\/salvatore-ferragamo-uomo-signature-nicole-edp\/","title":{"rendered":"Nicole 3014 EDP inspiriran s Uomo Signature Salvatore Ferragamo"},"content":{"rendered":"<p><strong>Uomo Signature Salvatore Ferragamo<\/strong> je miris koji odra\u017eava mu\u017eevnost, eleganciju i sofisticiranost. Ovaj mu\u0161ki parfem, lansiran 2018. godine, donosi tamni, zavodljivi mediteranski miris savr\u0161en za ve\u010dernje izlaske i posebne prilike. U\u017eivajte u jedinstvenoj kombinaciji nota koje \u010dine ovaj parfem nezaboravnim iskustvom.<\/p>\n<p>U uvodnim notama osjetiti \u0107ete osvje\u017eavaju\u0107e tonove talijanske mandarine i so\u010dnog grejpfruta. Ove note otvaraju miris na izuzetno svje\u017e na\u010din, pripremaju\u0107i vas za dublje slojeve koji dolaze. Srednje note ovog parfema otkrivaju misterioznu dimenziju. U srcu mirisa <strong>Uomo Signature<\/strong> le\u017ee note cipresa, zelene kardamome i cimeta, stvaraju\u0107i zavodljivu i dinami\u010dnu kombinaciju. Miris poprima tajanstvenu i tamnu dubinu koja privla\u010di pa\u017enju. Baza ovog parfema je prava poslastica za osjetila. Arome kave i ko\u017ee stvaraju duboku i bogatu osnovu, pru\u017eaju\u0107i parfemu dugotrajnost i snagu. To je miris koji \u0107e ostaviti neizbrisivu senzaciju satima nakon jednog jedinog prskanja.<\/p>\n<p>Savr\u0161en za hladnije sezone, Uomo Signature je miris koji je ugodan i neodoljiv, istinski delikatan dodatak va\u0161em stilu.<\/p>\n<p><strong>Uomo Signature<\/strong> <strong>by Salvatore Ferragamo <\/strong>je ravnote\u017ea izme\u0111u tamnih i hrabrih nota, tradicije i suvremenosti. On odra\u017eava esenciju talijanske mu\u017eevnosti i sofisticiranosti. Ovaj parfem \u0107e vas obaviti toplinom i mu\u017eevnom elegancijom, \u010dine\u0107i vas neodoljivim i samopouzdanim.<\/p>\n","protected":false},"excerpt":{"rendered":"<p>Uomo Signature by Salvatore Ferragamo \u0107e vas ogrnuti toplinom i mu\u017eevnom elegancijom, \u010dine\u0107i vas neodoljivim i samopouzdanim. Ovaj parfem je ravnote\u017ea izme\u0111u tamnih i hrabrih nota, tradicije i suvremenosti. On odra\u017eava esenciju talijanske mu\u017eevnosti i sofisticiranosti. Savr\u0161en za hladnije sezone, Uomo Signature je miris koji je ugodan i neodoljiv, istinski delikatan dodatak va\u0161em stilu.<\/p>\n","protected":false},"featured_media":27131,"comment_status":"open","ping_status":"closed","template":"","meta":{"_acf_changed":false},"product_brand":[],"product_cat":[231,187],"product_tag":[],"class_list":{"0":"post-2422","1":"product","2":"type-product","3":"status-publish","4":"has-post-thumbnail","6":"product_cat-salvatore-ferragamo-marka","7":"product_cat-za-muskarce","9":"first","10":"instock","11":"taxable","12":"shipping-taxable","13":"purchasable","14":"product-type-variable","15":"has-default-attributes"},"acf":[],"_links":{"self":[{"href":"https:\/\/nicolefragrance.se\/hr\/wp-json\/wp\/v2\/product\/2422","targetHints":{"allow":["GET"]}}],"collection":[{"href":"https:\/\/nicolefragrance.se\/hr\/wp-json\/wp\/v2\/product"}],"about":[{"href":"https:\/\/nicolefragrance.se\/hr\/wp-json\/wp\/v2\/types\/product"}],"replies":[{"embeddable":true,"href":"https:\/\/nicolefragrance.se\/hr\/wp-json\/wp\/v2\/comments?post=2422"}],"version-history":[{"count":0,"href":"https:\/\/nicolefragrance.se\/hr\/wp-json\/wp\/v2\/product\/2422\/revisions"}],"wp:featuredmedia":[{"embeddable":true,"href":"https:\/\/nicolefragrance.se\/hr\/wp-json\/wp\/v2\/media\/27131"}],"wp:attachment":[{"href":"https:\/\/nicolefragrance.se\/hr\/wp-json\/wp\/v2\/media?parent=2422"}],"wp:term":[{"taxonomy":"product_brand","embeddable":true,"href":"https:\/\/nicolefragrance.se\/hr\/wp-json\/wp\/v2\/product_brand?post=2422"},{"taxonomy":"product_cat","embeddable":true,"href":"https:\/\/nicolefragrance.se\/hr\/wp-json\/wp\/v2\/product_cat?post=2422"},{"taxonomy":"product_tag","embeddable":true,"href":"https:\/\/nicolefragrance.se\/hr\/wp-json\/wp\/v2\/product_tag?post=2422"}],"curies":[{"name":"wp","href":"https:\/\/api.w.org\/{rel}","templated":true}]}}