{"id":2398,"date":"2021-03-18T13:54:46","date_gmt":"2021-03-18T12:54:46","guid":{"rendered":"https:\/\/nicolefragrance.se\/?post_type=product&#038;p=2398"},"modified":"2025-07-07T20:32:15","modified_gmt":"2025-07-07T18:32:15","slug":"calvin-klein-ck-one-nicole-edp","status":"publish","type":"product","link":"https:\/\/nicolefragrance.se\/hr\/proizvod\/calvin-klein-ck-one-nicole-edp\/","title":{"rendered":"Nicole 3012 EDP inspiriran s CK One Calvin Klein"},"content":{"rendered":"<p><strong>CK One by Calvin Klein<\/strong> je univerzalni miris koji slavi slobodu duha i inspirira vas da budete svoji. Lansiran 1994. godine kao prvi unisex parfem ovog brenda, on oli\u010dava revolucionarni duh generacije grand\u017ea.<\/p>\n<p>Ovaj miris je namijenjen kako mu\u0161karcima tako i \u017eenama, jer pripada svima. To je univerzalno privla\u010dan miris koji balansira izme\u0111u svje\u017eine i senzualnosti i mo\u017ee se nositi bilo kada tijekom dana ili no\u0107i.<\/p>\n<p>CK One je prirodno \u010dist i suvremen miris koji donosi osvje\u017eavaju\u0107i pogled na svijet. Gornje note su svijetle i \u017eivahne, kombiniraju\u0107i bergamot, kardamon, svje\u017e ananas i papaju. Srednje note sadr\u017ee posebnu aromati\u010dnu formulaciju dobijenu od jasmina, ljubi\u010dice, ru\u017ee i mu\u0161katnog ora\u0161\u010di\u0107a.<\/p>\n<p><strong>CK One by Calvin Klein<\/strong> je vjerojatno najpopularniji miris na svijetu.\u00a0 On je mnogo vi\u0161e od mirisa &#8211; to je izjava o slobodi i prihva\u0107anju razli\u010ditosti.<\/p>\n<p>Ovo je miris za sve generacije, za sve prilike, koji vas podsje\u0107a da budete svoji i slavite svoju autenti\u010dnost. <strong>CK One by Calvin Klein<\/strong> \u0107e vas obaviti svje\u017einom i senzualno\u0161\u0107u, \u010dine\u0107i da se osje\u0107ate posebno bez obzira gdje se nalazite.<\/p>\n","protected":false},"excerpt":{"rendered":"<p>CK One by Calvin Klein je unisex miris koji slavi slobodu duha i inspirira vas da budete svoji. Ovaj miris je namijenjen kako mu\u0161karcima tako i \u017eenama, jer pripada svima. To je univerzalno privla\u010dan miris koji balansira izme\u0111u svje\u017eine i senzualnosti i mo\u017ee se nositi bilo kada tijekom dana ili no\u0107i.<\/p>\n","protected":false},"featured_media":27143,"comment_status":"open","ping_status":"closed","template":"","meta":{"_acf_changed":false},"product_brand":[],"product_cat":[209,188,187,186],"product_tag":[],"class_list":{"0":"post-2398","1":"product","2":"type-product","3":"status-publish","4":"has-post-thumbnail","6":"product_cat-calvin-klein-marka","7":"product_cat-unisex","8":"product_cat-za-muskarce","9":"product_cat-za-zene","11":"first","12":"instock","13":"taxable","14":"shipping-taxable","15":"purchasable","16":"product-type-variable","17":"has-default-attributes"},"acf":[],"_links":{"self":[{"href":"https:\/\/nicolefragrance.se\/hr\/wp-json\/wp\/v2\/product\/2398","targetHints":{"allow":["GET"]}}],"collection":[{"href":"https:\/\/nicolefragrance.se\/hr\/wp-json\/wp\/v2\/product"}],"about":[{"href":"https:\/\/nicolefragrance.se\/hr\/wp-json\/wp\/v2\/types\/product"}],"replies":[{"embeddable":true,"href":"https:\/\/nicolefragrance.se\/hr\/wp-json\/wp\/v2\/comments?post=2398"}],"version-history":[{"count":0,"href":"https:\/\/nicolefragrance.se\/hr\/wp-json\/wp\/v2\/product\/2398\/revisions"}],"wp:featuredmedia":[{"embeddable":true,"href":"https:\/\/nicolefragrance.se\/hr\/wp-json\/wp\/v2\/media\/27143"}],"wp:attachment":[{"href":"https:\/\/nicolefragrance.se\/hr\/wp-json\/wp\/v2\/media?parent=2398"}],"wp:term":[{"taxonomy":"product_brand","embeddable":true,"href":"https:\/\/nicolefragrance.se\/hr\/wp-json\/wp\/v2\/product_brand?post=2398"},{"taxonomy":"product_cat","embeddable":true,"href":"https:\/\/nicolefragrance.se\/hr\/wp-json\/wp\/v2\/product_cat?post=2398"},{"taxonomy":"product_tag","embeddable":true,"href":"https:\/\/nicolefragrance.se\/hr\/wp-json\/wp\/v2\/product_tag?post=2398"}],"curies":[{"name":"wp","href":"https:\/\/api.w.org\/{rel}","templated":true}]}}